{"id":1231,"date":"2015-10-21T11:00:55","date_gmt":"2015-10-21T09:00:55","guid":{"rendered":"http:\/\/demo.powerthemes.club\/themes\/classifieds\/?page_id=1231"},"modified":"2022-01-12T13:27:11","modified_gmt":"2022-01-12T12:27:11","slug":"terminos-y-condiciones","status":"publish","type":"page","link":"https:\/\/www.hardmusic.es\/en\/terminos-y-condiciones\/","title":{"rendered":"T\u00c9RMINOS Y CONDICIONES"},"content":{"rendered":"<div data-elementor-type=\"wp-page\" data-elementor-id=\"1231\" class=\"elementor elementor-1231\">\n\t\t\t\t\t\t<section class=\"elementor-section elementor-top-section elementor-element elementor-element-4e57a49f elementor-section-stretched elementor-section-boxed elementor-section-height-default elementor-section-height-default\" data-id=\"4e57a49f\" data-element_type=\"section\" data-e-type=\"section\" data-settings=\"{&quot;stretch_section&quot;:&quot;section-stretched&quot;,&quot;background_background&quot;:&quot;classic&quot;}\">\n\t\t\t\t\t\t<div class=\"elementor-container elementor-column-gap-default\">\n\t\t\t\t\t<div class=\"elementor-column elementor-col-100 elementor-top-column elementor-element elementor-element-6c9eb73c\" data-id=\"6c9eb73c\" data-element_type=\"column\" data-e-type=\"column\">\n\t\t\t<div class=\"elementor-widget-wrap elementor-element-populated\">\n\t\t\t\t\t\t<div class=\"elementor-element elementor-element-4072913f elementor-widget elementor-widget-text-editor\" data-id=\"4072913f\" data-element_type=\"widget\" data-e-type=\"widget\" data-widget_type=\"text-editor.default\">\n\t\t\t\t<div class=\"elementor-widget-container\">\n\t\t\t\t\t\t\t\t\t<p><strong>T\u00e9rminos de Uso<\/strong><\/p><div class=\"_2cuy _3dgx _2vxa\"><a href=\"http:\/\/www.hardmusic.es\/en\/?fbclid=IwAR2eRZcC-PZIOqrIgiuczqR3Zk5itMro89xV8bbVhmU6JBAkR_bwt5ekkLQ\" target=\"_blank\" rel=\"noopener nofollow noreferrer\" data-lynx-mode=\"asynclazy\" data-lynx-uri=\"https:\/\/l.facebook.com\/l.php?u=http%3A%2F%2Fwww.hardmusic.es%2F%3Ffbclid%3DIwAR2eRZcC-PZIOqrIgiuczqR3Zk5itMro89xV8bbVhmU6JBAkR_bwt5ekkLQ&amp;h=AT1ZbOt0riVW3u0rz-kBfC-5dXCffy84rO29jbvCQZtzCQjfk84AvfYalvyEyzTNf3kIjbGYL_cH40pe8hGCHQqKDc0hPODPHQIvXpN7XIjwWpsWqroT3lDe4sWxBcH1KvQLRA\">www.hardmusic.es<\/a> Es una tienda online y marketplace especializado en compra y venta de vinilos hard &amp; dance de segunda mano de los g\u00e9neros hardcore, newstyle, us hard house, makina, jumper, dance y algunos subestilos m\u00e1s. Los usuarios pueden registrarse y crear su porpia tienda online, donde podr\u00e1n subir sus vinilos y clasificarlos por categor\u00edas individuales dependiendo del estilo del artista o el sello, adem\u00e1s podr\u00e1n a\u00f1adir una descripci\u00f3n a su tienda y subir las fotos de cada producto todo por su cuenta, descripci\u00f3n del producto, precio, precio descuento si lo desea, categoria, subcategor\u00eda, informaci\u00f3n sobre el estado del vinilo y de la portada, comentarios si tiene pegatinas en disco o portada, adem\u00e1s de a\u00f1adir sus m\u00e9todos de pago preferidos en su panel de control personal. Los usuarios una vez registrados deber\u00e1n marcar la casilla \u201cCONVERTIRSE EN VENDEDOR\u201d todos los usuarios deber\u00e1n ser aprobados por el administrador de la web y recibir\u00e1n un correo cuando ya est\u00e9n aprobados par apoder subir ya sus productos.<\/div><div class=\"_2cuy _3dgx _2vxa\">El portal web es gratis sin cuotas mensuales, ni de registro, s\u00f3lo se cobrar\u00e1 el 5 % del precio total de cada pedido vendido a cada usuario, en el momento de la venta, mientras no se venda nada, no se cobrar\u00e1 nada.<\/div><div class=\"_2cuy _3dgx _2vxa\">Reserv\u00e1ndonos el derecho de poder modificar bajo previo aviso ese porcentaje de comisiones de gesti\u00f3n para cada usuario convertido en vendedor.<\/div><p><a href=\"https:\/\/www.hardmusic.es\/en\/como-funciona-la-web\/\"><strong>VER COMO FUNCIONA LA WEB<\/strong><\/a><\/p><p><strong>\u00a0<\/strong><\/p>\t\t\t\t\t\t\t\t<\/div>\n\t\t\t\t<\/div>\n\t\t\t\t\t<\/div>\n\t\t<\/div>\n\t\t\t\t\t<\/div>\n\t\t<\/section>\n\t\t\t\t<section class=\"elementor-section elementor-top-section elementor-element elementor-element-605f4609 elementor-section-stretched elementor-section-boxed elementor-section-height-default elementor-section-height-default\" data-id=\"605f4609\" data-element_type=\"section\" data-e-type=\"section\" data-settings=\"{&quot;background_background&quot;:&quot;classic&quot;,&quot;stretch_section&quot;:&quot;section-stretched&quot;}\">\n\t\t\t\t\t\t<div class=\"elementor-container elementor-column-gap-default\">\n\t\t\t\t\t<div class=\"elementor-column elementor-col-100 elementor-top-column elementor-element elementor-element-208b8c00\" data-id=\"208b8c00\" data-element_type=\"column\" data-e-type=\"column\">\n\t\t\t<div class=\"elementor-widget-wrap elementor-element-populated\">\n\t\t\t\t\t\t<div class=\"elementor-element elementor-element-300bc5d4 elementor-shape-circle elementor-grid-0 e-grid-align-center elementor-widget elementor-widget-social-icons\" data-id=\"300bc5d4\" data-element_type=\"widget\" data-e-type=\"widget\" data-widget_type=\"social-icons.default\">\n\t\t\t\t<div class=\"elementor-widget-container\">\n\t\t\t\t\t\t\t<div class=\"elementor-social-icons-wrapper elementor-grid\" role=\"list\">\n\t\t\t\t\t\t\t<span class=\"elementor-grid-item\" role=\"listitem\">\n\t\t\t\t\t<a class=\"elementor-icon elementor-social-icon elementor-social-icon-facebook-f elementor-animation-float elementor-repeater-item-cb42c44\" href=\"https:\/\/www.facebook.com\/hardmusic.es\/\" target=\"_blank\">\n\t\t\t\t\t\t<span class=\"elementor-screen-only\">Facebook-f<\/span>\n\t\t\t\t\t\t<i aria-hidden=\"true\" class=\"fab fa-facebook-f\"><\/i>\t\t\t\t\t<\/a>\n\t\t\t\t<\/span>\n\t\t\t\t\t\t\t<span class=\"elementor-grid-item\" role=\"listitem\">\n\t\t\t\t\t<a class=\"elementor-icon elementor-social-icon elementor-social-icon-instagram elementor-animation-float elementor-repeater-item-81d78de\" href=\"https:\/\/www.facebook.com\/hardmusic.es\/\" target=\"_blank\">\n\t\t\t\t\t\t<span class=\"elementor-screen-only\">Instagram<\/span>\n\t\t\t\t\t\t<i aria-hidden=\"true\" class=\"fab fa-instagram\"><\/i>\t\t\t\t\t<\/a>\n\t\t\t\t<\/span>\n\t\t\t\t\t\t\t<span class=\"elementor-grid-item\" role=\"listitem\">\n\t\t\t\t\t<a class=\"elementor-icon elementor-social-icon elementor-social-icon-youtube elementor-animation-float elementor-repeater-item-8409027\" href=\"https:\/\/youtube.com\/channel\/UCswQAa572xt2PYdC-S7Omjw\" target=\"_blank\">\n\t\t\t\t\t\t<span class=\"elementor-screen-only\">Youtube<\/span>\n\t\t\t\t\t\t<i aria-hidden=\"true\" class=\"fab fa-youtube\"><\/i>\t\t\t\t\t<\/a>\n\t\t\t\t<\/span>\n\t\t\t\t\t\t\t<span class=\"elementor-grid-item\" role=\"listitem\">\n\t\t\t\t\t<a class=\"elementor-icon elementor-social-icon elementor-social-icon-twitter elementor-animation-float elementor-repeater-item-a7eca4d\" href=\"https:\/\/twitter.com\/HardMusicVinyls\" target=\"_blank\">\n\t\t\t\t\t\t<span class=\"elementor-screen-only\">Twitter<\/span>\n\t\t\t\t\t\t<i aria-hidden=\"true\" class=\"fab fa-twitter\"><\/i>\t\t\t\t\t<\/a>\n\t\t\t\t<\/span>\n\t\t\t\t\t<\/div>\n\t\t\t\t\t\t<\/div>\n\t\t\t\t<\/div>\n\t\t\t\t\t<\/div>\n\t\t<\/div>\n\t\t\t\t\t<\/div>\n\t\t<\/section>\n\t\t\t\t<\/div>","protected":false},"excerpt":{"rendered":"<p>T\u00e9rminos de Uso www.hardmusic.es Es una tienda online y marketplace especializado en compra y venta de vinilos hard &amp; dance de segunda mano de los g\u00e9neros hardcore, newstyle, us hard house, makina, jumper, dance y algunos subestilos m\u00e1s. Los usuarios pueden registrarse y crear su porpia tienda online, donde podr\u00e1n subir sus vinilos y clasificarlos [&hellip;]<\/p>\n","protected":false},"author":1,"featured_media":0,"parent":0,"menu_order":0,"comment_status":"closed","ping_status":"closed","template":"elementor_header_footer","meta":{"_monsterinsights_skip_tracking":false,"_monsterinsights_sitenote_active":false,"_monsterinsights_sitenote_note":"","_monsterinsights_sitenote_category":0,"footnotes":""},"class_list":["post-1231","page","type-page","status-publish","hentry"],"yoast_head":"<!-- This site is optimized with the Yoast SEO Premium plugin v15.6.2 - https:\/\/yoast.com\/wordpress\/plugins\/seo\/ -->\n<title>T\u00c9RMINOS Y CONDICIONES - HARDMUSIC.ES<\/title>\n<meta name=\"robots\" content=\"index, follow, max-snippet:-1, max-image-preview:large, max-video-preview:-1\" \/>\n<link rel=\"canonical\" href=\"https:\/\/www.hardmusic.es\/en\/terminos-y-condiciones\/\" \/>\n<meta property=\"og:locale\" content=\"en_GB\" \/>\n<meta property=\"og:type\" content=\"article\" \/>\n<meta property=\"og:title\" content=\"T\u00c9RMINOS Y CONDICIONES - HARDMUSIC.ES\" \/>\n<meta property=\"og:description\" content=\"T\u00e9rminos de Uso www.hardmusic.es Es una tienda online y marketplace especializado en compra y venta de vinilos hard &amp; dance de segunda mano de los g\u00e9neros hardcore, newstyle, us hard house, makina, jumper, dance y algunos subestilos m\u00e1s. Los usuarios pueden registrarse y crear su porpia tienda online, donde podr\u00e1n subir sus vinilos y clasificarlos [&hellip;]\" \/>\n<meta property=\"og:url\" content=\"https:\/\/www.hardmusic.es\/en\/terminos-y-condiciones\/\" \/>\n<meta property=\"og:site_name\" content=\"HARDMUSIC.ES\" \/>\n<meta property=\"article:modified_time\" content=\"2022-01-12T12:27:11+00:00\" \/>\n<meta name=\"twitter:card\" content=\"summary_large_image\" \/>\n<meta name=\"twitter:label1\" content=\"Estimated reading time\">\n\t<meta name=\"twitter:data1\" content=\"2 minutes\">\n<script type=\"application\/ld+json\" class=\"yoast-schema-graph\">{\"@context\":\"https:\/\/schema.org\",\"@graph\":[{\"@type\":\"WebSite\",\"@id\":\"https:\/\/www.hardmusic.es\/#website\",\"url\":\"https:\/\/www.hardmusic.es\/\",\"name\":\"HARDMUSIC.ES\",\"description\":\"Tienda Online y Marketplace de Vinilos Hard &amp; Dance\",\"potentialAction\":[{\"@type\":\"SearchAction\",\"target\":\"https:\/\/www.hardmusic.es\/?s={search_term_string}\",\"query-input\":\"required name=search_term_string\"}],\"inLanguage\":\"en-GB\"},{\"@type\":\"WebPage\",\"@id\":\"https:\/\/www.hardmusic.es\/terminos-y-condiciones\/#webpage\",\"url\":\"https:\/\/www.hardmusic.es\/terminos-y-condiciones\/\",\"name\":\"T\\u00c9RMINOS Y CONDICIONES - HARDMUSIC.ES\",\"isPartOf\":{\"@id\":\"https:\/\/www.hardmusic.es\/#website\"},\"datePublished\":\"2015-10-21T09:00:55+00:00\",\"dateModified\":\"2022-01-12T12:27:11+00:00\",\"inLanguage\":\"en-GB\",\"potentialAction\":[{\"@type\":\"ReadAction\",\"target\":[\"https:\/\/www.hardmusic.es\/terminos-y-condiciones\/\"]}]}]}<\/script>\n<!-- \/ Yoast SEO Premium plugin. -->","_links":{"self":[{"href":"https:\/\/www.hardmusic.es\/en\/wp-json\/wp\/v2\/pages\/1231","targetHints":{"allow":["GET"]}}],"collection":[{"href":"https:\/\/www.hardmusic.es\/en\/wp-json\/wp\/v2\/pages"}],"about":[{"href":"https:\/\/www.hardmusic.es\/en\/wp-json\/wp\/v2\/types\/page"}],"author":[{"embeddable":true,"href":"https:\/\/www.hardmusic.es\/en\/wp-json\/wp\/v2\/users\/1"}],"replies":[{"embeddable":true,"href":"https:\/\/www.hardmusic.es\/en\/wp-json\/wp\/v2\/comments?post=1231"}],"version-history":[{"count":11,"href":"https:\/\/www.hardmusic.es\/en\/wp-json\/wp\/v2\/pages\/1231\/revisions"}],"predecessor-version":[{"id":8794,"href":"https:\/\/www.hardmusic.es\/en\/wp-json\/wp\/v2\/pages\/1231\/revisions\/8794"}],"wp:attachment":[{"href":"https:\/\/www.hardmusic.es\/en\/wp-json\/wp\/v2\/media?parent=1231"}],"curies":[{"name":"wp","href":"https:\/\/api.w.org\/{rel}","templated":true}]}}