{"id":3864,"date":"2020-01-11T17:24:38","date_gmt":"2020-01-11T16:24:38","guid":{"rendered":"https:\/\/www.hardmusic.es\/?page_id=3864"},"modified":"2022-08-02T17:54:07","modified_gmt":"2022-08-02T15:54:07","slug":"registrate","status":"publish","type":"page","link":"https:\/\/www.hardmusic.es\/en\/registrate\/","title":{"rendered":"REGISTRATE"},"content":{"rendered":"\t\t<div data-elementor-type=\"wp-page\" data-elementor-id=\"3864\" class=\"elementor elementor-3864\">\n\t\t\t\t\t\t<section class=\"elementor-section elementor-top-section elementor-element elementor-element-31eb615a elementor-section-boxed elementor-section-height-default elementor-section-height-default\" data-id=\"31eb615a\" data-element_type=\"section\" data-e-type=\"section\">\n\t\t\t\t\t\t<div class=\"elementor-container elementor-column-gap-default\">\n\t\t\t\t\t<div class=\"elementor-column elementor-col-33 elementor-top-column elementor-element elementor-element-ae73d6c\" data-id=\"ae73d6c\" data-element_type=\"column\" data-e-type=\"column\">\n\t\t\t<div class=\"elementor-widget-wrap\">\n\t\t\t\t\t\t\t<\/div>\n\t\t<\/div>\n\t\t\t\t<div class=\"elementor-column elementor-col-33 elementor-top-column elementor-element elementor-element-214c2dd6\" data-id=\"214c2dd6\" data-element_type=\"column\" data-e-type=\"column\">\n\t\t\t<div class=\"elementor-widget-wrap elementor-element-populated\">\n\t\t\t\t\t\t<div class=\"elementor-element elementor-element-4b3c1819 elementor-widget elementor-widget-text-editor\" data-id=\"4b3c1819\" data-element_type=\"widget\" data-e-type=\"widget\" data-widget_type=\"text-editor.default\">\n\t\t\t\t<div class=\"elementor-widget-container\">\n\t\t\t\t\t\t\t\t\t\n<p><strong><!--noptimize--><div class=\"rmagic rm_theme_matchmytheme rm_layout_label_top\"><style><\/style><style><\/style><div class=\"rmcontent\"><pre class=\"rm-pre-wrapper-for-script-tags\"><script>\r\n                \r\nif (typeof window['rm_multipage'] == 'undefined') {\r\n\r\n    rm_multipage = {\r\n        global_page_no_form_3_1: 1\r\n    };\r\n\r\n}\r\nelse\r\n rm_multipage.global_page_no_form_3_1 = 1;\r\n\r\nfunction gotonext_form_3_1(){\r\n        \/* Making sure action attribute is empty *\/\r\n        jQuery(\"form.rmagic-form\").attr(\"action\",\"\");\r\n        maxpage = 1 ;\r\n        var form_object= jQuery(\"#rm_form_page_form_3_1_\"+rm_multipage.global_page_no_form_3_1).closest(\"form\");\r\n        var submit_btn= form_object.find(\"[type=submit]:not(.rm_noscript_btn)\");\r\n                jQuery.validator.setDefaults({errorClass: 'rm-form-field-invalid-msg',\n                                        ignore:':hidden,.ignore,:not(:visible),.rm_untouched',wrapper:'div',\n                                       errorPlacement: function(error, element) {\n                                                            \/\/error.appendTo(element.closest('.rminput'));\n                                                            error.appendTo(element.closest('div'));\n                                                          },\n                                      rules: {        \n        password: {\n            required: true,\n            minlength: 7\n        },\n        password_confirmation: {\n            required: true,\n            equalTo: \"#rm_reg_form_pw_3_1\"\n        },\n        email_confirmation: {\n            required: true,\n            equalTo: \"#rm_reg_form_email_3_1\"\n        }\n            },\n        messages: {\n        password_confirmation: {\n            equalTo: \"Tus contrase\u00f1as no coinciden. Por favor revise de nuevo.\"\n        },\n        email_confirmation: {\n            equalTo: \"Emails do not match\"\n        }\n            }\n                                    });\r\n        form_object.find('input.rm_price_field_quantity').each(function() {\r\n            if(typeof jQuery(this).attr('min') == 'undefined') {\r\n                jQuery(this).attr('min', 0);\r\n            }\r\n        });\r\n        if(form_object.find('.rm_privacy_cb').is(':visible')) {\r\n            if(!form_object.find('.rm_privacy_cb').prop('checked')){\r\n                \/\/form_object.find('.rm_privacy_cb').trigger('change');\r\n                form_object.find('.rm_privacy_cb').focus();\r\n                form_object.find('.rm_privacy_cb').parent().parent().siblings('div.rm-form-error-message').show();\r\n                return false;\r\n            }\r\n        }\r\n        if(jQuery(\"#rm_form_page_form_3_1_\"+rm_multipage.global_page_no_form_3_1+\" :input\").length > 0)\r\n        {\r\n            var elements_to_validate= jQuery(\"#rm_form_page_form_3_1_\"+rm_multipage.global_page_no_form_3_1+\" :input\");\r\n            var valid = elements_to_validate.valid();\r\n            elements_to_validate.each(function(){\r\n            var if_mobile= jQuery(this).attr('data-mobile-intel-field');\r\n            if(if_mobile){\r\n                var tel_error = rm_toggle_tel_error(this.dataset.validnumber,jQuery(this),jQuery(this).data('error-message'));\r\n                if(tel_error){\r\n                    valid= false;\r\n                }\r\n                else\r\n                {\r\n                    jQuery(this).val(this.dataset.fullnumber);\r\n                }\r\n            }\r\n            });\r\n                \r\n            if(!valid)\r\n            {\r\n                setTimeout(function(){ submit_btn.prop('disabled',false); submit_btn.addClass('rm-submit-btn-show'); }, 1000);\r\n                var error_element= jQuery(document).find(\"input.rm-form-field-invalid-msg\")[0];\r\n                if(error_element){\r\n                    error_element.focus();\r\n                }\r\n                return false;\r\n            }\r\n        }\r\n        \r\n        \/* Server validation for Username and Email field *\/\r\n        for(var i=0;i<rm_validation_attr.length;i++){\r\n            var validation_flag= true;\r\n            jQuery(\"[\" + rm_validation_attr[i] + \"=0]\").each(function(){\r\n               validation_flag= false;\r\n               return false;\r\n            });\r\n            \r\n            if(!validation_flag)\r\n              return;\r\n        }\r\n        \r\n        \r\n        rm_multipage.global_page_no_form_3_1++;\r\n        \r\n        \/*skip blank form pages*\/\r\n        while(jQuery(\"#rm_form_page_form_3_1_\"+rm_multipage.global_page_no_form_3_1+\" :input\").length == 0)\r\n        {\r\n        \r\n            if(maxpage <= rm_multipage.global_page_no_form_3_1)\r\n            {\r\n                    if(jQuery(\"#rm_form_page_form_3_1_\"+rm_multipage.global_page_no_form_3_1+\" :input\").length == 0){\r\n                        jQuery(\"#rm_next_form_page_button_3_1\").prop('type','submit');\r\n                        jQuery(\"#rm_prev_form_page_button_3_1\").prop('disabled',true);\r\n                        return;\r\n                    }        \r\n                    else\r\n                        break;\r\n            }\r\n        \r\n            rm_multipage.global_page_no_form_3_1++;\r\n        }\r\n            \r\n\t\r\n\tif(maxpage < rm_multipage.global_page_no_form_3_1)\r\n\t{\r\n\t\trm_multipage.global_page_no_form_3_1 = maxpage;\r\n\t\tjQuery(\"#rm_next_form_page_button_3_1\").prop('type','submit');\r\n                jQuery(\"#rm_prev_form_page_button_3_1\").prop('disabled',true);\r\n\t\treturn;\r\n\t}\r\n\tjQuery(\".rmformpage_form_3_1\").each(function (){\r\n\t\tvar visibledivid = \"rm_form_page_form_3_1_\"+rm_multipage.global_page_no_form_3_1;\r\n\t\tif(jQuery(this).attr('id') == visibledivid)\r\n\t\t\tjQuery(this).show();\r\n\t\telse\r\n\t\t\tjQuery(this).hide();\r\n\t});\r\n        jQuery('html, body').animate({\r\n            scrollTop: (jQuery('.rmformpage_form_3_1').first().offset().top)\r\n        },500);\r\n        jQuery(\"#rm_prev_form_page_button_3_1\").prop('disabled',false);\r\n        rmInitGoogleApi();\r\n}\r\nfunction gotoprev_form_3_1(){\r\n\t\r\n\tmaxpage = 1 ;\r\n        var form_object= jQuery(\"#rm_form_page_form_3_1_\"+rm_multipage.global_page_no_form_3_1).closest(\"form\");\r\n\trm_multipage.global_page_no_form_3_1--;\r\n        jQuery(\"#rm_next_form_page_button_3_1\").attr('type','button');\r\n        \/*\r\n        if(form_object.find('.rm_privacy_cb').is(':visible')) {\r\n            if(!form_object.find('.rm_privacy_cb').prop('checked')){\r\n                \/\/form_object.find('.rm_privacy_cb').trigger('change');\r\n                form_object.find('.rm_privacy_cb').focus();\r\n                form_object.find('.rm_privacy_cb').parent().parent().siblings('div.rm-form-error-message').show();\r\n                return false;\r\n            }\r\n        }\r\n        *\/\r\n        \/*skip blank form pages*\/\r\n        while(jQuery(\"#rm_form_page_form_3_1_\"+rm_multipage.global_page_no_form_3_1+\" :input\").length == 0)\r\n        {\r\n            if(1 >= rm_multipage.global_page_no_form_3_1)\r\n            {\r\n                    if(jQuery(\"#rm_form_page_form_3_1_\"+rm_multipage.global_page_no_form_3_1+\" :input\").length == 0){\r\n                        rm_multipage.global_page_no_form_3_1 = 1;\r\n                        jQuery(\"#rm_prev_form_page_button_3_1\").prop('disabled',true);\r\n                        return;\r\n                    }        \r\n                    else\r\n                        break;\r\n            }\r\n        \r\n            rm_multipage.global_page_no_form_3_1--;\r\n        }\r\n        \r\n\tjQuery(\".rmformpage_form_3_1\").each(function (){\r\n\t\tvar visibledivid = \"rm_form_page_form_3_1_\"+rm_multipage.global_page_no_form_3_1;\r\n\t\tif(jQuery(this).attr('id') == visibledivid)\r\n\t\t\tjQuery(this).show();\r\n\t\telse\r\n\t\t\tjQuery(this).hide();\r\n\t});\r\n        \r\n        if(rm_multipage.global_page_no_form_3_1 <= 1)\r\n        {\r\n            rm_multipage.global_page_no_form_3_1 = 1;\r\n            jQuery(\"#rm_prev_form_page_button_3_1\").prop('disabled',true);\r\n        }\r\n        jQuery('html, body').animate({\r\n            scrollTop: (jQuery('.rmformpage_form_3_1').first().offset().top)\r\n        },500);\r\n}         \r\n<\/script><\/pre><style type=\"text\/css\">label span.required { color: #B94A48; }span.help-inline, span.help-block { color: #888; font-size: .9em; font-style: italic; }<\/style><form novalidate onsubmit=\"return gotonext_form_3_1()\" autocomplete=\"off\"  action id=\"form_3_1\" method=\"post\" class=\"rmagic-form rmagic-form-btn-center form-horizontal\" name=\"rm_form\" number=\"1\"><fieldset><input type=\"hidden\" name=\"rm_form_sub_id\" value=form_3_1><input type=\"hidden\" name=\"rm_form_sub_no\" value=1><input type=\"hidden\" name=\"rm_cond_hidden_fields\" id=\"rm_cond_hidden_fields\" value=\"\"><div id=\"rm_stat_container\" style=\"display:none\"><div class=\"rmrow\"><div class=\"rmfield\" for=\"form_3_1-element-1\" style=\"\"><label>RM_Stats<\/label><\/div><div class=\"rminput\"><input type=\"text\" name=\"stat_id\" value=\"__uninit\" style=\"display:none\" id=\"form_3_1-element-1\"\/><\/div><\/div><\/div><div class=\"rm_form_page rmformpage_form_3_1\" id=\"rm_form_page_form_3_1_1\"><fieldset class='rmfieldset'><div class=\"rmrow\"><div class=\"rmfield\" for=\"form_3_1-element-5\" style=\"\"><label><span><i class=\"material-icons rm_front_field_icon\" style=\"padding:3px;font-size:18px;color:#000000;background-color:#FFFFFF;border-radius:100px\" id=\"id_show_selected_icon\" data-opacity=\"1\">&#xe853;<\/i><\/span>Nombre de Usuario<sup class=\"required\">&nbsp;*<\/sup><\/label><\/div><div class=\"rminput\"><input type=\"text\" name=\"username\" placeholder=\"Nombre de Usuario\" required id=\"form_3_1-element-5\"\/><\/div><\/div><div class=\"rmrow\"><div class=\"rmfield\" for=\"form_3_1-element-6\" style=\"\"><label>Nombre<sup class=\"required\">&nbsp;*<\/sup><\/label><\/div><div class=\"rminput\"><input type=\"text\" name=\"Fname_18\" placeholder=\"Nombre\" required id=\"form_3_1-element-6\"\/><\/div><\/div><div class=\"rmrow\"><div class=\"rmfield\" for=\"form_3_1-element-7\" style=\"\"><label>Apellidos<sup class=\"required\">&nbsp;*<\/sup><\/label><\/div><div class=\"rminput\"><input type=\"text\" name=\"Textbox_19\" placeholder=\"Apellidos\" required id=\"form_3_1-element-7\"\/><\/div><\/div><div class=\"rmrow\"><div class=\"rmfield\" for=\"rm_reg_form_email_3_1\" style=\"\"><label>Email<sup class=\"required\">&nbsp;*<\/sup><\/label><\/div><div class=\"rminput\"><input type=\"email\" name=\"Email_14\" placeholder=\"Email\" required id=\"rm_reg_form_email_3_1\"\/><\/div><div class=\"rmnote\"><div class=\"rmprenote\"><\/div><div class=\"rmnotecontent\">Email<\/div><\/div><\/div><div class=\"rmrow\"><div class=\"rmfield\" for=\"rm_mobile_22_3_1\" style=\"\"><label>N\u00famero M\u00f3vil<sup class=\"required\">&nbsp;*<\/sup><\/label><\/div><div class=\"rminput\"><input type=\"text\" name=\"Mobile_22\" placeholder=\"Esto no parece ser un n\u00famero m\u00f3vil v\u00e1lido.\" required id=\"rm_mobile_22_3_1\" data-error-message=\"Esto no parece ser un n\u00famero m\u00f3vil v\u00e1lido.\" data-mobile-intel-field=\"1\"\/><\/div><\/div><div class=\"rmrow\"><div class=\"rmfield\" for=\"rm_reg_form_pw_3_1\" style=\"\"><label>Contrase\u00f1a<sup class=\"required\">&nbsp;*<\/sup><\/label><\/div><div class=\"rminput\"><input type=\"password\" name=\"pwd\" placeholder=\"Contrase\u00f1a\" required id=\"rm_reg_form_pw_3_1\" minlength=\"7\" data-confirmpasspos=\"right\"\/><\/div><div class=\"rmnote\"><div class=\"rmprenote\"><\/div><div class=\"rmnotecontent\">La contrase\u00f1a debe tener al menos 7 caracteres de longitud.<\/div><\/div><\/div><div class=\"rmrow\"><div class=\"rmfield\" for=\"rm_reg_form_pw_reentry\" style=\"\"><label>Enter password again<sup class=\"required\">&nbsp;*<\/sup><\/label><\/div><div class=\"rminput\"><input type=\"password\" name=\"password_confirmation\" placeholder=\"Repeat your password\" required id=\"rm_reg_form_pw_reentry\" data-confirmpasspos=\"right\"\/><\/div><div class=\"rmnote\"><div class=\"rmprenote\"><\/div><div class=\"rmnotecontent\">La contrase\u00f1a debe tener al menos 7 caracteres de longitud.<\/div><\/div><\/div><div class=\"rmrow\"><div class=\"rmfield\" for=\"form_3_1-element-12\" style=\"\"><label>Provincia \/ Estado<sup class=\"required\">&nbsp;*<\/sup><\/label><\/div><div class=\"rminput\"><input type=\"text\" name=\"Textbox_33\" placeholder=\"Provincia \/ Estado\" required id=\"form_3_1-element-12\"\/><\/div><div class=\"rmnote\"><div class=\"rmprenote\"><\/div><div class=\"rmnotecontent\">Provincia \/ Estado<\/div><\/div><\/div><div class=\"rmrow\"><div class=\"rmfield\" for=\"form_3_1-element-13\" style=\"\"><label>Pa\u00eds<sup class=\"required\">&nbsp;*<\/sup><\/label><\/div><div class=\"rminput\"><input type=\"text\" name=\"Textbox_32\" placeholder=\"Pa\u00eds\" required id=\"form_3_1-element-13\"\/><\/div><div class=\"rmnote\"><div class=\"rmprenote\"><\/div><div class=\"rmnotecontent\">Pa\u00eds<\/div><\/div><\/div><div class=\"rmrow\"><div class=\"rmfield\" for=\"form_3_1-element-14\" style=\"\"><label>Aceptar t\u00e9rminos y condiciones<\/label><\/div><div class=\"rminput\"><div id='rm_terms_textarea' class='rm_terms_textarea'><textarea  onscroll='' readonly  id='rm_terms_area_Terms_17' class='rm_terms_area'>Acepto que he le\u00eddo y comprendido los siguientes T\u00e9rminos y Condiciones de Uso,\r\ny al hacer click en el recuadro y seleccionar \u201cAceptar\u201d, as\u00ed como utilizar el presente\r\nservicio, dejo constancia expresa que los acepto de manera libre y consciente\r\nhabiendo de mi parte revisado satisfactoriamente la informaci\u00f3n la cual considero\r\nadecuada y suficiente.<\/textarea><\/div><div class='rm_terms_checkbox'><input   value='on' type='checkbox' rows=\"5\" name=\"Terms_17\" id=\"form_3_1-element-14\" class='rm_check_box'><\/div><\/div><\/div><\/fieldset><\/div><div class=\"buttonarea\"><input   type=\"submit\" value=\"Enviar\" name=\"rm_sb_btn\" id=\"rm_next_form_page_button_3_1\" class=\"rm_next_btn rm-btn rm-btn-primary button button-primary\"\/> <input   type=\"submit\" value=\"Enviar\" name=\"rm_sb_btn\" class=\"rm_noscript_btn rm-btn rm-btn-primary button button-primary\" id=\"form_3_1-element-18\"\/><\/div><\/fieldset><\/form><pre class=\"rm-pre-wrapper-for-script-tags\"><script type=\"text\/javascript\">jQuery(document).ready(function() {\t\tjQuery(\"#form_3_1\").bind(\"submit\", function(){\n                        \/\/jQuery(this).find(\"input[name=rm_slug]\").attr(\"value\",jQuery(this).find(\"input[name=submit]\").attr(\"value\"));\n\t\t\tjQuery(this).find(\"input[type=submit]\").attr(\"disabled\", \"disabled\"); \n\t\t});jQuery('#form_3_1-element-5').change(function(){\n                var data = {\n                    'action': 'rm_user_exists',\n                    'rm_sec_nonce': 'b719419ec6',\n                    'rm_slug': 'rm_user_exists',\n                    'username': jQuery(this).val(),\n                    'attr': 'data-rm-valid-username',\n                    'form_id': '3'\n                };\n                rm_user_exists(this,rm_ajax_url,data,'This username has already been taken. Please try again with a different username.');\n                });\n                        \n                   \n                   jQuery(\"#rm_reg_form_email_3_1\").change(function(){\n                   var data = {\n                           'action': 'rm_user_exists',\n                           'rm_sec_nonce': 'b719419ec6',\n                           'rm_slug': 'rm_user_exists',\n                           'email': jQuery(this).val(),\n                           'attr': 'data-rm-valid-email',\n                           'form_id':\"3\"\n                   };\n                   \n                   rm_user_exists(this,rm_ajax_url,data);\n                  \n                 });\n           }); <\/script><\/pre>        <noscript>\n            <div class=\"rm-js-disabled\"><b>Note: It looks like JavaScript is disabled in your browser. Some elements of this form may require JavaScript to work properly. If you have trouble submitting the form, try enabling JavaScript momentarily and resubmit. JavaScript settings are usually found in Browser Settings or Browser Developer menu.<\/b><\/div>\n            <style>\n                .rm_next_btn {display:none !important}\n                .rm_noscript_btn {display: block !important}\n            <\/style>\n        <\/noscript>\n    <\/div><\/div><!--\/noptimize--><\/strong><\/p>\n\t\t\t\t\t\t\t\t<\/div>\n\t\t\t\t<\/div>\n\t\t\t\t\t<\/div>\n\t\t<\/div>\n\t\t\t\t<div class=\"elementor-column elementor-col-33 elementor-top-column elementor-element elementor-element-53458f2\" data-id=\"53458f2\" data-element_type=\"column\" data-e-type=\"column\">\n\t\t\t<div class=\"elementor-widget-wrap\">\n\t\t\t\t\t\t\t<\/div>\n\t\t<\/div>\n\t\t\t\t\t<\/div>\n\t\t<\/section>\n\t\t\t\t<\/div>\n\t\t","protected":false},"excerpt":{"rendered":"RM_Stats&#xe853;Nombre de Usuario&nbsp;*Nombre&nbsp;*Apellidos&nbsp;*Email&nbsp;*EmailN\u00famero M\u00f3vil&nbsp;*Contrase\u00f1a&nbsp;*La contrase\u00f1a debe tener al menos 7 caracteres de longitud.Enter password again&nbsp;*La contrase\u00f1a debe tener al menos 7 caracteres de longitud.Provincia \/ Estado&nbsp;*Provincia \/ EstadoPa\u00eds&nbsp;*Pa\u00edsAceptar t\u00e9rminos y condicionesAcepto que he le\u00eddo y comprendido los siguientes T\u00e9rminos y Condiciones de Uso, y al hacer click en el recuadro y seleccionar \u201cAceptar\u201d, as\u00ed como [...]","protected":false},"author":1,"featured_media":0,"parent":0,"menu_order":0,"comment_status":"closed","ping_status":"closed","template":"","meta":{"_monsterinsights_skip_tracking":false,"_monsterinsights_sitenote_active":false,"_monsterinsights_sitenote_note":"","_monsterinsights_sitenote_category":0,"footnotes":""},"class_list":["post-3864","page","type-page","status-publish","hentry"],"yoast_head":"<!-- This site is optimized with the Yoast SEO Premium plugin v15.6.2 - https:\/\/yoast.com\/wordpress\/plugins\/seo\/ -->\n<title>REGISTRATE - HARDMUSIC.ES<\/title>\n<meta name=\"robots\" content=\"index, follow, max-snippet:-1, max-image-preview:large, max-video-preview:-1\" \/>\n<link rel=\"canonical\" href=\"https:\/\/www.hardmusic.es\/en\/registrate\/\" \/>\n<meta property=\"og:locale\" content=\"en_GB\" \/>\n<meta property=\"og:type\" content=\"article\" \/>\n<meta property=\"og:title\" content=\"REGISTRATE - HARDMUSIC.ES\" \/>\n<meta property=\"og:url\" content=\"https:\/\/www.hardmusic.es\/en\/registrate\/\" \/>\n<meta property=\"og:site_name\" content=\"HARDMUSIC.ES\" \/>\n<meta property=\"article:modified_time\" content=\"2022-08-02T15:54:07+00:00\" \/>\n<meta name=\"twitter:card\" content=\"summary_large_image\" \/>\n<meta name=\"twitter:label1\" content=\"Estimated reading time\">\n\t<meta name=\"twitter:data1\" content=\"1 minute\">\n<script type=\"application\/ld+json\" class=\"yoast-schema-graph\">{\"@context\":\"https:\/\/schema.org\",\"@graph\":[{\"@type\":\"WebSite\",\"@id\":\"https:\/\/www.hardmusic.es\/#website\",\"url\":\"https:\/\/www.hardmusic.es\/\",\"name\":\"HARDMUSIC.ES\",\"description\":\"Tienda Online y Marketplace de Vinilos Hard &amp; Dance\",\"potentialAction\":[{\"@type\":\"SearchAction\",\"target\":\"https:\/\/www.hardmusic.es\/?s={search_term_string}\",\"query-input\":\"required name=search_term_string\"}],\"inLanguage\":\"en-GB\"},{\"@type\":\"WebPage\",\"@id\":\"https:\/\/www.hardmusic.es\/registrate\/#webpage\",\"url\":\"https:\/\/www.hardmusic.es\/registrate\/\",\"name\":\"REGISTRATE - HARDMUSIC.ES\",\"isPartOf\":{\"@id\":\"https:\/\/www.hardmusic.es\/#website\"},\"datePublished\":\"2020-01-11T16:24:38+00:00\",\"dateModified\":\"2022-08-02T15:54:07+00:00\",\"inLanguage\":\"en-GB\",\"potentialAction\":[{\"@type\":\"ReadAction\",\"target\":[\"https:\/\/www.hardmusic.es\/registrate\/\"]}]}]}<\/script>\n<!-- \/ Yoast SEO Premium plugin. -->","_links":{"self":[{"href":"https:\/\/www.hardmusic.es\/en\/wp-json\/wp\/v2\/pages\/3864","targetHints":{"allow":["GET"]}}],"collection":[{"href":"https:\/\/www.hardmusic.es\/en\/wp-json\/wp\/v2\/pages"}],"about":[{"href":"https:\/\/www.hardmusic.es\/en\/wp-json\/wp\/v2\/types\/page"}],"author":[{"embeddable":true,"href":"https:\/\/www.hardmusic.es\/en\/wp-json\/wp\/v2\/users\/1"}],"replies":[{"embeddable":true,"href":"https:\/\/www.hardmusic.es\/en\/wp-json\/wp\/v2\/comments?post=3864"}],"version-history":[{"count":5,"href":"https:\/\/www.hardmusic.es\/en\/wp-json\/wp\/v2\/pages\/3864\/revisions"}],"predecessor-version":[{"id":15635,"href":"https:\/\/www.hardmusic.es\/en\/wp-json\/wp\/v2\/pages\/3864\/revisions\/15635"}],"wp:attachment":[{"href":"https:\/\/www.hardmusic.es\/en\/wp-json\/wp\/v2\/media?parent=3864"}],"curies":[{"name":"wp","href":"https:\/\/api.w.org\/{rel}","templated":true}]}}