{"id":4034,"date":"2020-01-16T13:32:48","date_gmt":"2020-01-16T12:32:48","guid":{"rendered":"https:\/\/www.hardmusic.es\/?page_id=4034"},"modified":"2020-01-16T13:45:56","modified_gmt":"2020-01-16T12:45:56","slug":"sello-elite-records","status":"publish","type":"page","link":"https:\/\/www.hardmusic.es\/en\/sello-elite-records\/","title":{"rendered":"SELLO ELITE RECORDS"},"content":{"rendered":"<section id=\"section-be92524a-58f1-4c9e-87d5-d96397237291\" class=\"wp-block-gutentor-author-profile gutentor-section  gutentor-author author-profile-template1 has-color-bg has-custom-bg bp-section bp-author\"><style>\n#section-be92524a-58f1-4c9e-87d5-d96397237291 .gutentor-section-title .gutentor-title{\n\n\ncolor: #091e42;\nfont-family: Work Sans;font-size: 24px;font-weight: 800;\n}\n@media only screen and (min-width: 768px) {\n#section-be92524a-58f1-4c9e-87d5-d96397237291 .gutentor-section-title .gutentor-title{\n\n\nfont-size: 32px;\n}\n}\n@media only screen and (min-width: 992px) {\n#section-be92524a-58f1-4c9e-87d5-d96397237291 .gutentor-section-title .gutentor-title{\n\n\n\n}\n}\n#section-be92524a-58f1-4c9e-87d5-d96397237291 .gutentor-grid-item-wrap{\nmargin: 30px 0px 0px 0px;\n\n}\n@media only screen and (min-width: 768px) {\n#section-be92524a-58f1-4c9e-87d5-d96397237291 .gutentor-grid-item-wrap{\n\n\n}\n}\n@media only screen and (min-width: 992px) {\n#section-be92524a-58f1-4c9e-87d5-d96397237291 .gutentor-grid-item-wrap{\nmargin: 60px 0px 0px 0px;\n\n}\n}\n#section-be92524a-58f1-4c9e-87d5-d96397237291 .gutentor-single-item .gutentor-single-item-title,\n            #section-be92524a-58f1-4c9e-87d5-d96397237291 .gutentor-single-item .gutentor-single-item-title a{\ncolor: #091e42;\nfont-family: Work Sans;font-size: 24px;font-weight: 600;\n\n\n}\n#section-be92524a-58f1-4c9e-87d5-d96397237291 .gutentor-single-item:hover .gutentor-single-item-title,\n            #section-be92524a-58f1-4c9e-87d5-d96397237291 .gutentor-single-item:hover .gutentor-single-item-title a{\n\n}\n@media only screen and (min-width: 768px) {\n#section-be92524a-58f1-4c9e-87d5-d96397237291 .gutentor-single-item .gutentor-single-item-title,\n                 #section-be92524a-58f1-4c9e-87d5-d96397237291 .gutentor-single-item .gutentor-single-item-title a{\nfont-size: 28px;\n\n\n}\n}\n@media only screen and (min-width: 992px) {\n#section-be92524a-58f1-4c9e-87d5-d96397237291 .gutentor-single-item .gutentor-single-item-title,\n                #section-be92524a-58f1-4c9e-87d5-d96397237291 .gutentor-single-item .gutentor-single-item-title a{\n\n\n\n}\n}\n#section-be92524a-58f1-4c9e-87d5-d96397237291{\n\n\n\nbackground-color: rgba(255, 255, 255, 1);\n\n\n\npadding: 40px 0px 40px 0px;\n}\n#section-be92524a-58f1-4c9e-87d5-d96397237291 .gutentor-block-shape-top svg path,\n            #section-be92524a-58f1-4c9e-87d5-d96397237291 .gutentor-block-shape-top svg polygon{\n\n}\n#section-be92524a-58f1-4c9e-87d5-d96397237291 .gutentor-block-shape-bottom svg path,\n              #section-be92524a-58f1-4c9e-87d5-d96397237291 .gutentor-block-shape-bottom svg polygon{\n\n}\n#section-be92524a-58f1-4c9e-87d5-d96397237291 .gutentor-block-shape-top svg{\n}\n#section-be92524a-58f1-4c9e-87d5-d96397237291 .gutentor-block-shape-top svg{\n}\n#section-be92524a-58f1-4c9e-87d5-d96397237291 .gutentor-block-shape-bottom svg{\n}\n#section-be92524a-58f1-4c9e-87d5-d96397237291 .gutentor-block-shape-bottom svg{\n}\n#section-be92524a-58f1-4c9e-87d5-d96397237291:hover{\n\n}\n\n@media only screen and (min-width: 768px) {\n#section-be92524a-58f1-4c9e-87d5-d96397237291{\n\n\n\npadding: 80px 0px 80px 0px;\n\n}\n#section-be92524a-58f1-4c9e-87d5-d96397237291 .gutentor-block-shape-top svg{\n}\n#section-be92524a-58f1-4c9e-87d5-d96397237291 .gutentor-block-shape-top svg{\n}\n#section-be92524a-58f1-4c9e-87d5-d96397237291 .gutentor-block-shape-bottom svg{\n}\n#section-be92524a-58f1-4c9e-87d5-d96397237291 .gutentor-block-shape-bottom svg{\n}\n}\n@media only screen and (min-width: 992px) {\n#section-be92524a-58f1-4c9e-87d5-d96397237291{\n\n\n\n\npadding: 100px 0px 100px 0px;\n}\n#section-be92524a-58f1-4c9e-87d5-d96397237291 .gutentor-block-shape-top svg{\n}\n#section-be92524a-58f1-4c9e-87d5-d96397237291 .gutentor-block-shape-top svg{\n}\n#section-be92524a-58f1-4c9e-87d5-d96397237291 .gutentor-block-shape-bottom svg{\n}\n#section-be92524a-58f1-4c9e-87d5-d96397237291 .gutentor-block-shape-bottom svg{\n}\n}\n\n#section-be92524a-58f1-4c9e-87d5-d96397237291 .gutentor-single-item .gutentor-single-item-image-box .overlay{\n\n}\n#section-be92524a-58f1-4c9e-87d5-d96397237291 .gutentor-single-item:hover .gutentor-single-item-image-box .overlay{\n\n}\n#section-be92524a-58f1-4c9e-87d5-d96397237291 .gutentor-single-item .gutentor-single-item-designation{\ncolor: #838b9e;\nfont-family: Lato;font-size: 16px;font-weight: 400;\n}\n#section-be92524a-58f1-4c9e-87d5-d96397237291 .gutentor-single-item:hover .gutentor-single-item-designation{\n\n}\n#section-be92524a-58f1-4c9e-87d5-d96397237291 .gutentor-single-item .gutentor-single-item-designation{\n\n\n}\n@media only screen and (min-width: 768px) {\n#section-be92524a-58f1-4c9e-87d5-d96397237291 .gutentor-single-item .gutentor-single-item-designation{\n\n}\n#section-be92524a-58f1-4c9e-87d5-d96397237291 .gutentor-section-designation{\n\n\n}\n}\n@media only screen and (min-width: 992px) {\n#section-be92524a-58f1-4c9e-87d5-d96397237291 .gutentor-single-item .gutentor-single-item-designation{\n\n}\n#section-be92524a-58f1-4c9e-87d5-d96397237291 .gutentor-single-item .gutentor-single-item-designation{\n\n\n}\n}\n#section-be92524a-58f1-4c9e-87d5-d96397237291 .gutentor-single-item{\n\n\n\n\n\n}\n#section-be92524a-58f1-4c9e-87d5-d96397237291 .gutentor-single-item:hover{\n\n\n}\n@media only screen and (min-width: 768px) {\n#section-be92524a-58f1-4c9e-87d5-d96397237291 .gutentor-single-item {\n\n\n}\n}\n@media only screen and (min-width: 992px) {\n#section-be92524a-58f1-4c9e-87d5-d96397237291 .gutentor-single-item {\n\n\n}\n}\n#section-be92524a-58f1-4c9e-87d5-d96397237291 .gutentor-single-item .gutentor-single-item-desc{\ncolor: #838b9e;\nfont-family: Lato;font-size: 16px;font-weight: 400;line-height: 1.5;\n\n\n}\n#section-be92524a-58f1-4c9e-87d5-d96397237291 .gutentor-single-item:hover .gutentor-single-item-desc{\n\n}\n@media only screen and (min-width: 768px) {\n#section-be92524a-58f1-4c9e-87d5-d96397237291 .gutentor-single-item .gutentor-single-item-desc{\nfont-size: 18px;\n\n\n}\n}\n@media only screen and (min-width: 992px) {\n#section-be92524a-58f1-4c9e-87d5-d96397237291 .gutentor-single-item .gutentor-single-item-desc{\n\n\n\n}\n}\n#section-be92524a-58f1-4c9e-87d5-d96397237291 .gutentor-single-item-image-box{\n\n\n}\n@media only screen and (min-width: 768px) {\n#section-be92524a-58f1-4c9e-87d5-d96397237291 .gutentor-single-item-image-box{\n\n\n}\n}\n@media only screen and (min-width: 992px) {\n#section-be92524a-58f1-4c9e-87d5-d96397237291 .gutentor-single-item-image-box{\n\n\n}\n}<\/style><div class=\"grid-container\"><div class=\"gutentor-block-header\"><div class=\"gutentor-section-title enable-title-design seperator-bottom text-center\"><h2 class=\"gutentor-title\">ELITE RECORDS<\/h2><\/div><\/div><div class=\"gutentor-grid-item-wrap\"><div class=\"gutentor-single-item\"><div class=\"gutentor-single-item-content\"><div class=\"gutentor-single-item-image-box\"><div class=\"gutentor-image-thumb\"><img decoding=\"async\" class=\"normal-image\" src=\"https:\/\/www.hardmusic.es\/wp-content\/uploads\/2020\/01\/ELITE-RECORDS-512-X-512-PX.jpg\" alt=\"\"\/><\/div><\/div><div class=\"gutentor-author-content\"><div class=\"gutentor-author-detail\"><h3 class=\"gutentor-single-item-title\"> Elite Records<\/h3><p class=\"gutentor-single-item-designation\"><\/p><\/div><div class=\"gutentor-single-item-desc\"><p class=\"gutentor-single-item-desc\">Sello independiente espa\u00f1ol creado en 2003 por el d\u00fao productor DJ Richard &amp; Johnny Bass despu\u00e9s de dejar Vale Music en ese a\u00f1o. <br>Estilos: Trance vocal, Trance. <br>La subetiqueta &#8220;Crazy Records&#8221; es para m\u00fasica Hard House y &#8220;Elite Old&#8221; para viejas producciones de Makina. <br>Subsellos Crazy Records , Elite Old Sello Matriz: M\u00fasica adicta<br>Informaci\u00f3n de contacto: Nuestra Se\u00f1ora de los Angeles 6 Local 08921 Santa Coloma de Gramanet, Barcelona Espa\u00f1a Tlf. (+34) 934664133 sistema3@menta.net <br><br> <\/p><\/div><\/div><\/div><\/div><\/div><\/div><\/section>","protected":false},"excerpt":{"rendered":"ELITE RECORDS Elite RecordsSello independiente espa\u00f1ol creado en 2003 por el d\u00fao productor DJ Richard &amp; Johnny Bass despu\u00e9s de dejar Vale Music en ese a\u00f1o. Estilos: Trance vocal, Trance. La subetiqueta \"Crazy Records\" es para m\u00fasica Hard House y \"Elite Old\" para viejas producciones de Makina. Subsellos Crazy Records , Elite Old Sello Matriz: [...]","protected":false},"author":1,"featured_media":0,"parent":0,"menu_order":0,"comment_status":"closed","ping_status":"closed","template":"","meta":{"_monsterinsights_skip_tracking":false,"_monsterinsights_sitenote_active":false,"_monsterinsights_sitenote_note":"","_monsterinsights_sitenote_category":0,"footnotes":""},"class_list":["post-4034","page","type-page","status-publish","hentry"],"yoast_head":"<!-- This site is optimized with the Yoast SEO Premium plugin v15.6.2 - https:\/\/yoast.com\/wordpress\/plugins\/seo\/ -->\n<title>SELLO ELITE RECORDS - HARDMUSIC.ES<\/title>\n<meta name=\"robots\" content=\"index, follow, max-snippet:-1, max-image-preview:large, max-video-preview:-1\" \/>\n<link rel=\"canonical\" href=\"https:\/\/www.hardmusic.es\/en\/sello-elite-records\/\" \/>\n<meta property=\"og:locale\" content=\"en_GB\" \/>\n<meta property=\"og:type\" content=\"article\" \/>\n<meta property=\"og:title\" content=\"SELLO ELITE RECORDS - HARDMUSIC.ES\" \/>\n<meta property=\"og:url\" content=\"https:\/\/www.hardmusic.es\/en\/sello-elite-records\/\" \/>\n<meta property=\"og:site_name\" content=\"HARDMUSIC.ES\" \/>\n<meta property=\"article:modified_time\" content=\"2020-01-16T12:45:56+00:00\" \/>\n<meta property=\"og:image\" content=\"https:\/\/www.hardmusic.es\/wp-content\/uploads\/2020\/01\/ELITE-RECORDS-512-X-512-PX.jpg\" \/>\n<meta name=\"twitter:card\" content=\"summary_large_image\" \/>\n<script type=\"application\/ld+json\" class=\"yoast-schema-graph\">{\"@context\":\"https:\/\/schema.org\",\"@graph\":[{\"@type\":\"WebSite\",\"@id\":\"https:\/\/www.hardmusic.es\/#website\",\"url\":\"https:\/\/www.hardmusic.es\/\",\"name\":\"HARDMUSIC.ES\",\"description\":\"Tienda Online y Marketplace de Vinilos Hard &amp; Dance\",\"potentialAction\":[{\"@type\":\"SearchAction\",\"target\":\"https:\/\/www.hardmusic.es\/?s={search_term_string}\",\"query-input\":\"required name=search_term_string\"}],\"inLanguage\":\"en-GB\"},{\"@type\":\"ImageObject\",\"@id\":\"https:\/\/www.hardmusic.es\/en\/sello-elite-records\/#primaryimage\",\"inLanguage\":\"en-GB\",\"url\":\"https:\/\/www.hardmusic.es\/wp-content\/uploads\/2020\/01\/ELITE-RECORDS-512-X-512-PX.jpg\",\"width\":512,\"height\":512},{\"@type\":\"WebPage\",\"@id\":\"https:\/\/www.hardmusic.es\/en\/sello-elite-records\/#webpage\",\"url\":\"https:\/\/www.hardmusic.es\/en\/sello-elite-records\/\",\"name\":\"SELLO ELITE RECORDS - HARDMUSIC.ES\",\"isPartOf\":{\"@id\":\"https:\/\/www.hardmusic.es\/#website\"},\"primaryImageOfPage\":{\"@id\":\"https:\/\/www.hardmusic.es\/en\/sello-elite-records\/#primaryimage\"},\"datePublished\":\"2020-01-16T12:32:48+00:00\",\"dateModified\":\"2020-01-16T12:45:56+00:00\",\"inLanguage\":\"en-GB\",\"potentialAction\":[{\"@type\":\"ReadAction\",\"target\":[\"https:\/\/www.hardmusic.es\/en\/sello-elite-records\/\"]}]}]}<\/script>\n<!-- \/ Yoast SEO Premium plugin. -->","_links":{"self":[{"href":"https:\/\/www.hardmusic.es\/en\/wp-json\/wp\/v2\/pages\/4034","targetHints":{"allow":["GET"]}}],"collection":[{"href":"https:\/\/www.hardmusic.es\/en\/wp-json\/wp\/v2\/pages"}],"about":[{"href":"https:\/\/www.hardmusic.es\/en\/wp-json\/wp\/v2\/types\/page"}],"author":[{"embeddable":true,"href":"https:\/\/www.hardmusic.es\/en\/wp-json\/wp\/v2\/users\/1"}],"replies":[{"embeddable":true,"href":"https:\/\/www.hardmusic.es\/en\/wp-json\/wp\/v2\/comments?post=4034"}],"version-history":[{"count":3,"href":"https:\/\/www.hardmusic.es\/en\/wp-json\/wp\/v2\/pages\/4034\/revisions"}],"predecessor-version":[{"id":4042,"href":"https:\/\/www.hardmusic.es\/en\/wp-json\/wp\/v2\/pages\/4034\/revisions\/4042"}],"wp:attachment":[{"href":"https:\/\/www.hardmusic.es\/en\/wp-json\/wp\/v2\/media?parent=4034"}],"curies":[{"name":"wp","href":"https:\/\/api.w.org\/{rel}","templated":true}]}}