{"id":5827,"date":"2021-08-13T19:48:08","date_gmt":"2021-08-13T17:48:08","guid":{"rendered":"https:\/\/www.hardmusic.es\/?page_id=5827"},"modified":"2022-07-24T13:42:42","modified_gmt":"2022-07-24T11:42:42","slug":"calificacion-del-estado-de-los-vinilos","status":"publish","type":"page","link":"https:\/\/www.hardmusic.es\/en\/calificacion-del-estado-de-los-vinilos\/","title":{"rendered":"CALIFICACI\u00d3N DEL ESTADO DE LOS VINILOS"},"content":{"rendered":"<div data-elementor-type=\"wp-page\" data-elementor-id=\"5827\" class=\"elementor elementor-5827\">\n\t\t\t\t\t\t<section class=\"elementor-section elementor-top-section elementor-element elementor-element-66d04faa elementor-section-full_width elementor-section-height-default elementor-section-height-default\" data-id=\"66d04faa\" data-element_type=\"section\" data-e-type=\"section\" data-settings=\"{&quot;background_background&quot;:&quot;classic&quot;}\">\n\t\t\t\t\t\t<div class=\"elementor-container elementor-column-gap-default\">\n\t\t\t\t\t<div class=\"elementor-column elementor-col-100 elementor-top-column elementor-element elementor-element-53ef1feb\" data-id=\"53ef1feb\" data-element_type=\"column\" data-e-type=\"column\">\n\t\t\t<div class=\"elementor-widget-wrap elementor-element-populated\">\n\t\t\t\t\t\t<div class=\"elementor-element elementor-element-2cfd8d35 elementor-widget elementor-widget-text-editor\" data-id=\"2cfd8d35\" data-element_type=\"widget\" data-e-type=\"widget\" data-widget_type=\"text-editor.default\">\n\t\t\t\t<div class=\"elementor-widget-container\">\n\t\t\t\t\t\t\t\t\t<p><\/p>\n<h4><span style=\"color: #ffffff;\">Como calificar el estado de los vinilos y portadas<\/span><\/h4>\n<div>\n<p><span style=\"color: #ff0000;\"><strong>HARDMUSIC.ES<\/strong> utiliza <strong><span style=\"color: #ffffff;\">Goldmine Standard<\/span> para calificar el estado de los art\u00edculos listados en el mercado.<\/strong><\/span><\/p>\n<p><span style=\"color: #ff0000;\">Estos est\u00e1ndares han sido difundidos por nuestra comunidad de vendedores para incluir definiciones de calificaciones espec\u00edficas de VINILOS.<\/span><\/p>\n<h4><span style=\"color: #ffffff;\"><strong>Como nuevo (M)<\/strong><\/span><\/h4>\n<p><span style=\"color: #ff0000;\">Absolutamente perfecto en todos los sentidos. Ciertamente nunca ha sido usado, y puede que est\u00e9 todav\u00eda precintado. Esta calificaci\u00f3n debe usarse con sumo cuidado, si es que se usa.<\/span><\/p>\n<h4><span style=\"color: #ffffff;\"><strong>Casi nuevo (NM o M-)<\/strong><\/span><\/h4>\n<p><span style=\"color: #ff0000;\">Un disco casi perfecto. Un disco NM o M- es muy probable que nunca se haya usado, y se reproducir\u00e1 perfectamente sin imperfecciones durante la reproducci\u00f3n. Muchos distribuidores no otorgar\u00e1n una calificaci\u00f3n mayor que esta queriendo decir (quiz\u00e1s correctamente) que ning\u00fan disco es verdaderamente perfecto. El disco\u00a0no deber\u00eda mostrar signos obvios de desgaste. Una portada de 45 rpm o EP no deber\u00eda tener m\u00e1s que defectos menores, como alg\u00fan signo de manipulaci\u00f3n leve. Una portada de LP no debe tener pliegues, separaci\u00f3n de juntas, agujeros u otros defectos similares perceptibles. Lo mismo deber\u00eda aplicarse a cualquier material que vaya insertado, como p\u00f3steres, hojas con las letras, etc. \u00a0<\/span><\/p>\n<h4><span style=\"color: #ffffff;\"><strong>Muy bueno (VG+)<\/strong>\u00a0<\/span><\/h4>\n<p><span style=\"color: #ff0000;\">En general vale el 50% del valor de Casi Nuevo. Un disco VG + mostrar\u00e1 algunos signos de que ha reproducido pero por otra parte ser\u00e1 evidente que un due\u00f1o anterior tuvo buen cuidado de \u00e9l. La superficie del disco pueden mostrar algunos signos de desgaste y pueden tener rozaduras leves o rasgu\u00f1os ligeros que no afecten las experiencias propias de escucha. Deformaciones leves que no afectan el sonido son aceptadas. La etiqueta puede tener cierto desgaste, anillo o decoloraci\u00f3n, pero debe ser apenas perceptible. El agujero central no se debe haber deformado por la repetida reproducci\u00f3n. Sobres de imagen y sobres interiores del LP tendr\u00e1n un ligero desgaste, esquinas ligeramente notables, o una ligera fractura. La cubierta del LP puede tener leves signos de desgaste tambi\u00e9n y puede estar desfigurada por un agujero, hendidura o una esquina que indica que fue tomada fuera de la impresi\u00f3n y se vende con un descuento. En general, si no fuera por un par de cosas que estan mal con \u00e9l, ser\u00eda casi impecable.<\/span><\/p>\n<h4><span style=\"color: #ffffff;\"><strong>Very Good, muy buena condici\u00f3n (VG)<\/strong>\u00a0<\/span><\/h4>\n<p><span style=\"color: #ff0000;\">En general vale el 25% del valor de Casi Nuevo. Muchos de los defectos encontrados en un registro VG + ser\u00e1n m\u00e1s pronunciados en un disco VG. Ruido de superficie ser\u00e1 evidente al reproducir, sobre todo en los pasajes suaves y durante la intro y el desvanecimiento de una canci\u00f3n, pero no dominar\u00e1 a la m\u00fasica de otra manera. El desgaste del surco comenzar\u00e1 a ser notable, al igual que con los rasgu\u00f1os ligeros (lo suficientemente profundo para sentir con una u\u00f1a) que afectar\u00e1n al sonido. Las etiquetas pueden estar desfiguradas por un escrito, o puede tener cintas o pegatinas (o sus residuos) adjuntas. Lo mismo se podr\u00e1 decir del sobre de imagen o cubierta del LP. Sin embargo, no tendr\u00e1 todos estos problemas al mismo tiempo, s\u00f3lo dos o tres de ellos. Las gu\u00edas de precios de Goldmine con m\u00e1s de un precio, mostraran VG como el precio m\u00e1s bajo.<\/span><\/p>\n<h4><span style=\"color: #ffffff;\"><strong>Good, Buena condici\u00f3n (G), Good Plus, M\u00e1s que buena condici\u00f3n (G+)<\/strong>\u00a0<\/span><\/h4>\n<p><span style=\"color: #ff0000;\">En general vale el 10-15% del valor Casi Nuevo. Bueno no significa malo! Un disco con buena o m\u00e1s que buena condici\u00f3n se puede poner en un tocadiscos y se reproducir\u00e1 sin saltos. Pero este va a tener ruido, rasgu\u00f1os de superficie significativos y desgaste de surco visible (en un disco de estireno, el surco comienza a ponerse blanco). La cubierta o funda tendr\u00e1 divisiones, especialmente, en la parte inferior o en el centro. Cinta, escritura, desgaste del anillo u otros defectos comenzar\u00e1n a acumularse en art\u00edculo.\u00a0<\/span><\/p>\n<h4><span style=\"color: #ffffff;\"><strong>Poor, mala condici\u00f3n (P), Fair, condici\u00f3n pasable (F)<\/strong><\/span><\/h4>\n<p><span style=\"color: #ff0000;\">En general vale 0-5% del precio Casi Nuevo. El disco est\u00e1 agrietado, muy deformados, y no se reproduce sin saltos o repetirse. El forro de la imagen puede estar da\u00f1ado por agua, dividido en las tres costuras y fuertemente deformado por el desgaste y escritura. La cubierta del LP apenas mantiene el LP en su interior. Los bolsillos interiores estan totalmente divididos de la costura, arrugados y tienen escritos.<\/span><\/p>\n<h4><span style=\"color: #ffffff;\"><strong>Gen\u00e9rico<\/strong><\/span><\/h4>\n<p><span style=\"color: #ff0000;\">En el contexto de calificaci\u00f3n de los art\u00edculos en el mercado online de HARDMUSIC.ES, el t\u00e9rmino &#8220;gen\u00e9rico&#8221; se refiere a un tipo de funda que no es espec\u00edfica del lanzamiento. Una funda gen\u00e9rica es una funda blanca o una funda con ilustraciones est\u00e1ndar de una empresa. Una funda que se califica como &#8220;gen\u00e9rica&#8221; no necesita una clasificaci\u00f3n adicional, ya que una funda gen\u00e9rica generalmente agrega poco valor al art\u00edculo y puede reemplazarse f\u00e1cilmente. Los vendedores pueden dar m\u00e1s especificaciones en la condici\u00f3n de una funda gen\u00e9rica en el campo &#8220;Comentario de condici\u00f3n del art\u00edculo&#8221; si es necesario. Un vendedor tambi\u00e9n puede notar si la funda es una funda de la empresa en el campo &#8220;Descripci\u00f3n del producto&#8221; al subir tus productos.<\/span><\/p>\n<h4><span style=\"color: #ffffff;\"><b style=\"text-indent: -18pt;\">Calificaci\u00f3n de los vinilos, de las portadas, fundas y notas:<\/b><\/span><\/h4>\n<p><span style=\"color: #ffffff;\"><b>VINILOS:<\/b><\/span><\/p>\n<p><span style=\"color: #ff0000;\">M: Como Nuevo<\/span><\/p>\n<p><span style=\"color: #ff0000;\">NM o M: Casi Nuevo<\/span><\/p>\n<p><span style=\"color: #ff0000;\">VG+: Muy Bueno +<\/span><\/p>\n<p><span style=\"color: #ff0000;\">VG: Muy Bueno<\/span><\/p>\n<p><span style=\"color: #ff0000;\">G+: Buena Condici\u00f3n +<\/span><\/p>\n<p><span style=\"color: #ff0000;\">G: Buena Condici\u00f3n<\/span><\/p>\n<p><span style=\"color: #ff0000;\">F: Condici\u00f3n Pasable<\/span><\/p>\n<p><span style=\"color: #ff0000;\">P: Mala condici\u00f3n<\/span><\/p>\n<p><span style=\"color: #ff0000;\">White Label: Vinilo con etiqueta en blanco o poco escrito<\/span><\/p>\n<p><span style=\"color: #ffffff;\"><b>FUNDAS \/ PORTADAS:<\/b><\/span><\/p>\n<p><span style=\"color: #ff0000;\">M: Como Nueva<\/span><\/p>\n<p><span style=\"color: #ff0000;\">NM o M: Casi Nueva<\/span><\/p>\n<p><span style=\"color: #ff0000;\">VG+: Muy Buena +<\/span><\/p>\n<p><span style=\"color: #ff0000;\">VG: Muy Buena<\/span><\/p>\n<p><span style=\"color: #ff0000;\">G+: Buena Condici\u00f3n +<\/span><\/p>\n<p><span style=\"color: #ff0000;\">G: Buena Condici\u00f3n<\/span><\/p>\n<p><span style=\"color: #ff0000;\">F: Condici\u00f3n Pasable<\/span><\/p>\n<p><span style=\"color: #ff0000;\">P: Mala condici\u00f3n<\/span><\/p>\n<p><span style=\"color: #ff0000;\">Gen\u00e9rica: Funda a color o transparente<\/span><\/p>\n<p><span style=\"color: #ff0000;\">Sin Funda: S\u00f3lo se entrega el vinilo<\/span><\/p>\n<p><span style=\"color: #ff0000;\"><span style=\"color: #ffffff;\">NOTAS:<\/span> Para cualquier comentario sobre el producto, desperfectos, pegatinas, marcas, escritos, etc\u2026<\/span><\/p>\n<p>\u00a0<\/p>\n<\/div>\n<p><\/p>\t\t\t\t\t\t\t\t<\/div>\n\t\t\t\t<\/div>\n\t\t\t\t\t<\/div>\n\t\t<\/div>\n\t\t\t\t\t<\/div>\n\t\t<\/section>\n\t\t\t\t<\/div>","protected":false},"excerpt":{"rendered":"<p>Como calificar el estado de los vinilos y portadas HARDMUSIC.ES utiliza Goldmine Standard para calificar el estado de los art\u00edculos listados en el mercado. Estos est\u00e1ndares han sido difundidos por nuestra comunidad de vendedores para incluir definiciones de calificaciones espec\u00edficas de VINILOS. Como nuevo (M) Absolutamente perfecto en todos los sentidos. Ciertamente nunca ha sido [&hellip;]<\/p>\n","protected":false},"author":1,"featured_media":0,"parent":0,"menu_order":0,"comment_status":"closed","ping_status":"closed","template":"","meta":{"_monsterinsights_skip_tracking":false,"_monsterinsights_sitenote_active":false,"_monsterinsights_sitenote_note":"","_monsterinsights_sitenote_category":0,"footnotes":""},"class_list":["post-5827","page","type-page","status-publish","hentry"],"yoast_head":"<!-- This site is optimized with the Yoast SEO Premium plugin v15.6.2 - https:\/\/yoast.com\/wordpress\/plugins\/seo\/ -->\n<title>CALIFICACI\u00d3N DEL ESTADO DE LOS VINILOS - HARDMUSIC.ES<\/title>\n<meta name=\"robots\" content=\"index, follow, max-snippet:-1, max-image-preview:large, max-video-preview:-1\" \/>\n<link rel=\"canonical\" href=\"https:\/\/www.hardmusic.es\/en\/calificacion-del-estado-de-los-vinilos\/\" \/>\n<meta property=\"og:locale\" content=\"en_GB\" \/>\n<meta property=\"og:type\" content=\"article\" \/>\n<meta property=\"og:title\" content=\"CALIFICACI\u00d3N DEL ESTADO DE LOS VINILOS - HARDMUSIC.ES\" \/>\n<meta property=\"og:description\" content=\"Como calificar el estado de los vinilos y portadas HARDMUSIC.ES utiliza Goldmine Standard para calificar el estado de los art\u00edculos listados en el mercado. Estos est\u00e1ndares han sido difundidos por nuestra comunidad de vendedores para incluir definiciones de calificaciones espec\u00edficas de VINILOS. Como nuevo (M) Absolutamente perfecto en todos los sentidos. Ciertamente nunca ha sido [&hellip;]\" \/>\n<meta property=\"og:url\" content=\"https:\/\/www.hardmusic.es\/en\/calificacion-del-estado-de-los-vinilos\/\" \/>\n<meta property=\"og:site_name\" content=\"HARDMUSIC.ES\" \/>\n<meta property=\"article:modified_time\" content=\"2022-07-24T11:42:42+00:00\" \/>\n<meta name=\"twitter:card\" content=\"summary_large_image\" \/>\n<meta name=\"twitter:label1\" content=\"Estimated reading time\">\n\t<meta name=\"twitter:data1\" content=\"5 minutes\">\n<script type=\"application\/ld+json\" class=\"yoast-schema-graph\">{\"@context\":\"https:\/\/schema.org\",\"@graph\":[{\"@type\":\"WebSite\",\"@id\":\"https:\/\/www.hardmusic.es\/#website\",\"url\":\"https:\/\/www.hardmusic.es\/\",\"name\":\"HARDMUSIC.ES\",\"description\":\"Tienda Online y Marketplace de Vinilos Hard &amp; Dance\",\"potentialAction\":[{\"@type\":\"SearchAction\",\"target\":\"https:\/\/www.hardmusic.es\/?s={search_term_string}\",\"query-input\":\"required name=search_term_string\"}],\"inLanguage\":\"en-GB\"},{\"@type\":\"WebPage\",\"@id\":\"https:\/\/www.hardmusic.es\/calificacion-del-estado-de-los-vinilos\/#webpage\",\"url\":\"https:\/\/www.hardmusic.es\/calificacion-del-estado-de-los-vinilos\/\",\"name\":\"CALIFICACI\\u00d3N DEL ESTADO DE LOS VINILOS - HARDMUSIC.ES\",\"isPartOf\":{\"@id\":\"https:\/\/www.hardmusic.es\/#website\"},\"datePublished\":\"2021-08-13T17:48:08+00:00\",\"dateModified\":\"2022-07-24T11:42:42+00:00\",\"inLanguage\":\"en-GB\",\"potentialAction\":[{\"@type\":\"ReadAction\",\"target\":[\"https:\/\/www.hardmusic.es\/calificacion-del-estado-de-los-vinilos\/\"]}]}]}<\/script>\n<!-- \/ Yoast SEO Premium plugin. -->","_links":{"self":[{"href":"https:\/\/www.hardmusic.es\/en\/wp-json\/wp\/v2\/pages\/5827","targetHints":{"allow":["GET"]}}],"collection":[{"href":"https:\/\/www.hardmusic.es\/en\/wp-json\/wp\/v2\/pages"}],"about":[{"href":"https:\/\/www.hardmusic.es\/en\/wp-json\/wp\/v2\/types\/page"}],"author":[{"embeddable":true,"href":"https:\/\/www.hardmusic.es\/en\/wp-json\/wp\/v2\/users\/1"}],"replies":[{"embeddable":true,"href":"https:\/\/www.hardmusic.es\/en\/wp-json\/wp\/v2\/comments?post=5827"}],"version-history":[{"count":74,"href":"https:\/\/www.hardmusic.es\/en\/wp-json\/wp\/v2\/pages\/5827\/revisions"}],"predecessor-version":[{"id":15398,"href":"https:\/\/www.hardmusic.es\/en\/wp-json\/wp\/v2\/pages\/5827\/revisions\/15398"}],"wp:attachment":[{"href":"https:\/\/www.hardmusic.es\/en\/wp-json\/wp\/v2\/media?parent=5827"}],"curies":[{"name":"wp","href":"https:\/\/api.w.org\/{rel}","templated":true}]}}