{"id":4669,"date":"2020-08-21T15:12:03","date_gmt":"2020-08-21T13:12:03","guid":{"rendered":"https:\/\/www.hardmusic.es\/?post_type=product&#038;p=4669"},"modified":"2023-12-17T08:10:09","modified_gmt":"2023-12-17T07:10:09","slug":"vinilo-g-town-madness-%e2%80%8e-locked-down","status":"publish","type":"product","link":"https:\/\/www.hardmusic.es\/en\/product\/vinilo-g-town-madness-%e2%80%8e-locked-down\/","title":{"rendered":"G Town Madness \u200e\u2013 Locked Down"},"content":{"rendered":"<p><strong>G Town Madness \u200e\u2013 Locked Down<\/strong><\/p>\n<p>Sello: Hardcore Come Back \u200e\u2013 71-697<br \/>\nFormato: Vinyl, 12&#8243;<br \/>\nPa\u00eds: Spain<br \/>\nPublicado: 2001<br \/>\nG\u00e9nero: Electronic<br \/>\nEstilo: Hardcore, Gabber<\/p>\n<p>Lista de T\u00edtulos<br \/>\nA1 Locked Down 5:25<br \/>\nB1 Shot Up The Brain &#8211; Producer, Composed By, Written-By \u2013 M. Pelupessy 5:28<br \/>\nB2 Smoked &#8211; Producer, Composed By, Written-By \u2013 R. Schutrups 5:32<\/p>\n<p>Cr\u00e9ditos<br \/>\nProducer, Composed By, Written-By \u2013 E. Kalberg, R. Jonkman<br \/>\nNotas<br \/>\nLicensed from Combined Forces.<\/p>\n<p>Otras Versiones (1 de 1)<br \/>\nT\u00edtulo (Formato) Sello Cat. n\u00ba Pa\u00eds A\u00f1o<br \/>\nLocked Down \u200e(12&#8243;) Babyboom Records BABY 042 Netherlands<\/p>","protected":false},"excerpt":{"rendered":"<p>G Town Madness \u200e\u2013 Locked Down Sello: Hardcore Come Back \u200e\u2013 71-697 Formato: Vinyl, 12&#8243; Pa\u00eds: Spain Publicado: 2001 G\u00e9nero: Electronic Estilo: Hardcore, Gabber Lista de T\u00edtulos A1 Locked Down 5:25 B1 Shot Up The Brain &#8211; Producer, Composed By, Written-By \u2013 M. Pelupessy 5:28 B2 Smoked &#8211; Producer, Composed By, Written-By \u2013 R. Schutrups [&hellip;]<\/p>\n","protected":false},"featured_media":7731,"comment_status":"open","ping_status":"closed","template":"","meta":{"_monsterinsights_skip_tracking":false,"_monsterinsights_sitenote_active":false,"_monsterinsights_sitenote_note":"","_monsterinsights_sitenote_category":0},"product_brand":[],"product_cat":[15,236,158],"product_tag":[1293,1289,420,193,237,1292,230,238,1290,1291],"class_list":{"0":"post-4669","1":"product","2":"type-product","3":"status-publish","4":"has-post-thumbnail","6":"product_cat-todos-los-vinilos-hard-music","7":"product_cat-sello-hardcore-come-back-hcb","8":"product_cat-vinilos-en-oferta","9":"product_tag-71-697","10":"product_tag-g-town-madness--locked-down","11":"product_tag-hard-music","12":"product_tag-hardcore","13":"product_tag-hardcore-come-back","14":"product_tag-hardcore-come-back--71-697","15":"product_tag-novedades","16":"product_tag-ofertas","17":"product_tag-shot-up-the-brain","18":"product_tag-smoked","20":"first","21":"outofstock","22":"sale","23":"shipping-taxable","24":"purchasable","25":"product-type-simple"},"yoast_head":"<!-- This site is optimized with the Yoast SEO Premium plugin v15.6.2 - https:\/\/yoast.com\/wordpress\/plugins\/seo\/ -->\n<title>G Town Madness \u200e\u2013 Locked Down - HARDMUSIC.ES<\/title>\n<meta name=\"robots\" content=\"index, follow, max-snippet:-1, max-image-preview:large, max-video-preview:-1\" \/>\n<link rel=\"canonical\" href=\"https:\/\/www.hardmusic.es\/en\/product\/vinilo-g-town-madness-\u200e-locked-down\/\" \/>\n<meta property=\"og:locale\" content=\"en_GB\" \/>\n<meta property=\"og:type\" content=\"article\" \/>\n<meta property=\"og:title\" content=\"G Town Madness \u200e\u2013 Locked Down - HARDMUSIC.ES\" \/>\n<meta property=\"og:description\" content=\"G Town Madness \u200e\u2013 Locked Down Sello: Hardcore Come Back \u200e\u2013 71-697 Formato: Vinyl, 12&#8243; Pa\u00eds: Spain Publicado: 2001 G\u00e9nero: Electronic Estilo: Hardcore, Gabber Lista de T\u00edtulos A1 Locked Down 5:25 B1 Shot Up The Brain &#8211; Producer, Composed By, Written-By \u2013 M. Pelupessy 5:28 B2 Smoked &#8211; Producer, Composed By, Written-By \u2013 R. Schutrups [&hellip;]\" \/>\n<meta property=\"og:url\" content=\"https:\/\/www.hardmusic.es\/en\/product\/vinilo-g-town-madness-\u200e-locked-down\/\" \/>\n<meta property=\"og:site_name\" content=\"HARDMUSIC.ES\" \/>\n<meta property=\"article:modified_time\" content=\"2023-12-17T07:10:09+00:00\" \/>\n<meta property=\"og:image\" content=\"https:\/\/www.hardmusic.es\/wp-content\/uploads\/2020\/08\/G-Town-Madness-\u200e\u2013-Locked-Down-1.jpg\" \/>\n\t<meta property=\"og:image:width\" content=\"599\" \/>\n\t<meta property=\"og:image:height\" content=\"579\" \/>\n<meta name=\"twitter:card\" content=\"summary_large_image\" \/>\n<meta name=\"twitter:label1\" content=\"Estimated reading time\">\n\t<meta name=\"twitter:data1\" content=\"1 minute\">\n<script type=\"application\/ld+json\" class=\"yoast-schema-graph\">{\"@context\":\"https:\/\/schema.org\",\"@graph\":[{\"@type\":\"WebSite\",\"@id\":\"https:\/\/www.hardmusic.es\/#website\",\"url\":\"https:\/\/www.hardmusic.es\/\",\"name\":\"HARDMUSIC.ES\",\"description\":\"Tienda Online y Marketplace de Vinilos Hard &amp; Dance\",\"potentialAction\":[{\"@type\":\"SearchAction\",\"target\":\"https:\/\/www.hardmusic.es\/?s={search_term_string}\",\"query-input\":\"required name=search_term_string\"}],\"inLanguage\":\"en-GB\"},{\"@type\":\"ImageObject\",\"@id\":\"https:\/\/www.hardmusic.es\/producto\/vinilo-g-town-madness-%e2%80%8e-locked-down\/#primaryimage\",\"inLanguage\":\"en-GB\",\"url\":\"https:\/\/www.hardmusic.es\/wp-content\/uploads\/2020\/08\/G-Town-Madness-\\u200e\\u2013-Locked-Down-1.jpg\",\"width\":599,\"height\":579},{\"@type\":\"WebPage\",\"@id\":\"https:\/\/www.hardmusic.es\/producto\/vinilo-g-town-madness-%e2%80%8e-locked-down\/#webpage\",\"url\":\"https:\/\/www.hardmusic.es\/producto\/vinilo-g-town-madness-%e2%80%8e-locked-down\/\",\"name\":\"G Town Madness \\u200e\\u2013 Locked Down - HARDMUSIC.ES\",\"isPartOf\":{\"@id\":\"https:\/\/www.hardmusic.es\/#website\"},\"primaryImageOfPage\":{\"@id\":\"https:\/\/www.hardmusic.es\/producto\/vinilo-g-town-madness-%e2%80%8e-locked-down\/#primaryimage\"},\"datePublished\":\"2020-08-21T13:12:03+00:00\",\"dateModified\":\"2023-12-17T07:10:09+00:00\",\"inLanguage\":\"en-GB\",\"potentialAction\":[{\"@type\":\"ReadAction\",\"target\":[\"https:\/\/www.hardmusic.es\/producto\/vinilo-g-town-madness-%e2%80%8e-locked-down\/\"]}]}]}<\/script>\n<!-- \/ Yoast SEO Premium plugin. -->","_links":{"self":[{"href":"https:\/\/www.hardmusic.es\/en\/wp-json\/wp\/v2\/product\/4669","targetHints":{"allow":["GET"]}}],"collection":[{"href":"https:\/\/www.hardmusic.es\/en\/wp-json\/wp\/v2\/product"}],"about":[{"href":"https:\/\/www.hardmusic.es\/en\/wp-json\/wp\/v2\/types\/product"}],"replies":[{"embeddable":true,"href":"https:\/\/www.hardmusic.es\/en\/wp-json\/wp\/v2\/comments?post=4669"}],"wp:featuredmedia":[{"embeddable":true,"href":"https:\/\/www.hardmusic.es\/en\/wp-json\/wp\/v2\/media\/7731"}],"wp:attachment":[{"href":"https:\/\/www.hardmusic.es\/en\/wp-json\/wp\/v2\/media?parent=4669"}],"wp:term":[{"taxonomy":"product_brand","embeddable":true,"href":"https:\/\/www.hardmusic.es\/en\/wp-json\/wp\/v2\/product_brand?post=4669"},{"taxonomy":"product_cat","embeddable":true,"href":"https:\/\/www.hardmusic.es\/en\/wp-json\/wp\/v2\/product_cat?post=4669"},{"taxonomy":"product_tag","embeddable":true,"href":"https:\/\/www.hardmusic.es\/en\/wp-json\/wp\/v2\/product_tag?post=4669"}],"curies":[{"name":"wp","href":"https:\/\/api.w.org\/{rel}","templated":true}]}}