{"id":5591,"date":"2021-05-30T23:59:13","date_gmt":"2021-05-30T21:59:13","guid":{"rendered":"https:\/\/www.hardmusic.es\/?post_type=product&#038;p=5591"},"modified":"2023-12-16T20:24:01","modified_gmt":"2023-12-16T19:24:01","slug":"vinilo-hardcore-project-sound-new-axis","status":"publish","type":"product","link":"https:\/\/www.hardmusic.es\/en\/product\/vinilo-hardcore-project-sound-new-axis\/","title":{"rendered":"Hardcore Project Sound\u00a0&#8211;\u00a0New Axis"},"content":{"rendered":"<p><strong>Hardcore Project Sound &#8211; New Axis \u200e\u2013 New Axis<\/strong><br \/>\nSello: Hard Traxx \u200e\u2013 XX4038MX<br \/>\nFormato: Vinyl, 12&#8243;, 33 \u2153 RPM, Picture Disc<br \/>\nPa\u00eds: Spain<br \/>\nPublicado: 15 Apr 2002<br \/>\nG\u00e9nero: Electronic<br \/>\nEstilo: Hardcore<\/p>\n<p><strong>Lista de T\u00edtulos<\/strong><br \/>\nA1 Non Stop 6:58<br \/>\nA2 Hard Gressive 4:35<br \/>\nB1 Evil Sound 6:36<\/p>\n<p><strong>Compa\u00f1\u00edas, etc.<\/strong><br \/>\nProduced At \u2013 Hardcore Project Sound Studios<\/p>\n<p><strong>Cr\u00e9ditos<\/strong><br \/>\nProducer \u2013 Alberto Tebas Porcar, Hector Hospitaleche Villanueva, Oscar Serrano Escrig<br \/>\nWritten-By \u2013 Carlos Martinez Guillamon, Oscar Moyano Martinez<\/p>\n<p><strong>Notas<\/strong><br \/>\nNew Axis &#8211; Disco Alcora (Castell\u00f3n)<br \/>\nProducido en Estudios H.P.S.<\/p>\n<p>TYPO: &#8216;Hardcore Project Sound&#8217; as &#8216;Project Sound Hardcore&#8217;<\/p>\n<p>Track A1 includes a voice sample from 1995 film &#8220;Lord Of Illusions&#8221;.<\/p>\n<p><strong>C\u00f3digo de Barras y Otros Identificadores<\/strong><br \/>\nBarcode: 8430899140389<\/p>\n<p>&nbsp;<\/p>","protected":false},"excerpt":{"rendered":"<p>Hardcore Project Sound &#8211; New Axis \u200e\u2013 New Axis Sello: Hard Traxx \u200e\u2013 XX4038MX Formato: Vinyl, 12&#8243;, 33 \u2153 RPM, Picture Disc Pa\u00eds: Spain Publicado: 15 Apr 2002 G\u00e9nero: Electronic Estilo: Hardcore Lista de T\u00edtulos A1 Non Stop 6:58 A2 Hard Gressive 4:35 B1 Evil Sound 6:36 Compa\u00f1\u00edas, etc. Produced At \u2013 Hardcore Project Sound [&hellip;]<\/p>\n","protected":false},"featured_media":18052,"comment_status":"open","ping_status":"closed","template":"","meta":{"_monsterinsights_skip_tracking":false,"_monsterinsights_sitenote_active":false,"_monsterinsights_sitenote_note":"","_monsterinsights_sitenote_category":0},"product_brand":[],"product_cat":[15,937,151,157,158,319,2171],"product_tag":[311,309,312,310,160],"class_list":{"0":"post-5591","1":"product","2":"type-product","3":"status-publish","4":"has-post-thumbnail","6":"product_cat-todos-los-vinilos-hard-music","7":"product_cat-sello-hard-traxx","8":"product_cat-vinilos-newstyle","9":"product_cat-novedades-vinilos-hard-dance","10":"product_cat-vinilos-en-oferta","11":"product_cat-vinilos-pictures","12":"product_cat-vinilos-muy-buscados","13":"product_tag-hardcore-project-sound","14":"product_tag-hardtraxx","15":"product_tag-hps","16":"product_tag-new-axis","17":"product_tag-newstyle","19":"first","20":"outofstock","21":"sale","22":"shipping-taxable","23":"purchasable","24":"product-type-simple"},"yoast_head":"<!-- This site is optimized with the Yoast SEO Premium plugin v15.6.2 - https:\/\/yoast.com\/wordpress\/plugins\/seo\/ -->\n<title>Hardcore Project Sound\u00a0-\u00a0New Axis - HARDMUSIC.ES<\/title>\n<meta name=\"robots\" content=\"index, follow, max-snippet:-1, max-image-preview:large, max-video-preview:-1\" \/>\n<link rel=\"canonical\" href=\"https:\/\/www.hardmusic.es\/en\/product\/vinilo-hardcore-project-sound-new-axis\/\" \/>\n<meta property=\"og:locale\" content=\"en_GB\" \/>\n<meta property=\"og:type\" content=\"article\" \/>\n<meta property=\"og:title\" content=\"Hardcore Project Sound\u00a0-\u00a0New Axis - HARDMUSIC.ES\" \/>\n<meta property=\"og:description\" content=\"Hardcore Project Sound &#8211; New Axis \u200e\u2013 New Axis Sello: Hard Traxx \u200e\u2013 XX4038MX Formato: Vinyl, 12&#8243;, 33 \u2153 RPM, Picture Disc Pa\u00eds: Spain Publicado: 15 Apr 2002 G\u00e9nero: Electronic Estilo: Hardcore Lista de T\u00edtulos A1 Non Stop 6:58 A2 Hard Gressive 4:35 B1 Evil Sound 6:36 Compa\u00f1\u00edas, etc. Produced At \u2013 Hardcore Project Sound [&hellip;]\" \/>\n<meta property=\"og:url\" content=\"https:\/\/www.hardmusic.es\/en\/product\/vinilo-hardcore-project-sound-new-axis\/\" \/>\n<meta property=\"og:site_name\" content=\"HARDMUSIC.ES\" \/>\n<meta property=\"article:modified_time\" content=\"2023-12-16T19:24:01+00:00\" \/>\n<meta property=\"og:image\" content=\"https:\/\/www.hardmusic.es\/wp-content\/uploads\/2021\/05\/Hardcore-Project-Sound-New-Axis-\u200e\u2013-New-Axis-OKK.jpg\" \/>\n\t<meta property=\"og:image:width\" content=\"461\" \/>\n\t<meta property=\"og:image:height\" content=\"458\" \/>\n<meta name=\"twitter:card\" content=\"summary_large_image\" \/>\n<meta name=\"twitter:label1\" content=\"Estimated reading time\">\n\t<meta name=\"twitter:data1\" content=\"1 minute\">\n<script type=\"application\/ld+json\" class=\"yoast-schema-graph\">{\"@context\":\"https:\/\/schema.org\",\"@graph\":[{\"@type\":\"WebSite\",\"@id\":\"https:\/\/www.hardmusic.es\/#website\",\"url\":\"https:\/\/www.hardmusic.es\/\",\"name\":\"HARDMUSIC.ES\",\"description\":\"Tienda Online y Marketplace de Vinilos Hard &amp; Dance\",\"potentialAction\":[{\"@type\":\"SearchAction\",\"target\":\"https:\/\/www.hardmusic.es\/?s={search_term_string}\",\"query-input\":\"required name=search_term_string\"}],\"inLanguage\":\"en-GB\"},{\"@type\":\"ImageObject\",\"@id\":\"https:\/\/www.hardmusic.es\/producto\/vinilo-hardcore-project-sound-new-axis\/#primaryimage\",\"inLanguage\":\"en-GB\",\"url\":\"https:\/\/www.hardmusic.es\/wp-content\/uploads\/2021\/05\/Hardcore-Project-Sound-New-Axis-\\u200e\\u2013-New-Axis-OKK.jpg\",\"width\":461,\"height\":458},{\"@type\":\"WebPage\",\"@id\":\"https:\/\/www.hardmusic.es\/producto\/vinilo-hardcore-project-sound-new-axis\/#webpage\",\"url\":\"https:\/\/www.hardmusic.es\/producto\/vinilo-hardcore-project-sound-new-axis\/\",\"name\":\"Hardcore Project Sound\\u00a0-\\u00a0New Axis - HARDMUSIC.ES\",\"isPartOf\":{\"@id\":\"https:\/\/www.hardmusic.es\/#website\"},\"primaryImageOfPage\":{\"@id\":\"https:\/\/www.hardmusic.es\/producto\/vinilo-hardcore-project-sound-new-axis\/#primaryimage\"},\"datePublished\":\"2021-05-30T21:59:13+00:00\",\"dateModified\":\"2023-12-16T19:24:01+00:00\",\"inLanguage\":\"en-GB\",\"potentialAction\":[{\"@type\":\"ReadAction\",\"target\":[\"https:\/\/www.hardmusic.es\/producto\/vinilo-hardcore-project-sound-new-axis\/\"]}]}]}<\/script>\n<!-- \/ Yoast SEO Premium plugin. -->","_links":{"self":[{"href":"https:\/\/www.hardmusic.es\/en\/wp-json\/wp\/v2\/product\/5591","targetHints":{"allow":["GET"]}}],"collection":[{"href":"https:\/\/www.hardmusic.es\/en\/wp-json\/wp\/v2\/product"}],"about":[{"href":"https:\/\/www.hardmusic.es\/en\/wp-json\/wp\/v2\/types\/product"}],"replies":[{"embeddable":true,"href":"https:\/\/www.hardmusic.es\/en\/wp-json\/wp\/v2\/comments?post=5591"}],"wp:featuredmedia":[{"embeddable":true,"href":"https:\/\/www.hardmusic.es\/en\/wp-json\/wp\/v2\/media\/18052"}],"wp:attachment":[{"href":"https:\/\/www.hardmusic.es\/en\/wp-json\/wp\/v2\/media?parent=5591"}],"wp:term":[{"taxonomy":"product_brand","embeddable":true,"href":"https:\/\/www.hardmusic.es\/en\/wp-json\/wp\/v2\/product_brand?post=5591"},{"taxonomy":"product_cat","embeddable":true,"href":"https:\/\/www.hardmusic.es\/en\/wp-json\/wp\/v2\/product_cat?post=5591"},{"taxonomy":"product_tag","embeddable":true,"href":"https:\/\/www.hardmusic.es\/en\/wp-json\/wp\/v2\/product_tag?post=5591"}],"curies":[{"name":"wp","href":"https:\/\/api.w.org\/{rel}","templated":true}]}}