{"id":5595,"date":"2021-05-31T01:54:30","date_gmt":"2021-05-30T23:54:30","guid":{"rendered":"https:\/\/www.hardmusic.es\/?post_type=product&#038;p=5595"},"modified":"2023-12-16T20:22:43","modified_gmt":"2023-12-16T19:22:43","slug":"vinilo-bassdrum-project-hard-bass","status":"publish","type":"product","link":"https:\/\/www.hardmusic.es\/en\/product\/vinilo-bassdrum-project-hard-bass\/","title":{"rendered":"Bassdrum Project \u200e\u2013 Hard Bass"},"content":{"rendered":"<p><strong>Bassdrum Project \u200e\u2013 Hard Bass<\/strong><\/p>\n<p>Sello: Glass Records \u200e\u2013 GL-076-EP<br \/>\nFormato: Vinyl, 12&#8243;, EP<br \/>\nPa\u00eds: Spain<br \/>\nPublicado: 2001<br \/>\nG\u00e9nero: Electronic<br \/>\nEstilo: Hard House<\/p>\n<p>Lista de T\u00edtulos<br \/>\nA1 303 Attack 5:11<br \/>\nA2 Hard Bass 4:46<br \/>\nB1 Are U Ready? (Chicago Rmx) 4:45<br \/>\nB2 Party People 4:44<\/p>","protected":false},"excerpt":{"rendered":"<p>Bassdrum Project \u200e\u2013 Hard Bass Sello: Glass Records \u200e\u2013 GL-076-EP Formato: Vinyl, 12&#8243;, EP Pa\u00eds: Spain Publicado: 2001 G\u00e9nero: Electronic Estilo: Hard House Lista de T\u00edtulos A1 303 Attack 5:11 A2 Hard Bass 4:46 B1 Are U Ready? (Chicago Rmx) 4:45 B2 Party People 4:44<\/p>","protected":false},"featured_media":5596,"comment_status":"open","ping_status":"closed","template":"","meta":{"_monsterinsights_skip_tracking":false,"_monsterinsights_sitenote_active":false,"_monsterinsights_sitenote_note":"","_monsterinsights_sitenote_category":0},"product_brand":[],"product_cat":[1397,313,15,151,158],"product_tag":[314,316,160],"class_list":{"0":"post-5595","1":"product","2":"type-product","3":"status-publish","4":"has-post-thumbnail","6":"product_cat-productos-destacados","7":"product_cat-sello-glass-records","8":"product_cat-todos-los-vinilos-hard-music","9":"product_cat-vinilos-newstyle","10":"product_cat-vinilos-en-oferta","11":"product_tag-glass-records","12":"product_tag-hard-house","13":"product_tag-newstyle","15":"first","16":"outofstock","17":"sale","18":"shipping-taxable","19":"purchasable","20":"product-type-simple"},"yoast_head":"<!-- This site is optimized with the Yoast SEO Premium plugin v15.6.2 - https:\/\/yoast.com\/wordpress\/plugins\/seo\/ -->\n<title>Bassdrum Project \u200e\u2013 Hard Bass - HARDMUSIC.ES<\/title>\n<meta name=\"robots\" content=\"index, follow, max-snippet:-1, max-image-preview:large, max-video-preview:-1\" \/>\n<link rel=\"canonical\" href=\"https:\/\/www.hardmusic.es\/en\/product\/vinilo-bassdrum-project-hard-bass\/\" \/>\n<meta property=\"og:locale\" content=\"en_GB\" \/>\n<meta property=\"og:type\" content=\"article\" \/>\n<meta property=\"og:title\" content=\"Bassdrum Project \u200e\u2013 Hard Bass - HARDMUSIC.ES\" \/>\n<meta property=\"og:description\" content=\"Bassdrum Project \u200e\u2013 Hard Bass Sello: Glass Records \u200e\u2013 GL-076-EP Formato: Vinyl, 12&#8243;, EP Pa\u00eds: Spain Publicado: 2001 G\u00e9nero: Electronic Estilo: Hard House Lista de T\u00edtulos A1 303 Attack 5:11 A2 Hard Bass 4:46 B1 Are U Ready? (Chicago Rmx) 4:45 B2 Party People 4:44\" \/>\n<meta property=\"og:url\" content=\"https:\/\/www.hardmusic.es\/en\/product\/vinilo-bassdrum-project-hard-bass\/\" \/>\n<meta property=\"og:site_name\" content=\"HARDMUSIC.ES\" \/>\n<meta property=\"article:modified_time\" content=\"2023-12-16T19:22:43+00:00\" \/>\n<meta property=\"og:image\" content=\"https:\/\/www.hardmusic.es\/wp-content\/uploads\/2021\/05\/Bassdrum-Project-Hard-Bass-12-EP.jpg\" \/>\n\t<meta property=\"og:image:width\" content=\"500\" \/>\n\t<meta property=\"og:image:height\" content=\"500\" \/>\n<meta name=\"twitter:card\" content=\"summary_large_image\" \/>\n<meta name=\"twitter:label1\" content=\"Estimated reading time\">\n\t<meta name=\"twitter:data1\" content=\"1 minute\">\n<script type=\"application\/ld+json\" class=\"yoast-schema-graph\">{\"@context\":\"https:\/\/schema.org\",\"@graph\":[{\"@type\":\"WebSite\",\"@id\":\"https:\/\/www.hardmusic.es\/#website\",\"url\":\"https:\/\/www.hardmusic.es\/\",\"name\":\"HARDMUSIC.ES\",\"description\":\"Tienda Online y Marketplace de Vinilos Hard &amp; Dance\",\"potentialAction\":[{\"@type\":\"SearchAction\",\"target\":\"https:\/\/www.hardmusic.es\/?s={search_term_string}\",\"query-input\":\"required name=search_term_string\"}],\"inLanguage\":\"en-GB\"},{\"@type\":\"ImageObject\",\"@id\":\"https:\/\/www.hardmusic.es\/producto\/vinilo-bassdrum-project-hard-bass\/#primaryimage\",\"inLanguage\":\"en-GB\",\"url\":\"https:\/\/www.hardmusic.es\/wp-content\/uploads\/2021\/05\/Bassdrum-Project-Hard-Bass-12-EP.jpg\",\"width\":500,\"height\":500},{\"@type\":\"WebPage\",\"@id\":\"https:\/\/www.hardmusic.es\/producto\/vinilo-bassdrum-project-hard-bass\/#webpage\",\"url\":\"https:\/\/www.hardmusic.es\/producto\/vinilo-bassdrum-project-hard-bass\/\",\"name\":\"Bassdrum Project \\u200e\\u2013 Hard Bass - HARDMUSIC.ES\",\"isPartOf\":{\"@id\":\"https:\/\/www.hardmusic.es\/#website\"},\"primaryImageOfPage\":{\"@id\":\"https:\/\/www.hardmusic.es\/producto\/vinilo-bassdrum-project-hard-bass\/#primaryimage\"},\"datePublished\":\"2021-05-30T23:54:30+00:00\",\"dateModified\":\"2023-12-16T19:22:43+00:00\",\"inLanguage\":\"en-GB\",\"potentialAction\":[{\"@type\":\"ReadAction\",\"target\":[\"https:\/\/www.hardmusic.es\/producto\/vinilo-bassdrum-project-hard-bass\/\"]}]}]}<\/script>\n<!-- \/ Yoast SEO Premium plugin. -->","_links":{"self":[{"href":"https:\/\/www.hardmusic.es\/en\/wp-json\/wp\/v2\/product\/5595","targetHints":{"allow":["GET"]}}],"collection":[{"href":"https:\/\/www.hardmusic.es\/en\/wp-json\/wp\/v2\/product"}],"about":[{"href":"https:\/\/www.hardmusic.es\/en\/wp-json\/wp\/v2\/types\/product"}],"replies":[{"embeddable":true,"href":"https:\/\/www.hardmusic.es\/en\/wp-json\/wp\/v2\/comments?post=5595"}],"wp:featuredmedia":[{"embeddable":true,"href":"https:\/\/www.hardmusic.es\/en\/wp-json\/wp\/v2\/media\/5596"}],"wp:attachment":[{"href":"https:\/\/www.hardmusic.es\/en\/wp-json\/wp\/v2\/media?parent=5595"}],"wp:term":[{"taxonomy":"product_brand","embeddable":true,"href":"https:\/\/www.hardmusic.es\/en\/wp-json\/wp\/v2\/product_brand?post=5595"},{"taxonomy":"product_cat","embeddable":true,"href":"https:\/\/www.hardmusic.es\/en\/wp-json\/wp\/v2\/product_cat?post=5595"},{"taxonomy":"product_tag","embeddable":true,"href":"https:\/\/www.hardmusic.es\/en\/wp-json\/wp\/v2\/product_tag?post=5595"}],"curies":[{"name":"wp","href":"https:\/\/api.w.org\/{rel}","templated":true}]}}