{"id":5639,"date":"2021-06-23T16:13:13","date_gmt":"2021-06-23T14:13:13","guid":{"rendered":"https:\/\/www.hardmusic.es\/?post_type=product&#038;p=5639"},"modified":"2024-05-29T03:11:02","modified_gmt":"2024-05-29T01:11:02","slug":"vinilo-central-8","status":"publish","type":"product","link":"https:\/\/www.hardmusic.es\/en\/product\/vinilo-central-8\/","title":{"rendered":"Central 8"},"content":{"rendered":"<p><strong>Central \u2013 Central 8<\/strong><br \/>\nSello: Central Rock Records \u200e\u2013 CRMX-053, Bit Music \u200e\u2013 72467<br \/>\nFormato: Vinyl, 12&#8243;, 45 RPM<br \/>\nPa\u00eds: Spain<br \/>\nPublicado: 26 Feb 2005<br \/>\nG\u00e9nero: Electronic<br \/>\nEstilo: Hardcore, Euro House<\/p>\n<p>Lista de T\u00edtulos<br \/>\nA Central Number One<br \/>\nWritten-By \u2013 Fco.Javier Garc\u00eda Ram\u00f3n, J.M.Almi\u00f1ana<br \/>\nB Dance With Me<\/p>\n<p>Vocals \u2013 Jessica<br \/>\nWritten-By \u2013 Dionisio G\u00f3mez, Inmaculada Mogica<\/p>\n<p>Cr\u00e9ditos<br \/>\nProducer \u2013 DJ Juanma, Javi Boss<br \/>\nVocals \u2013 Jessica (tracks: B)<\/p>\n<p>C\u00f3digo de Barras y Otros Identificadores<br \/>\nBarcode: 8 423646 724673<br \/>\nDep\u00f3sito Legal: B\/6937\/05<br \/>\nRights Society: SGAE<\/p>","protected":false},"excerpt":{"rendered":"<p><img decoding=\"async\" class=\"alignnone  wp-image-17321\" src=\"https:\/\/www.hardmusic.es\/wp-content\/uploads\/2022\/12\/CENTRAL-ROCK-RECORDS-512-X-512-PX-4-300x300.jpg\" alt=\"\" width=\"50\" height=\"50\" srcset=\"https:\/\/www.hardmusic.es\/wp-content\/uploads\/2022\/12\/CENTRAL-ROCK-RECORDS-512-X-512-PX-4-300x300.jpg 300w, https:\/\/www.hardmusic.es\/wp-content\/uploads\/2022\/12\/CENTRAL-ROCK-RECORDS-512-X-512-PX-4-100x100.jpg 100w, https:\/\/www.hardmusic.es\/wp-content\/uploads\/2022\/12\/CENTRAL-ROCK-RECORDS-512-X-512-PX-4-400x400.jpg 400w, https:\/\/www.hardmusic.es\/wp-content\/uploads\/2022\/12\/CENTRAL-ROCK-RECORDS-512-X-512-PX-4.jpg 512w, https:\/\/www.hardmusic.es\/wp-content\/uploads\/2022\/12\/CENTRAL-ROCK-RECORDS-512-X-512-PX-4-12x12.jpg 12w, https:\/\/www.hardmusic.es\/wp-content\/uploads\/2022\/12\/CENTRAL-ROCK-RECORDS-512-X-512-PX-4-24x24.jpg 24w, https:\/\/www.hardmusic.es\/wp-content\/uploads\/2022\/12\/CENTRAL-ROCK-RECORDS-512-X-512-PX-4-36x36.jpg 36w, https:\/\/www.hardmusic.es\/wp-content\/uploads\/2022\/12\/CENTRAL-ROCK-RECORDS-512-X-512-PX-4-48x48.jpg 48w, https:\/\/www.hardmusic.es\/wp-content\/uploads\/2022\/12\/CENTRAL-ROCK-RECORDS-512-X-512-PX-4-46x46.jpg 46w, https:\/\/www.hardmusic.es\/wp-content\/uploads\/2022\/12\/CENTRAL-ROCK-RECORDS-512-X-512-PX-4-50x50.jpg 50w\" sizes=\"(max-width: 50px) 100vw, 50px\" \/><\/p>\n<p><strong><i class=\"fas fa-compact-disc\"><\/i> Estado del vinilo:<\/strong> VG+: Muy Bueno +<br \/>\n<strong><i class=\"fas fa-square-full\"><\/i> Estado de la funda:<\/strong> G+: Buena Condici\u00f3n +<br \/>\n<strong><i class=\"fas fa-edit\"><\/i> Notas:<\/strong> Portada deteriorada por quitar pegatina<\/p>\n<div class=\"wp-playlist wp-audio-playlist wp-playlist-light\">\n<div class=\"wp-playlist-current-item\"><\/div>\n<p>\t\t<audio controls=\"controls\" preload=\"none\" width=\"640\"\n\t\t\t><\/audio><\/p>\n<div class=\"wp-playlist-next\"><\/div>\n<div class=\"wp-playlist-prev\"><\/div>\n<p>\t<noscript><\/p>\n<ol>\n<li><a href='https:\/\/www.hardmusic.es\/wp-content\/uploads\/2021\/06\/Central-Rock-Vol-8-Central-Number-One.mp3'>Central Rock Vol 8 &#8211; Central Number One<\/a><\/li>\n<li><a href='https:\/\/www.hardmusic.es\/wp-content\/uploads\/2021\/06\/Central-Vol.-8-Dance-With-Me.mp3'>Central Vol. 8 &#8211; Dance With Me<\/a><\/li>\n<\/ol>\n<p>\t<\/noscript><br \/>\n\t<script type=\"application\/json\" class=\"wp-playlist-script\">{\"type\":\"audio\",\"tracklist\":true,\"tracknumbers\":true,\"images\":true,\"artists\":true,\"tracks\":[{\"src\":\"https:\/\/www.hardmusic.es\/wp-content\/uploads\/2021\/06\/Central-Rock-Vol-8-Central-Number-One.mp3\",\"type\":\"audio\/mpeg\",\"title\":\"Central Rock Vol 8 - Central Number One\",\"caption\":\"\",\"description\":\"\\u00abCentral Rock Vol 8 - Central Number One\\u00bb.\",\"meta\":{\"length_formatted\":\"5:02\"},\"image\":{\"src\":\"https:\/\/www.hardmusic.es\/wp-includes\/images\/media\/audio.svg\",\"width\":48,\"height\":64},\"thumb\":{\"src\":\"https:\/\/www.hardmusic.es\/wp-includes\/images\/media\/audio.svg\",\"width\":48,\"height\":64}},{\"src\":\"https:\/\/www.hardmusic.es\/wp-content\/uploads\/2021\/06\/Central-Vol.-8-Dance-With-Me.mp3\",\"type\":\"audio\/mpeg\",\"title\":\"Central Vol. 8 - Dance With Me\",\"caption\":\"\",\"description\":\"\\u00abCentral Vol. 8 - Dance With Me\\u00bb.\",\"meta\":{\"length_formatted\":\"6:10\"},\"image\":{\"src\":\"https:\/\/www.hardmusic.es\/wp-includes\/images\/media\/audio.svg\",\"width\":48,\"height\":64},\"thumb\":{\"src\":\"https:\/\/www.hardmusic.es\/wp-includes\/images\/media\/audio.svg\",\"width\":48,\"height\":64}}]}<\/script>\n<\/div>\n","protected":false},"featured_media":5640,"comment_status":"open","ping_status":"closed","template":"","meta":{"_monsterinsights_skip_tracking":false,"_monsterinsights_sitenote_active":false,"_monsterinsights_sitenote_note":"","_monsterinsights_sitenote_category":0},"product_brand":[],"product_cat":[212,296,1561,153,15,157,158],"product_tag":[1566,214,1564,329,1562,1563,295,1565,1567,293,294],"class_list":{"0":"post-5639","1":"product","2":"type-product","3":"status-publish","4":"has-post-thumbnail","6":"product_cat-sello-bit-music","7":"product_cat-sello-central-rock-records","8":"product_cat-sello-central-rock-records-dance","9":"product_cat-vinilos-dance","10":"product_cat-todos-los-vinilos-hard-music","11":"product_cat-novedades-vinilos-hard-dance","12":"product_cat-vinilos-en-oferta","13":"product_tag-1566","14":"product_tag-bit-music","15":"product_tag-bit-music--72467","16":"product_tag-central","17":"product_tag-central-central-8","18":"product_tag-central-number-one","19":"product_tag-central-rock-records","20":"product_tag-central-rock-records--crmx-053","21":"product_tag-crmx-053","22":"product_tag-dj-javi-boss","23":"product_tag-dj-juanma","25":"first","26":"instock","27":"sale","28":"shipping-taxable","29":"purchasable","30":"product-type-simple"},"yoast_head":"<!-- This site is optimized with the Yoast SEO Premium plugin v15.6.2 - https:\/\/yoast.com\/wordpress\/plugins\/seo\/ -->\n<title>Central 8 - HARDMUSIC.ES<\/title>\n<meta name=\"robots\" content=\"index, follow, max-snippet:-1, max-image-preview:large, max-video-preview:-1\" \/>\n<link rel=\"canonical\" href=\"https:\/\/www.hardmusic.es\/en\/product\/vinilo-central-8\/\" \/>\n<meta property=\"og:locale\" content=\"en_GB\" \/>\n<meta property=\"og:type\" content=\"article\" \/>\n<meta property=\"og:title\" content=\"Central 8 - HARDMUSIC.ES\" \/>\n<meta property=\"og:description\" content=\"Estado del vinilo: VG+: Muy Bueno +  Estado de la funda: G+: Buena Condici\u00f3n +  Notas: Portada deteriorada por quitar pegatina\" \/>\n<meta property=\"og:url\" content=\"https:\/\/www.hardmusic.es\/en\/product\/vinilo-central-8\/\" \/>\n<meta property=\"og:site_name\" content=\"HARDMUSIC.ES\" \/>\n<meta property=\"article:modified_time\" content=\"2024-05-29T01:11:02+00:00\" \/>\n<meta property=\"og:image\" content=\"https:\/\/www.hardmusic.es\/wp-content\/uploads\/2021\/06\/1-1.jpg\" \/>\n\t<meta property=\"og:image:width\" content=\"597\" \/>\n\t<meta property=\"og:image:height\" content=\"600\" \/>\n<meta name=\"twitter:card\" content=\"summary_large_image\" \/>\n<meta name=\"twitter:label1\" content=\"Estimated reading time\">\n\t<meta name=\"twitter:data1\" content=\"1 minute\">\n<script type=\"application\/ld+json\" class=\"yoast-schema-graph\">{\"@context\":\"https:\/\/schema.org\",\"@graph\":[{\"@type\":\"WebSite\",\"@id\":\"https:\/\/www.hardmusic.es\/#website\",\"url\":\"https:\/\/www.hardmusic.es\/\",\"name\":\"HARDMUSIC.ES\",\"description\":\"Tienda Online y Marketplace de Vinilos Hard &amp; Dance\",\"potentialAction\":[{\"@type\":\"SearchAction\",\"target\":\"https:\/\/www.hardmusic.es\/?s={search_term_string}\",\"query-input\":\"required name=search_term_string\"}],\"inLanguage\":\"en-GB\"},{\"@type\":\"ImageObject\",\"@id\":\"https:\/\/www.hardmusic.es\/producto\/vinilo-central-8\/#primaryimage\",\"inLanguage\":\"en-GB\",\"url\":\"https:\/\/www.hardmusic.es\/wp-content\/uploads\/2021\/06\/1-1.jpg\",\"width\":597,\"height\":600},{\"@type\":\"WebPage\",\"@id\":\"https:\/\/www.hardmusic.es\/producto\/vinilo-central-8\/#webpage\",\"url\":\"https:\/\/www.hardmusic.es\/producto\/vinilo-central-8\/\",\"name\":\"Central 8 - HARDMUSIC.ES\",\"isPartOf\":{\"@id\":\"https:\/\/www.hardmusic.es\/#website\"},\"primaryImageOfPage\":{\"@id\":\"https:\/\/www.hardmusic.es\/producto\/vinilo-central-8\/#primaryimage\"},\"datePublished\":\"2021-06-23T14:13:13+00:00\",\"dateModified\":\"2024-05-29T01:11:02+00:00\",\"inLanguage\":\"en-GB\",\"potentialAction\":[{\"@type\":\"ReadAction\",\"target\":[\"https:\/\/www.hardmusic.es\/producto\/vinilo-central-8\/\"]}]}]}<\/script>\n<!-- \/ Yoast SEO Premium plugin. -->","_links":{"self":[{"href":"https:\/\/www.hardmusic.es\/en\/wp-json\/wp\/v2\/product\/5639","targetHints":{"allow":["GET"]}}],"collection":[{"href":"https:\/\/www.hardmusic.es\/en\/wp-json\/wp\/v2\/product"}],"about":[{"href":"https:\/\/www.hardmusic.es\/en\/wp-json\/wp\/v2\/types\/product"}],"replies":[{"embeddable":true,"href":"https:\/\/www.hardmusic.es\/en\/wp-json\/wp\/v2\/comments?post=5639"}],"wp:featuredmedia":[{"embeddable":true,"href":"https:\/\/www.hardmusic.es\/en\/wp-json\/wp\/v2\/media\/5640"}],"wp:attachment":[{"href":"https:\/\/www.hardmusic.es\/en\/wp-json\/wp\/v2\/media?parent=5639"}],"wp:term":[{"taxonomy":"product_brand","embeddable":true,"href":"https:\/\/www.hardmusic.es\/en\/wp-json\/wp\/v2\/product_brand?post=5639"},{"taxonomy":"product_cat","embeddable":true,"href":"https:\/\/www.hardmusic.es\/en\/wp-json\/wp\/v2\/product_cat?post=5639"},{"taxonomy":"product_tag","embeddable":true,"href":"https:\/\/www.hardmusic.es\/en\/wp-json\/wp\/v2\/product_tag?post=5639"}],"curies":[{"name":"wp","href":"https:\/\/api.w.org\/{rel}","templated":true}]}}