{"id":5685,"date":"2021-06-27T21:28:22","date_gmt":"2021-06-27T19:28:22","guid":{"rendered":"https:\/\/www.hardmusic.es\/?post_type=product&#038;p=5685"},"modified":"2023-12-16T19:15:51","modified_gmt":"2023-12-16T18:15:51","slug":"vinilo-bass-d-king-matthew-rock-that","status":"publish","type":"product","link":"https:\/\/www.hardmusic.es\/en\/product\/vinilo-bass-d-king-matthew-rock-that\/","title":{"rendered":"Bass-D &#038; King Matthew vs. Lady Dana \u200e\u2013 Rock That"},"content":{"rendered":"<p><strong>Bass-D &amp; King Matthew vs. Lady Dana \u200e\u2013 Rock That<\/strong><br \/>\nSello: PN Records \u200e\u2013 PNMX 28<br \/>\nFormato: Vinyl, 12&#8243;, 33 \u2153 RPM<br \/>\nPa\u00eds: Spain<br \/>\nPublicado: 2000<br \/>\nG\u00e9nero: Electronic<br \/>\nEstilo: Hardcore, Gabber<\/p>\n<p><strong>Lista de T\u00edtulos<\/strong><br \/>\nA1 \u2013Bass-D &amp; King Matthew Suckerzz 6:11<br \/>\nB1 \u2013Bass-D &amp; King Matthew vs. Lady Dana Rock That 5:46<br \/>\nB2 \u2013Bass-D &amp; King Matthew Buck Whylin&#8217; 5:33<\/p>\n<p><strong>Notas<\/strong><br \/>\nLicensed from Masters of Hardcore.<br \/>\nC\u00f3digo de Barras y Otros Identificadores<br \/>\nBarcode: 8421597027492<\/p>\n<audio class=\"wp-audio-shortcode\" id=\"audio-5685-1\" preload=\"none\" style=\"width: 100%;\" controls=\"controls\"><source type=\"audio\/mpeg\" src=\"https:\/\/www.hardmusic.es\/wp-content\/uploads\/2021\/06\/Bass-D-King-Matthew-vs-Lady-Dana-Rock-That.mp3?_=1\" \/><a href=\"https:\/\/www.hardmusic.es\/wp-content\/uploads\/2021\/06\/Bass-D-King-Matthew-vs-Lady-Dana-Rock-That.mp3\">https:\/\/www.hardmusic.es\/wp-content\/uploads\/2021\/06\/Bass-D-King-Matthew-vs-Lady-Dana-Rock-That.mp3<\/a><\/audio>\n<audio class=\"wp-audio-shortcode\" id=\"audio-5685-2\" preload=\"none\" style=\"width: 100%;\" controls=\"controls\"><source type=\"audio\/mpeg\" src=\"https:\/\/www.hardmusic.es\/wp-content\/uploads\/2021\/06\/Bass-D-King-Matthew-Buck-Whylin.mp3?_=2\" \/><a href=\"https:\/\/www.hardmusic.es\/wp-content\/uploads\/2021\/06\/Bass-D-King-Matthew-Buck-Whylin.mp3\">https:\/\/www.hardmusic.es\/wp-content\/uploads\/2021\/06\/Bass-D-King-Matthew-Buck-Whylin.mp3<\/a><\/audio>\n<audio class=\"wp-audio-shortcode\" id=\"audio-5685-3\" preload=\"none\" style=\"width: 100%;\" controls=\"controls\"><source type=\"audio\/mpeg\" src=\"https:\/\/www.hardmusic.es\/wp-content\/uploads\/2021\/06\/Bass-D-King-Matthew-Suckerzz.mp3?_=3\" \/><a href=\"https:\/\/www.hardmusic.es\/wp-content\/uploads\/2021\/06\/Bass-D-King-Matthew-Suckerzz.mp3\">https:\/\/www.hardmusic.es\/wp-content\/uploads\/2021\/06\/Bass-D-King-Matthew-Suckerzz.mp3<\/a><\/audio>","protected":false},"excerpt":{"rendered":"<p>Bass-D &amp; King Matthew vs. Lady Dana \u200e\u2013 Rock That Sello: PN Records \u200e\u2013 PNMX 28 Formato: Vinyl, 12&#8243;, 33 \u2153 RPM Pa\u00eds: Spain Publicado: 2000 G\u00e9nero: Electronic Estilo: Hardcore, Gabber Lista de T\u00edtulos A1 \u2013Bass-D &amp; King Matthew Suckerzz 6:11 B1 \u2013Bass-D &amp; King Matthew vs. Lady Dana Rock That 5:46 B2 \u2013Bass-D &amp; [&hellip;]<\/p>\n","protected":false},"featured_media":5686,"comment_status":"open","ping_status":"closed","template":"","meta":{"_monsterinsights_skip_tracking":false,"_monsterinsights_sitenote_active":false,"_monsterinsights_sitenote_note":"","_monsterinsights_sitenote_category":0},"product_brand":[],"product_cat":[15,349],"product_tag":[350,193,351,352],"class_list":{"0":"post-5685","1":"product","2":"type-product","3":"status-publish","4":"has-post-thumbnail","6":"product_cat-todos-los-vinilos-hard-music","7":"product_cat-sello-pn-records","8":"product_tag-bass-d","9":"product_tag-hardcore","10":"product_tag-king-matthew","11":"product_tag-pn-records","13":"first","14":"outofstock","15":"shipping-taxable","16":"purchasable","17":"product-type-simple"},"yoast_head":"<!-- This site is optimized with the Yoast SEO Premium plugin v15.6.2 - https:\/\/yoast.com\/wordpress\/plugins\/seo\/ -->\n<title>Bass-D &amp; King Matthew vs. Lady Dana \u200e\u2013 Rock That - HARDMUSIC.ES<\/title>\n<meta name=\"robots\" content=\"index, follow, max-snippet:-1, max-image-preview:large, max-video-preview:-1\" \/>\n<link rel=\"canonical\" href=\"https:\/\/www.hardmusic.es\/en\/product\/vinilo-bass-d-king-matthew-rock-that\/\" \/>\n<meta property=\"og:locale\" content=\"en_GB\" \/>\n<meta property=\"og:type\" content=\"article\" \/>\n<meta property=\"og:title\" content=\"Bass-D &amp; King Matthew vs. Lady Dana \u200e\u2013 Rock That - HARDMUSIC.ES\" \/>\n<meta property=\"og:description\" content=\"Bass-D &amp; King Matthew vs. Lady Dana \u200e\u2013 Rock That Sello: PN Records \u200e\u2013 PNMX 28 Formato: Vinyl, 12&#8243;, 33 \u2153 RPM Pa\u00eds: Spain Publicado: 2000 G\u00e9nero: Electronic Estilo: Hardcore, Gabber Lista de T\u00edtulos A1 \u2013Bass-D &amp; King Matthew Suckerzz 6:11 B1 \u2013Bass-D &amp; King Matthew vs. Lady Dana Rock That 5:46 B2 \u2013Bass-D &amp; [&hellip;]\" \/>\n<meta property=\"og:url\" content=\"https:\/\/www.hardmusic.es\/en\/product\/vinilo-bass-d-king-matthew-rock-that\/\" \/>\n<meta property=\"og:site_name\" content=\"HARDMUSIC.ES\" \/>\n<meta property=\"article:modified_time\" content=\"2023-12-16T18:15:51+00:00\" \/>\n<meta property=\"og:image\" content=\"https:\/\/www.hardmusic.es\/wp-content\/uploads\/2021\/06\/Bass-D-King-Matthew-vs.-Lady-Dana-\u200e\u2013-Rock-That.jpg\" \/>\n\t<meta property=\"og:image:width\" content=\"200\" \/>\n\t<meta property=\"og:image:height\" content=\"200\" \/>\n<meta name=\"twitter:card\" content=\"summary_large_image\" \/>\n<meta name=\"twitter:label1\" content=\"Estimated reading time\">\n\t<meta name=\"twitter:data1\" content=\"1 minute\">\n<script type=\"application\/ld+json\" class=\"yoast-schema-graph\">{\"@context\":\"https:\/\/schema.org\",\"@graph\":[{\"@type\":\"WebSite\",\"@id\":\"https:\/\/www.hardmusic.es\/#website\",\"url\":\"https:\/\/www.hardmusic.es\/\",\"name\":\"HARDMUSIC.ES\",\"description\":\"Tienda Online y Marketplace de Vinilos Hard &amp; Dance\",\"potentialAction\":[{\"@type\":\"SearchAction\",\"target\":\"https:\/\/www.hardmusic.es\/?s={search_term_string}\",\"query-input\":\"required name=search_term_string\"}],\"inLanguage\":\"en-GB\"},{\"@type\":\"ImageObject\",\"@id\":\"https:\/\/www.hardmusic.es\/producto\/vinilo-bass-d-king-matthew-rock-that\/#primaryimage\",\"inLanguage\":\"en-GB\",\"url\":\"https:\/\/www.hardmusic.es\/wp-content\/uploads\/2021\/06\/Bass-D-King-Matthew-vs.-Lady-Dana-\\u200e\\u2013-Rock-That.jpg\",\"width\":200,\"height\":200},{\"@type\":\"WebPage\",\"@id\":\"https:\/\/www.hardmusic.es\/producto\/vinilo-bass-d-king-matthew-rock-that\/#webpage\",\"url\":\"https:\/\/www.hardmusic.es\/producto\/vinilo-bass-d-king-matthew-rock-that\/\",\"name\":\"Bass-D & King Matthew vs. Lady Dana \\u200e\\u2013 Rock That - HARDMUSIC.ES\",\"isPartOf\":{\"@id\":\"https:\/\/www.hardmusic.es\/#website\"},\"primaryImageOfPage\":{\"@id\":\"https:\/\/www.hardmusic.es\/producto\/vinilo-bass-d-king-matthew-rock-that\/#primaryimage\"},\"datePublished\":\"2021-06-27T19:28:22+00:00\",\"dateModified\":\"2023-12-16T18:15:51+00:00\",\"inLanguage\":\"en-GB\",\"potentialAction\":[{\"@type\":\"ReadAction\",\"target\":[\"https:\/\/www.hardmusic.es\/producto\/vinilo-bass-d-king-matthew-rock-that\/\"]}]}]}<\/script>\n<!-- \/ Yoast SEO Premium plugin. -->","_links":{"self":[{"href":"https:\/\/www.hardmusic.es\/en\/wp-json\/wp\/v2\/product\/5685","targetHints":{"allow":["GET"]}}],"collection":[{"href":"https:\/\/www.hardmusic.es\/en\/wp-json\/wp\/v2\/product"}],"about":[{"href":"https:\/\/www.hardmusic.es\/en\/wp-json\/wp\/v2\/types\/product"}],"replies":[{"embeddable":true,"href":"https:\/\/www.hardmusic.es\/en\/wp-json\/wp\/v2\/comments?post=5685"}],"wp:featuredmedia":[{"embeddable":true,"href":"https:\/\/www.hardmusic.es\/en\/wp-json\/wp\/v2\/media\/5686"}],"wp:attachment":[{"href":"https:\/\/www.hardmusic.es\/en\/wp-json\/wp\/v2\/media?parent=5685"}],"wp:term":[{"taxonomy":"product_brand","embeddable":true,"href":"https:\/\/www.hardmusic.es\/en\/wp-json\/wp\/v2\/product_brand?post=5685"},{"taxonomy":"product_cat","embeddable":true,"href":"https:\/\/www.hardmusic.es\/en\/wp-json\/wp\/v2\/product_cat?post=5685"},{"taxonomy":"product_tag","embeddable":true,"href":"https:\/\/www.hardmusic.es\/en\/wp-json\/wp\/v2\/product_tag?post=5685"}],"curies":[{"name":"wp","href":"https:\/\/api.w.org\/{rel}","templated":true}]}}