{"id":5698,"date":"2021-06-30T17:46:10","date_gmt":"2021-06-30T15:46:10","guid":{"rendered":"https:\/\/www.hardmusic.es\/?post_type=product&#038;p=5698"},"modified":"2023-12-16T18:59:11","modified_gmt":"2023-12-16T17:59:11","slug":"vinilo-dione-remixes-and-refixes","status":"publish","type":"product","link":"https:\/\/www.hardmusic.es\/en\/product\/vinilo-dione-remixes-and-refixes\/","title":{"rendered":"Dione \u200e\u2013 Remixes And Refixes"},"content":{"rendered":"<p><strong>Dione \u200e\u2013 Remixes And Refixes<\/strong><br \/>\nSello: Megarave Records \u200e\u2013 MRV088<br \/>\nFormato: Vinyl, 12&#8243;, 33 \u2153 RPM<br \/>\nPa\u00eds: Netherlands<br \/>\nPublicado: May 2006<br \/>\nG\u00e9nero: Electronic<br \/>\nEstilo: Hardcore, Gabber<\/p>\n<p><strong>Lista de T\u00edtulos<\/strong><br \/>\nA1 Ruff Confusing 4:59<br \/>\nA2 Muddafuckas (2005 Refix) 4:29<br \/>\nA3 Just Kickin Ass (Paul Elstak Remix) Remix \u2013 Paul Elstak 5:03<br \/>\nB1 Rock The Place (Omar Santana Remix) Remix \u2013 Omar Santana 5:04<br \/>\nB2 Come Here And Die (Dj D Remix) Remix \u2013 Dj D 5:36<\/p>\n<p><strong>Compa\u00f1\u00edas, etc.<\/strong><br \/>\nDistributed By \u2013 Rige Distribution<br \/>\nPublished By \u2013 Copyright Control<br \/>\nMarketed By \u2013 Megarave Records<br \/>\nPressed By \u2013 Record Industry \u2013 62109<\/p>\n<p><strong>Cr\u00e9ditos<\/strong><br \/>\nComposed By \u2013 E. Ypma<\/p>\n<p><strong>Notas<\/strong><br \/>\nDistributed by Rige Distribution BV.<\/p>\n<p>C\u00f3digo de Barras y Otros Identificadores<br \/>\nBarcode (Text): 8 717047 002721 &gt;<br \/>\nBarcode (Scanned): 8717047002721<br \/>\nMatrix \/ Runout (A-Side): 62109 1A MRV 088<br \/>\nMatrix \/ Runout (B-Side): 62109 1B MRV 088<br \/>\nRights Society: BIEM<\/p>","protected":false},"excerpt":{"rendered":"<p>Dione \u200e\u2013 Remixes And Refixes Sello: Megarave Records \u200e\u2013 MRV088 Formato: Vinyl, 12&#8243;, 33 \u2153 RPM Pa\u00eds: Netherlands Publicado: May 2006 G\u00e9nero: Electronic Estilo: Hardcore, Gabber Lista de T\u00edtulos A1 Ruff Confusing 4:59 A2 Muddafuckas (2005 Refix) 4:29 A3 Just Kickin Ass (Paul Elstak Remix) Remix \u2013 Paul Elstak 5:03 B1 Rock The Place (Omar [&hellip;]<\/p>\n","protected":false},"featured_media":5706,"comment_status":"open","ping_status":"closed","template":"","meta":{"_monsterinsights_skip_tracking":false,"_monsterinsights_sitenote_active":false,"_monsterinsights_sitenote_note":"","_monsterinsights_sitenote_category":0},"product_brand":[],"product_cat":[15,357,157,158],"product_tag":[360,193,239,361,241,161],"class_list":{"0":"post-5698","1":"product","2":"type-product","3":"status-publish","4":"has-post-thumbnail","6":"product_cat-todos-los-vinilos-hard-music","7":"product_cat-sello-megarave-records","8":"product_cat-novedades-vinilos-hard-dance","9":"product_cat-vinilos-en-oferta","10":"product_tag-dione","11":"product_tag-hardcore","12":"product_tag-megarave-records","13":"product_tag-remixes-fixes","14":"product_tag-vinilo","15":"product_tag-vinilos","17":"first","18":"outofstock","19":"sale","20":"shipping-taxable","21":"purchasable","22":"product-type-simple"},"yoast_head":"<!-- This site is optimized with the Yoast SEO Premium plugin v15.6.2 - https:\/\/yoast.com\/wordpress\/plugins\/seo\/ -->\n<title>Dione \u200e\u2013 Remixes And Refixes - HARDMUSIC.ES<\/title>\n<meta name=\"robots\" content=\"index, follow, max-snippet:-1, max-image-preview:large, max-video-preview:-1\" \/>\n<link rel=\"canonical\" href=\"https:\/\/www.hardmusic.es\/en\/product\/vinilo-dione-remixes-and-refixes\/\" \/>\n<meta property=\"og:locale\" content=\"en_GB\" \/>\n<meta property=\"og:type\" content=\"article\" \/>\n<meta property=\"og:title\" content=\"Dione \u200e\u2013 Remixes And Refixes - HARDMUSIC.ES\" \/>\n<meta property=\"og:description\" content=\"Dione \u200e\u2013 Remixes And Refixes Sello: Megarave Records \u200e\u2013 MRV088 Formato: Vinyl, 12&#8243;, 33 \u2153 RPM Pa\u00eds: Netherlands Publicado: May 2006 G\u00e9nero: Electronic Estilo: Hardcore, Gabber Lista de T\u00edtulos A1 Ruff Confusing 4:59 A2 Muddafuckas (2005 Refix) 4:29 A3 Just Kickin Ass (Paul Elstak Remix) Remix \u2013 Paul Elstak 5:03 B1 Rock The Place (Omar [&hellip;]\" \/>\n<meta property=\"og:url\" content=\"https:\/\/www.hardmusic.es\/en\/product\/vinilo-dione-remixes-and-refixes\/\" \/>\n<meta property=\"og:site_name\" content=\"HARDMUSIC.ES\" \/>\n<meta property=\"article:modified_time\" content=\"2023-12-16T17:59:11+00:00\" \/>\n<meta property=\"og:image\" content=\"https:\/\/www.hardmusic.es\/wp-content\/uploads\/2021\/06\/Dione-\u200e\u2013-Remixes-And-Refixes.jpg\" \/>\n\t<meta property=\"og:image:width\" content=\"600\" \/>\n\t<meta property=\"og:image:height\" content=\"602\" \/>\n<meta name=\"twitter:card\" content=\"summary_large_image\" \/>\n<meta name=\"twitter:label1\" content=\"Estimated reading time\">\n\t<meta name=\"twitter:data1\" content=\"1 minute\">\n<script type=\"application\/ld+json\" class=\"yoast-schema-graph\">{\"@context\":\"https:\/\/schema.org\",\"@graph\":[{\"@type\":\"WebSite\",\"@id\":\"https:\/\/www.hardmusic.es\/#website\",\"url\":\"https:\/\/www.hardmusic.es\/\",\"name\":\"HARDMUSIC.ES\",\"description\":\"Tienda Online y Marketplace de Vinilos Hard &amp; Dance\",\"potentialAction\":[{\"@type\":\"SearchAction\",\"target\":\"https:\/\/www.hardmusic.es\/?s={search_term_string}\",\"query-input\":\"required name=search_term_string\"}],\"inLanguage\":\"en-GB\"},{\"@type\":\"ImageObject\",\"@id\":\"https:\/\/www.hardmusic.es\/producto\/vinilo-dione-remixes-and-refixes\/#primaryimage\",\"inLanguage\":\"en-GB\",\"url\":\"https:\/\/www.hardmusic.es\/wp-content\/uploads\/2021\/06\/Dione-\\u200e\\u2013-Remixes-And-Refixes.jpg\",\"width\":600,\"height\":602},{\"@type\":\"WebPage\",\"@id\":\"https:\/\/www.hardmusic.es\/producto\/vinilo-dione-remixes-and-refixes\/#webpage\",\"url\":\"https:\/\/www.hardmusic.es\/producto\/vinilo-dione-remixes-and-refixes\/\",\"name\":\"Dione \\u200e\\u2013 Remixes And Refixes - HARDMUSIC.ES\",\"isPartOf\":{\"@id\":\"https:\/\/www.hardmusic.es\/#website\"},\"primaryImageOfPage\":{\"@id\":\"https:\/\/www.hardmusic.es\/producto\/vinilo-dione-remixes-and-refixes\/#primaryimage\"},\"datePublished\":\"2021-06-30T15:46:10+00:00\",\"dateModified\":\"2023-12-16T17:59:11+00:00\",\"inLanguage\":\"en-GB\",\"potentialAction\":[{\"@type\":\"ReadAction\",\"target\":[\"https:\/\/www.hardmusic.es\/producto\/vinilo-dione-remixes-and-refixes\/\"]}]}]}<\/script>\n<!-- \/ Yoast SEO Premium plugin. -->","_links":{"self":[{"href":"https:\/\/www.hardmusic.es\/en\/wp-json\/wp\/v2\/product\/5698","targetHints":{"allow":["GET"]}}],"collection":[{"href":"https:\/\/www.hardmusic.es\/en\/wp-json\/wp\/v2\/product"}],"about":[{"href":"https:\/\/www.hardmusic.es\/en\/wp-json\/wp\/v2\/types\/product"}],"replies":[{"embeddable":true,"href":"https:\/\/www.hardmusic.es\/en\/wp-json\/wp\/v2\/comments?post=5698"}],"wp:featuredmedia":[{"embeddable":true,"href":"https:\/\/www.hardmusic.es\/en\/wp-json\/wp\/v2\/media\/5706"}],"wp:attachment":[{"href":"https:\/\/www.hardmusic.es\/en\/wp-json\/wp\/v2\/media?parent=5698"}],"wp:term":[{"taxonomy":"product_brand","embeddable":true,"href":"https:\/\/www.hardmusic.es\/en\/wp-json\/wp\/v2\/product_brand?post=5698"},{"taxonomy":"product_cat","embeddable":true,"href":"https:\/\/www.hardmusic.es\/en\/wp-json\/wp\/v2\/product_cat?post=5698"},{"taxonomy":"product_tag","embeddable":true,"href":"https:\/\/www.hardmusic.es\/en\/wp-json\/wp\/v2\/product_tag?post=5698"}],"curies":[{"name":"wp","href":"https:\/\/api.w.org\/{rel}","templated":true}]}}