{"id":5713,"date":"2021-06-30T21:28:00","date_gmt":"2021-06-30T19:28:00","guid":{"rendered":"https:\/\/www.hardmusic.es\/?post_type=product&#038;p=5713"},"modified":"2024-05-29T03:07:58","modified_gmt":"2024-05-29T01:07:58","slug":"vinilo-head-hornys-im-the-1-youre-looking-4","status":"publish","type":"product","link":"https:\/\/www.hardmusic.es\/en\/product\/vinilo-head-hornys-im-the-1-youre-looking-4\/","title":{"rendered":"Head Horny&#8217;s \u200e\u2013 I&#8217;m The 1 You&#8217;re Looking 4"},"content":{"rendered":"<p><strong>Head Horny&#8217;s \u200e\u2013 I&#8217;m The 1 You&#8217;re Looking 4<\/strong><br \/>\nSello: Print Records \u200e\u2013 P-933-12<br \/>\nFormato: Vinyl, 12&#8243;, 45 RPM, Picture Disc<br \/>\nPa\u00eds: Spain<br \/>\nPublicado: 2002<br \/>\nG\u00e9nero: Electronic<br \/>\nEstilo: Euro House, Hard House<\/p>\n<p><strong>Lista de T\u00edtulos<\/strong><br \/>\nA I&#8217;m The 1 You&#8217;re Looking 4<br \/>\nWritten-By \u2013 C. Mc Closkey*, Head Horny&#8217;s 6:32<br \/>\nB Kicking<br \/>\nWritten-By \u2013 Head Horny&#8217;s 6:50<\/p>\n<p>Compa\u00f1\u00edas, etc.<br \/>\nPhonographic Copyright (p) \u2013 Print Records<br \/>\nCopyright (c) \u2013 Contrase\u00f1a S.L.<br \/>\nDistributed By \u2013 Contrase\u00f1a S.L.<\/p>\n<p><strong>Cr\u00e9ditos<\/strong><br \/>\nMixed By \u2013 Head Horny&#8217;s<br \/>\nVocals \u2013 Carol Mc Closkey<\/p>\n<p><strong>Notas<\/strong><br \/>\n\u2117 Print Records<br \/>\n\u00a9 Con S.L.<br \/>\nDistributed in Spain by Contrase\u00f1a S.L.<br \/>\nFront and back cover photos of Paula Molla.<\/p>\n<p>Issued in a clear plastic sleeve.<\/p>\n<p><strong>C\u00f3digo de Barras y Otros Identificadores<\/strong><br \/>\nBarcode (Text): 8 425953 809333<br \/>\nBarcode (Scanned): 8425953809333<br \/>\nDep\u00f3sito Legal: V-1988-2002<br \/>\nMatrix \/ Runout (Side A runout, etched): P 933 12 A<br \/>\nMatrix \/ Runout (Side B runout, etched): P 933 12 B<\/p>","protected":false},"excerpt":{"rendered":"<p>Head Horny&#8217;s \u200e\u2013 I&#8217;m The 1 You&#8217;re Looking 4 Sello: Print Records \u200e\u2013 P-933-12 Formato: Vinyl, 12&#8243;, 45 RPM, Picture Disc Pa\u00eds: Spain Publicado: 2002 G\u00e9nero: Electronic Estilo: Euro House, Hard House Lista de T\u00edtulos A I&#8217;m The 1 You&#8217;re Looking 4 Written-By \u2013 C. Mc Closkey*, Head Horny&#8217;s 6:32 B Kicking Written-By \u2013 Head [&hellip;]<\/p>\n","protected":false},"featured_media":5715,"comment_status":"open","ping_status":"closed","template":"","meta":{"_monsterinsights_skip_tracking":false,"_monsterinsights_sitenote_active":false,"_monsterinsights_sitenote_note":"","_monsterinsights_sitenote_category":0},"product_brand":[],"product_cat":[153,15,157,158,319,362,2171],"product_tag":[190,189,290,228,363],"class_list":{"0":"post-5713","1":"product","2":"type-product","3":"status-publish","4":"has-post-thumbnail","6":"product_cat-vinilos-dance","7":"product_cat-todos-los-vinilos-hard-music","8":"product_cat-novedades-vinilos-hard-dance","9":"product_cat-vinilos-en-oferta","10":"product_cat-vinilos-pictures","11":"product_cat-sello-print-records","12":"product_cat-vinilos-muy-buscados","13":"product_tag-cantaditas","14":"product_tag-dance","15":"product_tag-eurodance","16":"product_tag-head-hornys","17":"product_tag-im-the-1-youre-looking-4","19":"first","20":"instock","21":"sale","22":"shipping-taxable","23":"purchasable","24":"product-type-simple"},"yoast_head":"<!-- This site is optimized with the Yoast SEO Premium plugin v15.6.2 - https:\/\/yoast.com\/wordpress\/plugins\/seo\/ -->\n<title>Head Horny&#039;s \u200e\u2013 I&#039;m The 1 You&#039;re Looking 4 - HARDMUSIC.ES<\/title>\n<meta name=\"robots\" content=\"index, follow, max-snippet:-1, max-image-preview:large, max-video-preview:-1\" \/>\n<link rel=\"canonical\" href=\"https:\/\/www.hardmusic.es\/en\/product\/vinilo-head-hornys-im-the-1-youre-looking-4\/\" \/>\n<meta property=\"og:locale\" content=\"en_GB\" \/>\n<meta property=\"og:type\" content=\"article\" \/>\n<meta property=\"og:title\" content=\"Head Horny&#039;s \u200e\u2013 I&#039;m The 1 You&#039;re Looking 4 - HARDMUSIC.ES\" \/>\n<meta property=\"og:description\" content=\"Head Horny&#8217;s \u200e\u2013 I&#8217;m The 1 You&#8217;re Looking 4 Sello: Print Records \u200e\u2013 P-933-12 Formato: Vinyl, 12&#8243;, 45 RPM, Picture Disc Pa\u00eds: Spain Publicado: 2002 G\u00e9nero: Electronic Estilo: Euro House, Hard House Lista de T\u00edtulos A I&#8217;m The 1 You&#8217;re Looking 4 Written-By \u2013 C. Mc Closkey*, Head Horny&#8217;s 6:32 B Kicking Written-By \u2013 Head [&hellip;]\" \/>\n<meta property=\"og:url\" content=\"https:\/\/www.hardmusic.es\/en\/product\/vinilo-head-hornys-im-the-1-youre-looking-4\/\" \/>\n<meta property=\"og:site_name\" content=\"HARDMUSIC.ES\" \/>\n<meta property=\"article:modified_time\" content=\"2024-05-29T01:07:58+00:00\" \/>\n<meta property=\"og:image\" content=\"https:\/\/www.hardmusic.es\/wp-content\/uploads\/2021\/06\/Head-Hornys-Im-The-1-Youre-Looking-4-12-Pic.jpg\" \/>\n\t<meta property=\"og:image:width\" content=\"300\" \/>\n\t<meta property=\"og:image:height\" content=\"297\" \/>\n<meta name=\"twitter:card\" content=\"summary_large_image\" \/>\n<meta name=\"twitter:label1\" content=\"Estimated reading time\">\n\t<meta name=\"twitter:data1\" content=\"1 minute\">\n<script type=\"application\/ld+json\" class=\"yoast-schema-graph\">{\"@context\":\"https:\/\/schema.org\",\"@graph\":[{\"@type\":\"WebSite\",\"@id\":\"https:\/\/www.hardmusic.es\/#website\",\"url\":\"https:\/\/www.hardmusic.es\/\",\"name\":\"HARDMUSIC.ES\",\"description\":\"Tienda Online y Marketplace de Vinilos Hard &amp; Dance\",\"potentialAction\":[{\"@type\":\"SearchAction\",\"target\":\"https:\/\/www.hardmusic.es\/?s={search_term_string}\",\"query-input\":\"required name=search_term_string\"}],\"inLanguage\":\"en-GB\"},{\"@type\":\"ImageObject\",\"@id\":\"https:\/\/www.hardmusic.es\/producto\/vinilo-head-hornys-im-the-1-youre-looking-4\/#primaryimage\",\"inLanguage\":\"en-GB\",\"url\":\"https:\/\/www.hardmusic.es\/wp-content\/uploads\/2021\/06\/Head-Hornys-Im-The-1-Youre-Looking-4-12-Pic.jpg\",\"width\":300,\"height\":297},{\"@type\":\"WebPage\",\"@id\":\"https:\/\/www.hardmusic.es\/producto\/vinilo-head-hornys-im-the-1-youre-looking-4\/#webpage\",\"url\":\"https:\/\/www.hardmusic.es\/producto\/vinilo-head-hornys-im-the-1-youre-looking-4\/\",\"name\":\"Head Horny's \\u200e\\u2013 I'm The 1 You're Looking 4 - HARDMUSIC.ES\",\"isPartOf\":{\"@id\":\"https:\/\/www.hardmusic.es\/#website\"},\"primaryImageOfPage\":{\"@id\":\"https:\/\/www.hardmusic.es\/producto\/vinilo-head-hornys-im-the-1-youre-looking-4\/#primaryimage\"},\"datePublished\":\"2021-06-30T19:28:00+00:00\",\"dateModified\":\"2024-05-29T01:07:58+00:00\",\"inLanguage\":\"en-GB\",\"potentialAction\":[{\"@type\":\"ReadAction\",\"target\":[\"https:\/\/www.hardmusic.es\/producto\/vinilo-head-hornys-im-the-1-youre-looking-4\/\"]}]}]}<\/script>\n<!-- \/ Yoast SEO Premium plugin. -->","_links":{"self":[{"href":"https:\/\/www.hardmusic.es\/en\/wp-json\/wp\/v2\/product\/5713","targetHints":{"allow":["GET"]}}],"collection":[{"href":"https:\/\/www.hardmusic.es\/en\/wp-json\/wp\/v2\/product"}],"about":[{"href":"https:\/\/www.hardmusic.es\/en\/wp-json\/wp\/v2\/types\/product"}],"replies":[{"embeddable":true,"href":"https:\/\/www.hardmusic.es\/en\/wp-json\/wp\/v2\/comments?post=5713"}],"wp:featuredmedia":[{"embeddable":true,"href":"https:\/\/www.hardmusic.es\/en\/wp-json\/wp\/v2\/media\/5715"}],"wp:attachment":[{"href":"https:\/\/www.hardmusic.es\/en\/wp-json\/wp\/v2\/media?parent=5713"}],"wp:term":[{"taxonomy":"product_brand","embeddable":true,"href":"https:\/\/www.hardmusic.es\/en\/wp-json\/wp\/v2\/product_brand?post=5713"},{"taxonomy":"product_cat","embeddable":true,"href":"https:\/\/www.hardmusic.es\/en\/wp-json\/wp\/v2\/product_cat?post=5713"},{"taxonomy":"product_tag","embeddable":true,"href":"https:\/\/www.hardmusic.es\/en\/wp-json\/wp\/v2\/product_tag?post=5713"}],"curies":[{"name":"wp","href":"https:\/\/api.w.org\/{rel}","templated":true}]}}