{"id":5719,"date":"2021-06-30T21:49:44","date_gmt":"2021-06-30T19:49:44","guid":{"rendered":"https:\/\/www.hardmusic.es\/?post_type=product&#038;p=5719"},"modified":"2023-12-16T18:57:06","modified_gmt":"2023-12-16T17:57:06","slug":"vinilo-javi-crecente-presents-dj-rase-wake-up","status":"publish","type":"product","link":"https:\/\/www.hardmusic.es\/en\/product\/vinilo-javi-crecente-presents-dj-rase-wake-up\/","title":{"rendered":"Javi Crecente Presents Dj Rase \u200e\u2013 Wake Up"},"content":{"rendered":"<p><strong>Javi Crecente Presents Dj Rase \u200e\u2013 Wake Up<\/strong><\/p>\n<p>Sello: Freneti-K Records \u200e\u2013 FK-009-MX<br \/>\nFormato: Vinyl, 12&#8243;<br \/>\nPa\u00eds: Spain<br \/>\nPublicado: 2007<br \/>\nG\u00e9nero: Electronic<br \/>\nEstilo: Hi NRG, Hard House, Hardstyle<\/p>\n<p><strong>Lista de T\u00edtulos<\/strong><br \/>\nA Wake Up<br \/>\nVocals \u2013 Ruth<br \/>\nB1 Poky Pain<br \/>\nB2 Hard Your Style<\/p>\n<p><strong>Cr\u00e9ditos<\/strong><br \/>\nPresenter \u2013 Javi Crecente<\/p>\n<audio class=\"wp-audio-shortcode\" id=\"audio-5719-1\" preload=\"none\" style=\"width: 100%;\" controls=\"controls\"><source type=\"audio\/mpeg\" src=\"https:\/\/www.hardmusic.es\/wp-content\/uploads\/2021\/06\/Javi-Crecente-presents-Dj-Rase-Poky-Pain.mp3?_=1\" \/><a href=\"https:\/\/www.hardmusic.es\/wp-content\/uploads\/2021\/06\/Javi-Crecente-presents-Dj-Rase-Poky-Pain.mp3\">https:\/\/www.hardmusic.es\/wp-content\/uploads\/2021\/06\/Javi-Crecente-presents-Dj-Rase-Poky-Pain.mp3<\/a><\/audio>\n<audio class=\"wp-audio-shortcode\" id=\"audio-5719-2\" preload=\"none\" style=\"width: 100%;\" controls=\"controls\"><source type=\"audio\/mpeg\" src=\"https:\/\/www.hardmusic.es\/wp-content\/uploads\/2021\/06\/Javi-Crecente-presents-Dj-Rase-Wake-Up.mp3?_=2\" \/><a href=\"https:\/\/www.hardmusic.es\/wp-content\/uploads\/2021\/06\/Javi-Crecente-presents-Dj-Rase-Wake-Up.mp3\">https:\/\/www.hardmusic.es\/wp-content\/uploads\/2021\/06\/Javi-Crecente-presents-Dj-Rase-Wake-Up.mp3<\/a><\/audio>","protected":false},"excerpt":{"rendered":"<p>Javi Crecente Presents Dj Rase \u200e\u2013 Wake Up Sello: Freneti-K Records \u200e\u2013 FK-009-MX Formato: Vinyl, 12&#8243; Pa\u00eds: Spain Publicado: 2007 G\u00e9nero: Electronic Estilo: Hi NRG, Hard House, Hardstyle Lista de T\u00edtulos A Wake Up Vocals \u2013 Ruth B1 Poky Pain B2 Hard Your Style Cr\u00e9ditos Presenter \u2013 Javi Crecente<\/p>","protected":false},"featured_media":5723,"comment_status":"open","ping_status":"closed","template":"","meta":{"_monsterinsights_skip_tracking":false,"_monsterinsights_sitenote_active":false,"_monsterinsights_sitenote_note":"","_monsterinsights_sitenote_category":0},"product_brand":[],"product_cat":[153,376,15,157,158],"product_tag":[190,189,366,290,364,365,367],"class_list":{"0":"post-5719","1":"product","2":"type-product","3":"status-publish","4":"has-post-thumbnail","6":"product_cat-vinilos-dance","7":"product_cat-sello-freneti-k-records","8":"product_cat-todos-los-vinilos-hard-music","9":"product_cat-novedades-vinilos-hard-dance","10":"product_cat-vinilos-en-oferta","11":"product_tag-cantaditas","12":"product_tag-dance","13":"product_tag-dj-rase","14":"product_tag-eurodance","15":"product_tag-freneti-k","16":"product_tag-javi-crecente","17":"product_tag-wake-up","19":"first","20":"outofstock","21":"sale","22":"shipping-taxable","23":"purchasable","24":"product-type-simple"},"yoast_head":"<!-- This site is optimized with the Yoast SEO Premium plugin v15.6.2 - https:\/\/yoast.com\/wordpress\/plugins\/seo\/ -->\n<title>Javi Crecente Presents Dj Rase \u200e\u2013 Wake Up - HARDMUSIC.ES<\/title>\n<meta name=\"robots\" content=\"index, follow, max-snippet:-1, max-image-preview:large, max-video-preview:-1\" \/>\n<link rel=\"canonical\" href=\"https:\/\/www.hardmusic.es\/en\/product\/vinilo-javi-crecente-presents-dj-rase-wake-up\/\" \/>\n<meta property=\"og:locale\" content=\"en_GB\" \/>\n<meta property=\"og:type\" content=\"article\" \/>\n<meta property=\"og:title\" content=\"Javi Crecente Presents Dj Rase \u200e\u2013 Wake Up - HARDMUSIC.ES\" \/>\n<meta property=\"og:description\" content=\"Javi Crecente Presents Dj Rase \u200e\u2013 Wake Up Sello: Freneti-K Records \u200e\u2013 FK-009-MX Formato: Vinyl, 12&#8243; Pa\u00eds: Spain Publicado: 2007 G\u00e9nero: Electronic Estilo: Hi NRG, Hard House, Hardstyle Lista de T\u00edtulos A Wake Up Vocals \u2013 Ruth B1 Poky Pain B2 Hard Your Style Cr\u00e9ditos Presenter \u2013 Javi Crecente\" \/>\n<meta property=\"og:url\" content=\"https:\/\/www.hardmusic.es\/en\/product\/vinilo-javi-crecente-presents-dj-rase-wake-up\/\" \/>\n<meta property=\"og:site_name\" content=\"HARDMUSIC.ES\" \/>\n<meta property=\"article:modified_time\" content=\"2023-12-16T17:57:06+00:00\" \/>\n<meta property=\"og:image\" content=\"https:\/\/www.hardmusic.es\/wp-content\/uploads\/2021\/06\/Javi-Crecente-Presents-Dj-Rase-\u200e\u2013-Wake-Up.jpg\" \/>\n\t<meta property=\"og:image:width\" content=\"300\" \/>\n\t<meta property=\"og:image:height\" content=\"300\" \/>\n<meta name=\"twitter:card\" content=\"summary_large_image\" \/>\n<meta name=\"twitter:label1\" content=\"Estimated reading time\">\n\t<meta name=\"twitter:data1\" content=\"1 minute\">\n<script type=\"application\/ld+json\" class=\"yoast-schema-graph\">{\"@context\":\"https:\/\/schema.org\",\"@graph\":[{\"@type\":\"WebSite\",\"@id\":\"https:\/\/www.hardmusic.es\/#website\",\"url\":\"https:\/\/www.hardmusic.es\/\",\"name\":\"HARDMUSIC.ES\",\"description\":\"Tienda Online y Marketplace de Vinilos Hard &amp; Dance\",\"potentialAction\":[{\"@type\":\"SearchAction\",\"target\":\"https:\/\/www.hardmusic.es\/?s={search_term_string}\",\"query-input\":\"required name=search_term_string\"}],\"inLanguage\":\"en-GB\"},{\"@type\":\"ImageObject\",\"@id\":\"https:\/\/www.hardmusic.es\/producto\/vinilo-javi-crecente-presents-dj-rase-wake-up\/#primaryimage\",\"inLanguage\":\"en-GB\",\"url\":\"https:\/\/www.hardmusic.es\/wp-content\/uploads\/2021\/06\/Javi-Crecente-Presents-Dj-Rase-\\u200e\\u2013-Wake-Up.jpg\",\"width\":300,\"height\":300},{\"@type\":\"WebPage\",\"@id\":\"https:\/\/www.hardmusic.es\/producto\/vinilo-javi-crecente-presents-dj-rase-wake-up\/#webpage\",\"url\":\"https:\/\/www.hardmusic.es\/producto\/vinilo-javi-crecente-presents-dj-rase-wake-up\/\",\"name\":\"Javi Crecente Presents Dj Rase \\u200e\\u2013 Wake Up - HARDMUSIC.ES\",\"isPartOf\":{\"@id\":\"https:\/\/www.hardmusic.es\/#website\"},\"primaryImageOfPage\":{\"@id\":\"https:\/\/www.hardmusic.es\/producto\/vinilo-javi-crecente-presents-dj-rase-wake-up\/#primaryimage\"},\"datePublished\":\"2021-06-30T19:49:44+00:00\",\"dateModified\":\"2023-12-16T17:57:06+00:00\",\"inLanguage\":\"en-GB\",\"potentialAction\":[{\"@type\":\"ReadAction\",\"target\":[\"https:\/\/www.hardmusic.es\/producto\/vinilo-javi-crecente-presents-dj-rase-wake-up\/\"]}]}]}<\/script>\n<!-- \/ Yoast SEO Premium plugin. -->","_links":{"self":[{"href":"https:\/\/www.hardmusic.es\/en\/wp-json\/wp\/v2\/product\/5719","targetHints":{"allow":["GET"]}}],"collection":[{"href":"https:\/\/www.hardmusic.es\/en\/wp-json\/wp\/v2\/product"}],"about":[{"href":"https:\/\/www.hardmusic.es\/en\/wp-json\/wp\/v2\/types\/product"}],"replies":[{"embeddable":true,"href":"https:\/\/www.hardmusic.es\/en\/wp-json\/wp\/v2\/comments?post=5719"}],"wp:featuredmedia":[{"embeddable":true,"href":"https:\/\/www.hardmusic.es\/en\/wp-json\/wp\/v2\/media\/5723"}],"wp:attachment":[{"href":"https:\/\/www.hardmusic.es\/en\/wp-json\/wp\/v2\/media?parent=5719"}],"wp:term":[{"taxonomy":"product_brand","embeddable":true,"href":"https:\/\/www.hardmusic.es\/en\/wp-json\/wp\/v2\/product_brand?post=5719"},{"taxonomy":"product_cat","embeddable":true,"href":"https:\/\/www.hardmusic.es\/en\/wp-json\/wp\/v2\/product_cat?post=5719"},{"taxonomy":"product_tag","embeddable":true,"href":"https:\/\/www.hardmusic.es\/en\/wp-json\/wp\/v2\/product_tag?post=5719"}],"curies":[{"name":"wp","href":"https:\/\/api.w.org\/{rel}","templated":true}]}}