{"id":5784,"date":"2021-07-04T17:59:02","date_gmt":"2021-07-04T15:59:02","guid":{"rendered":"https:\/\/www.hardmusic.es\/?post_type=product&#038;p=5784"},"modified":"2024-05-29T03:04:54","modified_gmt":"2024-05-29T01:04:54","slug":"vinilo-darren-r-abduction","status":"publish","type":"product","link":"https:\/\/www.hardmusic.es\/en\/product\/vinilo-darren-r-abduction\/","title":{"rendered":"Darren R. \u200e\u2013 Abduction"},"content":{"rendered":"<p><strong>Darren R. \u200e\u2013 Abduction<\/strong><br \/>\nSello: C.H.R \u200e\u2013 CHR-509<br \/>\nFormato: nVinyl, 12&#8243;<br \/>\nPa\u00eds: Spain<br \/>\nPublicado: 02 Sep 2003<br \/>\nG\u00e9nero: Electronic<br \/>\nEstilo: Hard House, Hardcore<\/p>\n<p><strong>Lista de T\u00edtulos<\/strong><br \/>\nA1 Action 5:43<br \/>\nA2 I Wanna 4:36<br \/>\nB1 Track Three 5:14<br \/>\nB2 70 Seconds Of Insanity 1:15<\/p>\n<p><strong>Cr\u00e9ditos<\/strong><br \/>\nWritten-By, Arranged By, Producer \u2013 Darren Ramirez<\/p>\n<p><strong>Notas<\/strong><br \/>\nA1 samples &#8216;Plastikman&#8217; with &#8216;Spastik&#8217;.<br \/>\nWritten, Produced &amp; Arranged at House &#8220;O&#8221; at Holic Studios (Los Angeles).<br \/>\nLicensed by Waxworks Muzik.<\/p>\n<audio class=\"wp-audio-shortcode\" id=\"audio-5784-1\" preload=\"none\" style=\"width: 100%;\" controls=\"controls\"><source type=\"audio\/mpeg\" src=\"https:\/\/www.hardmusic.es\/wp-content\/uploads\/2021\/07\/Dj-Pekao-Do-You-Like-Hardcore-1.mp3?_=1\" \/><a href=\"https:\/\/www.hardmusic.es\/wp-content\/uploads\/2021\/07\/Dj-Pekao-Do-You-Like-Hardcore-1.mp3\">https:\/\/www.hardmusic.es\/wp-content\/uploads\/2021\/07\/Dj-Pekao-Do-You-Like-Hardcore-1.mp3<\/a><\/audio>\n<audio class=\"wp-audio-shortcode\" id=\"audio-5784-2\" preload=\"none\" style=\"width: 100%;\" controls=\"controls\"><source type=\"audio\/mpeg\" src=\"https:\/\/www.hardmusic.es\/wp-content\/uploads\/2021\/07\/Dj-Pekao-Dynamica-1.mp3?_=2\" \/><a href=\"https:\/\/www.hardmusic.es\/wp-content\/uploads\/2021\/07\/Dj-Pekao-Dynamica-1.mp3\">https:\/\/www.hardmusic.es\/wp-content\/uploads\/2021\/07\/Dj-Pekao-Dynamica-1.mp3<\/a><\/audio>\n<audio class=\"wp-audio-shortcode\" id=\"audio-5784-3\" preload=\"none\" style=\"width: 100%;\" controls=\"controls\"><source type=\"audio\/mpeg\" src=\"https:\/\/www.hardmusic.es\/wp-content\/uploads\/2021\/07\/Dj-Pekao-I-Dont-Like-Hit-Me-1.mp3?_=3\" \/><a href=\"https:\/\/www.hardmusic.es\/wp-content\/uploads\/2021\/07\/Dj-Pekao-I-Dont-Like-Hit-Me-1.mp3\">https:\/\/www.hardmusic.es\/wp-content\/uploads\/2021\/07\/Dj-Pekao-I-Dont-Like-Hit-Me-1.mp3<\/a><\/audio>\n<audio class=\"wp-audio-shortcode\" id=\"audio-5784-4\" preload=\"none\" style=\"width: 100%;\" controls=\"controls\"><source type=\"audio\/mpeg\" src=\"https:\/\/www.hardmusic.es\/wp-content\/uploads\/2021\/07\/Dj-Pekao-Stand-Up-Now-1.mp3?_=4\" \/><a href=\"https:\/\/www.hardmusic.es\/wp-content\/uploads\/2021\/07\/Dj-Pekao-Stand-Up-Now-1.mp3\">https:\/\/www.hardmusic.es\/wp-content\/uploads\/2021\/07\/Dj-Pekao-Stand-Up-Now-1.mp3<\/a><\/audio>","protected":false},"excerpt":{"rendered":"<p>Darren R. \u200e\u2013 Abduction Sello: C.H.R \u200e\u2013 CHR-509 Formato: nVinyl, 12&#8243; Pa\u00eds: Spain Publicado: 02 Sep 2003 G\u00e9nero: Electronic Estilo: Hard House, Hardcore Lista de T\u00edtulos A1 Action 5:43 A2 I Wanna 4:36 B1 Track Three 5:14 B2 70 Seconds Of Insanity 1:15 Cr\u00e9ditos Written-By, Arranged By, Producer \u2013 Darren Ramirez Notas A1 samples &#8216;Plastikman&#8217; [&hellip;]<\/p>\n","protected":false},"featured_media":2852,"comment_status":"open","ping_status":"closed","template":"","meta":{"_monsterinsights_skip_tracking":false,"_monsterinsights_sitenote_active":false,"_monsterinsights_sitenote_note":"","_monsterinsights_sitenote_category":0},"product_brand":[],"product_cat":[155,1397,15,151,157,158,152],"product_tag":[394,159,387,393,316,389,160,224,241,161],"class_list":{"0":"post-5784","1":"product","2":"type-product","3":"status-publish","4":"has-post-thumbnail","6":"product_cat-sello-chr-contrasena-hardcore-records","7":"product_cat-productos-destacados","8":"product_cat-todos-los-vinilos-hard-music","9":"product_cat-vinilos-newstyle","10":"product_cat-novedades-vinilos-hard-dance","11":"product_cat-vinilos-en-oferta","12":"product_cat-vinilos-us-hard-house","13":"product_tag-abduction","14":"product_tag-chr","15":"product_tag-contrasena-hardcore-records","16":"product_tag-darren-r","17":"product_tag-hard-house","18":"product_tag-masia","19":"product_tag-newstyle","20":"product_tag-us-hard-house","21":"product_tag-vinilo","22":"product_tag-vinilos","24":"first","25":"instock","26":"sale","27":"shipping-taxable","28":"purchasable","29":"product-type-simple"},"yoast_head":"<!-- This site is optimized with the Yoast SEO Premium plugin v15.6.2 - https:\/\/yoast.com\/wordpress\/plugins\/seo\/ -->\n<title>Darren R. \u200e\u2013 Abduction - HARDMUSIC.ES<\/title>\n<meta name=\"robots\" content=\"index, follow, max-snippet:-1, max-image-preview:large, max-video-preview:-1\" \/>\n<link rel=\"canonical\" href=\"https:\/\/www.hardmusic.es\/en\/product\/vinilo-darren-r-abduction\/\" \/>\n<meta property=\"og:locale\" content=\"en_GB\" \/>\n<meta property=\"og:type\" content=\"article\" \/>\n<meta property=\"og:title\" content=\"Darren R. \u200e\u2013 Abduction - HARDMUSIC.ES\" \/>\n<meta property=\"og:description\" content=\"Darren R. \u200e\u2013 Abduction Sello: C.H.R \u200e\u2013 CHR-509 Formato: nVinyl, 12&#8243; Pa\u00eds: Spain Publicado: 02 Sep 2003 G\u00e9nero: Electronic Estilo: Hard House, Hardcore Lista de T\u00edtulos A1 Action 5:43 A2 I Wanna 4:36 B1 Track Three 5:14 B2 70 Seconds Of Insanity 1:15 Cr\u00e9ditos Written-By, Arranged By, Producer \u2013 Darren Ramirez Notas A1 samples &#8216;Plastikman&#8217; [&hellip;]\" \/>\n<meta property=\"og:url\" content=\"https:\/\/www.hardmusic.es\/en\/product\/vinilo-darren-r-abduction\/\" \/>\n<meta property=\"og:site_name\" content=\"HARDMUSIC.ES\" \/>\n<meta property=\"article:modified_time\" content=\"2024-05-29T01:04:54+00:00\" \/>\n<meta property=\"og:image\" content=\"https:\/\/www.hardmusic.es\/wp-content\/uploads\/2019\/12\/Darren-R.-\u200e\u2013-Abduction.jpg\" \/>\n\t<meta property=\"og:image:width\" content=\"200\" \/>\n\t<meta property=\"og:image:height\" content=\"200\" \/>\n<meta name=\"twitter:card\" content=\"summary_large_image\" \/>\n<meta name=\"twitter:label1\" content=\"Estimated reading time\">\n\t<meta name=\"twitter:data1\" content=\"1 minute\">\n<script type=\"application\/ld+json\" class=\"yoast-schema-graph\">{\"@context\":\"https:\/\/schema.org\",\"@graph\":[{\"@type\":\"WebSite\",\"@id\":\"https:\/\/www.hardmusic.es\/#website\",\"url\":\"https:\/\/www.hardmusic.es\/\",\"name\":\"HARDMUSIC.ES\",\"description\":\"Tienda Online y Marketplace de Vinilos Hard &amp; Dance\",\"potentialAction\":[{\"@type\":\"SearchAction\",\"target\":\"https:\/\/www.hardmusic.es\/?s={search_term_string}\",\"query-input\":\"required name=search_term_string\"}],\"inLanguage\":\"en-GB\"},{\"@type\":\"ImageObject\",\"@id\":\"https:\/\/www.hardmusic.es\/producto\/vinilo-darren-r-abduction\/#primaryimage\",\"inLanguage\":\"en-GB\",\"url\":\"https:\/\/www.hardmusic.es\/wp-content\/uploads\/2019\/12\/Darren-R.-\\u200e\\u2013-Abduction.jpg\",\"width\":200,\"height\":200},{\"@type\":\"WebPage\",\"@id\":\"https:\/\/www.hardmusic.es\/producto\/vinilo-darren-r-abduction\/#webpage\",\"url\":\"https:\/\/www.hardmusic.es\/producto\/vinilo-darren-r-abduction\/\",\"name\":\"Darren R. \\u200e\\u2013 Abduction - HARDMUSIC.ES\",\"isPartOf\":{\"@id\":\"https:\/\/www.hardmusic.es\/#website\"},\"primaryImageOfPage\":{\"@id\":\"https:\/\/www.hardmusic.es\/producto\/vinilo-darren-r-abduction\/#primaryimage\"},\"datePublished\":\"2021-07-04T15:59:02+00:00\",\"dateModified\":\"2024-05-29T01:04:54+00:00\",\"inLanguage\":\"en-GB\",\"potentialAction\":[{\"@type\":\"ReadAction\",\"target\":[\"https:\/\/www.hardmusic.es\/producto\/vinilo-darren-r-abduction\/\"]}]}]}<\/script>\n<!-- \/ Yoast SEO Premium plugin. -->","_links":{"self":[{"href":"https:\/\/www.hardmusic.es\/en\/wp-json\/wp\/v2\/product\/5784","targetHints":{"allow":["GET"]}}],"collection":[{"href":"https:\/\/www.hardmusic.es\/en\/wp-json\/wp\/v2\/product"}],"about":[{"href":"https:\/\/www.hardmusic.es\/en\/wp-json\/wp\/v2\/types\/product"}],"replies":[{"embeddable":true,"href":"https:\/\/www.hardmusic.es\/en\/wp-json\/wp\/v2\/comments?post=5784"}],"wp:featuredmedia":[{"embeddable":true,"href":"https:\/\/www.hardmusic.es\/en\/wp-json\/wp\/v2\/media\/2852"}],"wp:attachment":[{"href":"https:\/\/www.hardmusic.es\/en\/wp-json\/wp\/v2\/media?parent=5784"}],"wp:term":[{"taxonomy":"product_brand","embeddable":true,"href":"https:\/\/www.hardmusic.es\/en\/wp-json\/wp\/v2\/product_brand?post=5784"},{"taxonomy":"product_cat","embeddable":true,"href":"https:\/\/www.hardmusic.es\/en\/wp-json\/wp\/v2\/product_cat?post=5784"},{"taxonomy":"product_tag","embeddable":true,"href":"https:\/\/www.hardmusic.es\/en\/wp-json\/wp\/v2\/product_tag?post=5784"}],"curies":[{"name":"wp","href":"https:\/\/api.w.org\/{rel}","templated":true}]}}