{"id":5844,"date":"2021-08-14T19:47:32","date_gmt":"2021-08-14T17:47:32","guid":{"rendered":"https:\/\/www.hardmusic.es\/?post_type=product&#038;p=5844"},"modified":"2024-05-29T03:02:29","modified_gmt":"2024-05-29T01:02:29","slug":"vinilo-bossma-episodio-v","status":"publish","type":"product","link":"https:\/\/www.hardmusic.es\/en\/product\/vinilo-bossma-episodio-v\/","title":{"rendered":"Bossma \u2013 Episodio V"},"content":{"rendered":"<p><strong>Bossma \u2013 Episodio V<\/strong><br \/>\nSello: Central Rock Records \u2013 CRMX 57, Bit Music \u2013 72-515<br \/>\nFormato: Vinilo, 12&#8243;, 45 RPM<br \/>\nPa\u00eds: Spain<br \/>\nPublicado: 6 jul 2005<br \/>\nG\u00e9nero: Electronic<br \/>\nEstilo: Hardcore<\/p>\n<p>Lista de T\u00edtulos<br \/>\nA Javi Boss\u2013 Here We Come 5:35<br \/>\nB Dj Juanma\u2013 Freedom (Written-By, Producer \u2013 J.A. Rodriguez, J.M. Almi\u00f1ana) 5:11<\/p>\n<p>Compa\u00f1\u00edas, etc.<br \/>\nFabricado por \u2013 MPO Iberica<br \/>\nC\u00f3digo de Barras y Otros Identificadores<br \/>\nC\u00f3digo de Barras: 8423646725151<br \/>\nEntidad de gesti\u00f3n colectiva: SGAE<\/p>","protected":false},"excerpt":{"rendered":"<p>Bossma \u2013 Episodio V Sello: Central Rock Records \u2013 CRMX 57, Bit Music \u2013 72-515 Formato: Vinilo, 12&#8243;, 45 RPM Pa\u00eds: Spain Publicado: 6 jul 2005 G\u00e9nero: Electronic Estilo: Hardcore Lista de T\u00edtulos A Javi Boss\u2013 Here We Come 5:35 B Dj Juanma\u2013 Freedom (Written-By, Producer \u2013 J.A. Rodriguez, J.M. Almi\u00f1ana) 5:11 Compa\u00f1\u00edas, etc. Fabricado [&hellip;]<\/p>\n","protected":false},"featured_media":5848,"comment_status":"open","ping_status":"closed","template":"","meta":{"_monsterinsights_skip_tracking":false,"_monsterinsights_sitenote_active":false,"_monsterinsights_sitenote_note":"","_monsterinsights_sitenote_category":0},"product_brand":[],"product_cat":[296,15,157,158],"product_tag":[],"class_list":{"0":"post-5844","1":"product","2":"type-product","3":"status-publish","4":"has-post-thumbnail","6":"product_cat-sello-central-rock-records","7":"product_cat-todos-los-vinilos-hard-music","8":"product_cat-novedades-vinilos-hard-dance","9":"product_cat-vinilos-en-oferta","11":"first","12":"instock","13":"sale","14":"shipping-taxable","15":"purchasable","16":"product-type-simple"},"yoast_head":"<!-- This site is optimized with the Yoast SEO Premium plugin v15.6.2 - https:\/\/yoast.com\/wordpress\/plugins\/seo\/ -->\n<title>Bossma \u2013 Episodio V - HARDMUSIC.ES<\/title>\n<meta name=\"robots\" content=\"index, follow, max-snippet:-1, max-image-preview:large, max-video-preview:-1\" \/>\n<link rel=\"canonical\" href=\"https:\/\/www.hardmusic.es\/en\/product\/vinilo-bossma-episodio-v\/\" \/>\n<meta property=\"og:locale\" content=\"en_GB\" \/>\n<meta property=\"og:type\" content=\"article\" \/>\n<meta property=\"og:title\" content=\"Bossma \u2013 Episodio V - HARDMUSIC.ES\" \/>\n<meta property=\"og:description\" content=\"Bossma \u2013 Episodio V Sello: Central Rock Records \u2013 CRMX 57, Bit Music \u2013 72-515 Formato: Vinilo, 12&#8243;, 45 RPM Pa\u00eds: Spain Publicado: 6 jul 2005 G\u00e9nero: Electronic Estilo: Hardcore Lista de T\u00edtulos A Javi Boss\u2013 Here We Come 5:35 B Dj Juanma\u2013 Freedom (Written-By, Producer \u2013 J.A. Rodriguez, J.M. Almi\u00f1ana) 5:11 Compa\u00f1\u00edas, etc. Fabricado [&hellip;]\" \/>\n<meta property=\"og:url\" content=\"https:\/\/www.hardmusic.es\/en\/product\/vinilo-bossma-episodio-v\/\" \/>\n<meta property=\"og:site_name\" content=\"HARDMUSIC.ES\" \/>\n<meta property=\"article:modified_time\" content=\"2024-05-29T01:02:29+00:00\" \/>\n<meta property=\"og:image\" content=\"https:\/\/www.hardmusic.es\/wp-content\/uploads\/2021\/08\/Bossma-\u2013-Episodio-V.jpg\" \/>\n\t<meta property=\"og:image:width\" content=\"599\" \/>\n\t<meta property=\"og:image:height\" content=\"612\" \/>\n<meta name=\"twitter:card\" content=\"summary_large_image\" \/>\n<meta name=\"twitter:label1\" content=\"Estimated reading time\">\n\t<meta name=\"twitter:data1\" content=\"1 minute\">\n<script type=\"application\/ld+json\" class=\"yoast-schema-graph\">{\"@context\":\"https:\/\/schema.org\",\"@graph\":[{\"@type\":\"WebSite\",\"@id\":\"https:\/\/www.hardmusic.es\/#website\",\"url\":\"https:\/\/www.hardmusic.es\/\",\"name\":\"HARDMUSIC.ES\",\"description\":\"Tienda Online y Marketplace de Vinilos Hard &amp; Dance\",\"potentialAction\":[{\"@type\":\"SearchAction\",\"target\":\"https:\/\/www.hardmusic.es\/?s={search_term_string}\",\"query-input\":\"required name=search_term_string\"}],\"inLanguage\":\"en-GB\"},{\"@type\":\"ImageObject\",\"@id\":\"https:\/\/www.hardmusic.es\/producto\/vinilo-bossma-episodio-v\/#primaryimage\",\"inLanguage\":\"en-GB\",\"url\":\"https:\/\/www.hardmusic.es\/wp-content\/uploads\/2021\/08\/Bossma-\\u2013-Episodio-V.jpg\",\"width\":599,\"height\":612},{\"@type\":\"WebPage\",\"@id\":\"https:\/\/www.hardmusic.es\/producto\/vinilo-bossma-episodio-v\/#webpage\",\"url\":\"https:\/\/www.hardmusic.es\/producto\/vinilo-bossma-episodio-v\/\",\"name\":\"Bossma \\u2013 Episodio V - HARDMUSIC.ES\",\"isPartOf\":{\"@id\":\"https:\/\/www.hardmusic.es\/#website\"},\"primaryImageOfPage\":{\"@id\":\"https:\/\/www.hardmusic.es\/producto\/vinilo-bossma-episodio-v\/#primaryimage\"},\"datePublished\":\"2021-08-14T17:47:32+00:00\",\"dateModified\":\"2024-05-29T01:02:29+00:00\",\"inLanguage\":\"en-GB\",\"potentialAction\":[{\"@type\":\"ReadAction\",\"target\":[\"https:\/\/www.hardmusic.es\/producto\/vinilo-bossma-episodio-v\/\"]}]}]}<\/script>\n<!-- \/ Yoast SEO Premium plugin. -->","_links":{"self":[{"href":"https:\/\/www.hardmusic.es\/en\/wp-json\/wp\/v2\/product\/5844","targetHints":{"allow":["GET"]}}],"collection":[{"href":"https:\/\/www.hardmusic.es\/en\/wp-json\/wp\/v2\/product"}],"about":[{"href":"https:\/\/www.hardmusic.es\/en\/wp-json\/wp\/v2\/types\/product"}],"replies":[{"embeddable":true,"href":"https:\/\/www.hardmusic.es\/en\/wp-json\/wp\/v2\/comments?post=5844"}],"wp:featuredmedia":[{"embeddable":true,"href":"https:\/\/www.hardmusic.es\/en\/wp-json\/wp\/v2\/media\/5848"}],"wp:attachment":[{"href":"https:\/\/www.hardmusic.es\/en\/wp-json\/wp\/v2\/media?parent=5844"}],"wp:term":[{"taxonomy":"product_brand","embeddable":true,"href":"https:\/\/www.hardmusic.es\/en\/wp-json\/wp\/v2\/product_brand?post=5844"},{"taxonomy":"product_cat","embeddable":true,"href":"https:\/\/www.hardmusic.es\/en\/wp-json\/wp\/v2\/product_cat?post=5844"},{"taxonomy":"product_tag","embeddable":true,"href":"https:\/\/www.hardmusic.es\/en\/wp-json\/wp\/v2\/product_tag?post=5844"}],"curies":[{"name":"wp","href":"https:\/\/api.w.org\/{rel}","templated":true}]}}