{"id":6343,"date":"2021-08-29T00:30:49","date_gmt":"2021-08-28T22:30:49","guid":{"rendered":"https:\/\/www.hardmusic.es\/?post_type=product&#038;p=6343"},"modified":"2024-05-29T02:48:33","modified_gmt":"2024-05-29T00:48:33","slug":"vinilo-desolation-welcome-to-the-jungle","status":"publish","type":"product","link":"https:\/\/www.hardmusic.es\/en\/product\/vinilo-desolation-welcome-to-the-jungle\/","title":{"rendered":"Desolation \u200e\u2013 Welcome To The Jungle"},"content":{"rendered":"<p><strong>Desolation \u200e\u2013 Welcome To The Jungle<\/strong><br \/>\nSello: Central Rock Records \u200e\u2013 CRMX 037, Bit Music \u200e\u2013 72-282<br \/>\nFormato: Vinyl, 12&#8243;<br \/>\nPa\u00eds: Spain<br \/>\nPublicado: 2003<br \/>\nG\u00e9nero: Electronic<br \/>\nEstilo: Hardcore, Gabber<\/p>\n<p>Lista de pistas<br \/>\nA Welcome To The Jungle<br \/>\nB El Mullet<\/p>\n<p>Compa\u00f1\u00edas, etc.<br \/>\nMixed At \u2013 Desolation Studio<br \/>\nProduced At \u2013 Desolation Studio<\/p>\n<p>Cr\u00e9ditos<br \/>\nMixed By, Producer \u2013 Dj Juanma<br \/>\nC\u00f3digo de barras y otros identificadores<br \/>\nBarcode: 8423646722822<\/p>","protected":false},"excerpt":{"rendered":"<p>Desolation \u200e\u2013 Welcome To The Jungle Sello: Central Rock Records \u200e\u2013 CRMX 037, Bit Music \u200e\u2013 72-282 Formato: Vinyl, 12&#8243; Pa\u00eds: Spain Publicado: 2003 G\u00e9nero: Electronic Estilo: Hardcore, Gabber Lista de pistas A Welcome To The Jungle B El Mullet Compa\u00f1\u00edas, etc. Mixed At \u2013 Desolation Studio Produced At \u2013 Desolation Studio Cr\u00e9ditos Mixed By, [&hellip;]<\/p>\n","protected":false},"featured_media":6345,"comment_status":"open","ping_status":"closed","template":"","meta":{"_monsterinsights_skip_tracking":false,"_monsterinsights_sitenote_active":false,"_monsterinsights_sitenote_note":"","_monsterinsights_sitenote_category":0},"product_brand":[],"product_cat":[296,15,158],"product_tag":[329,295,698,699,697,294,420,193,701,408,241,161,426,700],"class_list":{"0":"post-6343","1":"product","2":"type-product","3":"status-publish","4":"has-post-thumbnail","6":"product_cat-sello-central-rock-records","7":"product_cat-todos-los-vinilos-hard-music","8":"product_cat-vinilos-en-oferta","9":"product_tag-central","10":"product_tag-central-rock-records","11":"product_tag-central-rock-records--crmx-037","12":"product_tag-crmx-037","13":"product_tag-desolation","14":"product_tag-dj-juanma","15":"product_tag-hard-music","16":"product_tag-hardcore","17":"product_tag-oferta","18":"product_tag-ofertas-vinilos","19":"product_tag-vinilo","20":"product_tag-vinilos","21":"product_tag-vinyl","22":"product_tag-welcome-to-the-jungle","24":"first","25":"outofstock","26":"sale","27":"shipping-taxable","28":"purchasable","29":"product-type-simple"},"yoast_head":"<!-- This site is optimized with the Yoast SEO Premium plugin v15.6.2 - https:\/\/yoast.com\/wordpress\/plugins\/seo\/ -->\n<title>Desolation \u200e\u2013 Welcome To The Jungle - HARDMUSIC.ES<\/title>\n<meta name=\"robots\" content=\"index, follow, max-snippet:-1, max-image-preview:large, max-video-preview:-1\" \/>\n<link rel=\"canonical\" href=\"https:\/\/www.hardmusic.es\/en\/product\/vinilo-desolation-welcome-to-the-jungle\/\" \/>\n<meta property=\"og:locale\" content=\"en_GB\" \/>\n<meta property=\"og:type\" content=\"article\" \/>\n<meta property=\"og:title\" content=\"Desolation \u200e\u2013 Welcome To The Jungle - HARDMUSIC.ES\" \/>\n<meta property=\"og:description\" content=\"Desolation \u200e\u2013 Welcome To The Jungle Sello: Central Rock Records \u200e\u2013 CRMX 037, Bit Music \u200e\u2013 72-282 Formato: Vinyl, 12&#8243; Pa\u00eds: Spain Publicado: 2003 G\u00e9nero: Electronic Estilo: Hardcore, Gabber Lista de pistas A Welcome To The Jungle B El Mullet Compa\u00f1\u00edas, etc. Mixed At \u2013 Desolation Studio Produced At \u2013 Desolation Studio Cr\u00e9ditos Mixed By, [&hellip;]\" \/>\n<meta property=\"og:url\" content=\"https:\/\/www.hardmusic.es\/en\/product\/vinilo-desolation-welcome-to-the-jungle\/\" \/>\n<meta property=\"og:site_name\" content=\"HARDMUSIC.ES\" \/>\n<meta property=\"article:modified_time\" content=\"2024-05-29T00:48:33+00:00\" \/>\n<meta property=\"og:image\" content=\"https:\/\/www.hardmusic.es\/wp-content\/uploads\/2021\/08\/Desolation-\u200e\u2013-Welcome-To-The-Jungle.jpg\" \/>\n\t<meta property=\"og:image:width\" content=\"591\" \/>\n\t<meta property=\"og:image:height\" content=\"600\" \/>\n<meta name=\"twitter:card\" content=\"summary_large_image\" \/>\n<script type=\"application\/ld+json\" class=\"yoast-schema-graph\">{\"@context\":\"https:\/\/schema.org\",\"@graph\":[{\"@type\":\"WebSite\",\"@id\":\"https:\/\/www.hardmusic.es\/#website\",\"url\":\"https:\/\/www.hardmusic.es\/\",\"name\":\"HARDMUSIC.ES\",\"description\":\"Tienda Online y Marketplace de Vinilos Hard &amp; Dance\",\"potentialAction\":[{\"@type\":\"SearchAction\",\"target\":\"https:\/\/www.hardmusic.es\/?s={search_term_string}\",\"query-input\":\"required name=search_term_string\"}],\"inLanguage\":\"en-GB\"},{\"@type\":\"ImageObject\",\"@id\":\"https:\/\/www.hardmusic.es\/producto\/vinilo-desolation-welcome-to-the-jungle\/#primaryimage\",\"inLanguage\":\"en-GB\",\"url\":\"https:\/\/www.hardmusic.es\/wp-content\/uploads\/2021\/08\/Desolation-\\u200e\\u2013-Welcome-To-The-Jungle.jpg\",\"width\":591,\"height\":600},{\"@type\":\"WebPage\",\"@id\":\"https:\/\/www.hardmusic.es\/producto\/vinilo-desolation-welcome-to-the-jungle\/#webpage\",\"url\":\"https:\/\/www.hardmusic.es\/producto\/vinilo-desolation-welcome-to-the-jungle\/\",\"name\":\"Desolation \\u200e\\u2013 Welcome To The Jungle - HARDMUSIC.ES\",\"isPartOf\":{\"@id\":\"https:\/\/www.hardmusic.es\/#website\"},\"primaryImageOfPage\":{\"@id\":\"https:\/\/www.hardmusic.es\/producto\/vinilo-desolation-welcome-to-the-jungle\/#primaryimage\"},\"datePublished\":\"2021-08-28T22:30:49+00:00\",\"dateModified\":\"2024-05-29T00:48:33+00:00\",\"inLanguage\":\"en-GB\",\"potentialAction\":[{\"@type\":\"ReadAction\",\"target\":[\"https:\/\/www.hardmusic.es\/producto\/vinilo-desolation-welcome-to-the-jungle\/\"]}]}]}<\/script>\n<!-- \/ Yoast SEO Premium plugin. -->","_links":{"self":[{"href":"https:\/\/www.hardmusic.es\/en\/wp-json\/wp\/v2\/product\/6343","targetHints":{"allow":["GET"]}}],"collection":[{"href":"https:\/\/www.hardmusic.es\/en\/wp-json\/wp\/v2\/product"}],"about":[{"href":"https:\/\/www.hardmusic.es\/en\/wp-json\/wp\/v2\/types\/product"}],"replies":[{"embeddable":true,"href":"https:\/\/www.hardmusic.es\/en\/wp-json\/wp\/v2\/comments?post=6343"}],"wp:featuredmedia":[{"embeddable":true,"href":"https:\/\/www.hardmusic.es\/en\/wp-json\/wp\/v2\/media\/6345"}],"wp:attachment":[{"href":"https:\/\/www.hardmusic.es\/en\/wp-json\/wp\/v2\/media?parent=6343"}],"wp:term":[{"taxonomy":"product_brand","embeddable":true,"href":"https:\/\/www.hardmusic.es\/en\/wp-json\/wp\/v2\/product_brand?post=6343"},{"taxonomy":"product_cat","embeddable":true,"href":"https:\/\/www.hardmusic.es\/en\/wp-json\/wp\/v2\/product_cat?post=6343"},{"taxonomy":"product_tag","embeddable":true,"href":"https:\/\/www.hardmusic.es\/en\/wp-json\/wp\/v2\/product_tag?post=6343"}],"curies":[{"name":"wp","href":"https:\/\/api.w.org\/{rel}","templated":true}]}}