{"id":6512,"date":"2021-08-30T22:04:22","date_gmt":"2021-08-30T20:04:22","guid":{"rendered":"https:\/\/www.hardmusic.es\/?post_type=product&#038;p=6512"},"modified":"2024-09-19T09:32:58","modified_gmt":"2024-09-19T07:32:58","slug":"vinilo-moon-steel-by-dj-domingo-volumen-2-sweet-2003","status":"publish","type":"product","link":"https:\/\/www.hardmusic.es\/en\/product\/vinilo-moon-steel-by-dj-domingo-volumen-2-sweet-2003\/","title":{"rendered":"Moon Steel by Dj Domingo \u200e\u2013 Volumen 2 &#8211; Sweet 2003"},"content":{"rendered":"<p><strong>Moon Steel by Dj Domingo \u200e\u2013 Volumen 2 &#8211; Sweet 2003<\/strong><br \/>\nSello: Bit Music \u200e\u2013 72-137, Central Rock Records \u200e\u2013 CRMX 30<br \/>\nFormato: mVinyl, 12&#8243;, 33 \u2153 RPM, 45 RPM<br \/>\nPa\u00eds: Spain<br \/>\nPublicado: 2003<br \/>\nG\u00e9nero: Electronic<br \/>\nEstilo: mHardcore<\/p>\n<p>Lista de pistas<br \/>\nA TLF Moon 5:34<br \/>\nB1 Jurasika 5:22<br \/>\nB2 mSweet 2003 6:18<\/p>\n<p>Cr\u00e9ditos<br \/>\nProducer, Written-By \u2013 DJ Domingo<\/p>\n<p>Notas<br \/>\nA side 45 RPM<br \/>\nB side 33 RPM<\/p>\n<p>C\u00f3digo de barras y otros identificadores<br \/>\nBarcode: 8423646721375<\/p>","protected":false},"excerpt":{"rendered":"<p>Moon Steel by Dj Domingo \u200e\u2013 Volumen 2 &#8211; Sweet 2003 Sello: Bit Music \u200e\u2013 72-137, Central Rock Records \u200e\u2013 CRMX 30 Formato: mVinyl, 12&#8243;, 33 \u2153 RPM, 45 RPM Pa\u00eds: Spain Publicado: 2003 G\u00e9nero: Electronic Estilo: mHardcore Lista de pistas A TLF Moon 5:34 B1 Jurasika 5:22 B2 mSweet 2003 6:18 Cr\u00e9ditos Producer, Written-By [&hellip;]<\/p>\n","protected":false},"featured_media":6517,"comment_status":"open","ping_status":"closed","template":"","meta":{"_monsterinsights_skip_tracking":false,"_monsterinsights_sitenote_active":false,"_monsterinsights_sitenote_note":"","_monsterinsights_sitenote_category":0},"product_brand":[],"product_cat":[296,15,158],"product_tag":[329,295,815,816,812,420,193,811,160,599,408,813,241,161,426,814],"class_list":{"0":"post-6512","1":"product","2":"type-product","3":"status-publish","4":"has-post-thumbnail","6":"product_cat-sello-central-rock-records","7":"product_cat-todos-los-vinilos-hard-music","8":"product_cat-vinilos-en-oferta","9":"product_tag-central","10":"product_tag-central-rock-records","11":"product_tag-central-rock-records--crmx-30","12":"product_tag-crmx-30","13":"product_tag-dj-domingo","14":"product_tag-hard-music","15":"product_tag-hardcore","16":"product_tag-moon-steel","17":"product_tag-newstyle","18":"product_tag-oferta-vinilo","19":"product_tag-ofertas-vinilos","20":"product_tag-sweet-2003","21":"product_tag-vinilo","22":"product_tag-vinilos","23":"product_tag-vinyl","24":"product_tag-volumen-2","26":"first","27":"outofstock","28":"sale","29":"shipping-taxable","30":"purchasable","31":"product-type-simple"},"yoast_head":"<!-- This site is optimized with the Yoast SEO Premium plugin v15.6.2 - https:\/\/yoast.com\/wordpress\/plugins\/seo\/ -->\n<title>Moon Steel by Dj Domingo \u200e\u2013 Volumen 2 - Sweet 2003 - HARDMUSIC.ES<\/title>\n<meta name=\"robots\" content=\"index, follow, max-snippet:-1, max-image-preview:large, max-video-preview:-1\" \/>\n<link rel=\"canonical\" href=\"https:\/\/www.hardmusic.es\/en\/product\/vinilo-moon-steel-by-dj-domingo-volumen-2-sweet-2003\/\" \/>\n<meta property=\"og:locale\" content=\"en_GB\" \/>\n<meta property=\"og:type\" content=\"article\" \/>\n<meta property=\"og:title\" content=\"Moon Steel by Dj Domingo \u200e\u2013 Volumen 2 - Sweet 2003 - HARDMUSIC.ES\" \/>\n<meta property=\"og:description\" content=\"Moon Steel by Dj Domingo \u200e\u2013 Volumen 2 &#8211; Sweet 2003 Sello: Bit Music \u200e\u2013 72-137, Central Rock Records \u200e\u2013 CRMX 30 Formato: mVinyl, 12&#8243;, 33 \u2153 RPM, 45 RPM Pa\u00eds: Spain Publicado: 2003 G\u00e9nero: Electronic Estilo: mHardcore Lista de pistas A TLF Moon 5:34 B1 Jurasika 5:22 B2 mSweet 2003 6:18 Cr\u00e9ditos Producer, Written-By [&hellip;]\" \/>\n<meta property=\"og:url\" content=\"https:\/\/www.hardmusic.es\/en\/product\/vinilo-moon-steel-by-dj-domingo-volumen-2-sweet-2003\/\" \/>\n<meta property=\"og:site_name\" content=\"HARDMUSIC.ES\" \/>\n<meta property=\"article:modified_time\" content=\"2024-09-19T07:32:58+00:00\" \/>\n<meta property=\"og:image\" content=\"https:\/\/www.hardmusic.es\/wp-content\/uploads\/2021\/08\/Moon-Steel-by-Dj-Domingo-\u200e\u2013-Volumen-2-Sweet-2003.jpg\" \/>\n\t<meta property=\"og:image:width\" content=\"434\" \/>\n\t<meta property=\"og:image:height\" content=\"406\" \/>\n<meta name=\"twitter:card\" content=\"summary_large_image\" \/>\n<script type=\"application\/ld+json\" class=\"yoast-schema-graph\">{\"@context\":\"https:\/\/schema.org\",\"@graph\":[{\"@type\":\"WebSite\",\"@id\":\"https:\/\/www.hardmusic.es\/#website\",\"url\":\"https:\/\/www.hardmusic.es\/\",\"name\":\"HARDMUSIC.ES\",\"description\":\"Tienda Online y Marketplace de Vinilos Hard &amp; Dance\",\"potentialAction\":[{\"@type\":\"SearchAction\",\"target\":\"https:\/\/www.hardmusic.es\/?s={search_term_string}\",\"query-input\":\"required name=search_term_string\"}],\"inLanguage\":\"en-GB\"},{\"@type\":\"ImageObject\",\"@id\":\"https:\/\/www.hardmusic.es\/producto\/vinilo-moon-steel-by-dj-domingo-volumen-2-sweet-2003\/#primaryimage\",\"inLanguage\":\"en-GB\",\"url\":\"https:\/\/www.hardmusic.es\/wp-content\/uploads\/2021\/08\/Moon-Steel-by-Dj-Domingo-\\u200e\\u2013-Volumen-2-Sweet-2003.jpg\",\"width\":434,\"height\":406},{\"@type\":\"WebPage\",\"@id\":\"https:\/\/www.hardmusic.es\/producto\/vinilo-moon-steel-by-dj-domingo-volumen-2-sweet-2003\/#webpage\",\"url\":\"https:\/\/www.hardmusic.es\/producto\/vinilo-moon-steel-by-dj-domingo-volumen-2-sweet-2003\/\",\"name\":\"Moon Steel by Dj Domingo \\u200e\\u2013 Volumen 2 - Sweet 2003 - HARDMUSIC.ES\",\"isPartOf\":{\"@id\":\"https:\/\/www.hardmusic.es\/#website\"},\"primaryImageOfPage\":{\"@id\":\"https:\/\/www.hardmusic.es\/producto\/vinilo-moon-steel-by-dj-domingo-volumen-2-sweet-2003\/#primaryimage\"},\"datePublished\":\"2021-08-30T20:04:22+00:00\",\"dateModified\":\"2024-09-19T07:32:58+00:00\",\"inLanguage\":\"en-GB\",\"potentialAction\":[{\"@type\":\"ReadAction\",\"target\":[\"https:\/\/www.hardmusic.es\/producto\/vinilo-moon-steel-by-dj-domingo-volumen-2-sweet-2003\/\"]}]}]}<\/script>\n<!-- \/ Yoast SEO Premium plugin. -->","_links":{"self":[{"href":"https:\/\/www.hardmusic.es\/en\/wp-json\/wp\/v2\/product\/6512","targetHints":{"allow":["GET"]}}],"collection":[{"href":"https:\/\/www.hardmusic.es\/en\/wp-json\/wp\/v2\/product"}],"about":[{"href":"https:\/\/www.hardmusic.es\/en\/wp-json\/wp\/v2\/types\/product"}],"replies":[{"embeddable":true,"href":"https:\/\/www.hardmusic.es\/en\/wp-json\/wp\/v2\/comments?post=6512"}],"wp:featuredmedia":[{"embeddable":true,"href":"https:\/\/www.hardmusic.es\/en\/wp-json\/wp\/v2\/media\/6517"}],"wp:attachment":[{"href":"https:\/\/www.hardmusic.es\/en\/wp-json\/wp\/v2\/media?parent=6512"}],"wp:term":[{"taxonomy":"product_brand","embeddable":true,"href":"https:\/\/www.hardmusic.es\/en\/wp-json\/wp\/v2\/product_brand?post=6512"},{"taxonomy":"product_cat","embeddable":true,"href":"https:\/\/www.hardmusic.es\/en\/wp-json\/wp\/v2\/product_cat?post=6512"},{"taxonomy":"product_tag","embeddable":true,"href":"https:\/\/www.hardmusic.es\/en\/wp-json\/wp\/v2\/product_tag?post=6512"}],"curies":[{"name":"wp","href":"https:\/\/api.w.org\/{rel}","templated":true}]}}