{"id":7490,"date":"2021-09-29T16:25:05","date_gmt":"2021-09-29T14:25:05","guid":{"rendered":"https:\/\/www.hardmusic.es\/?post_type=product&#038;p=7490"},"modified":"2023-12-14T02:43:48","modified_gmt":"2023-12-14T01:43:48","slug":"vinilo-subfrce-terrorist-the-first-rebirth","status":"publish","type":"product","link":"https:\/\/www.hardmusic.es\/en\/product\/vinilo-subfrce-terrorist-the-first-rebirth\/","title":{"rendered":"Subforce Terrorist \u200e\u2013 The First Rebirth"},"content":{"rendered":"<p><strong>Subforce Terrorist \u200e\u2013 The First Rebirth<\/strong><br \/>\nSello: Hard Traxx \u200e\u2013 XX4016MX<br \/>\nFormato: Vinyl, 12&#8243;<br \/>\nPa\u00eds: Spain<br \/>\nPublicado: 2001<br \/>\nG\u00e9nero: Electronic<br \/>\nEstilo: Hardcore<\/p>\n<p>Lista de pistas<br \/>\nA The First Rebirth 6:33<br \/>\nB Adrenaline Level 6:00<\/p>\n<p>Notas<br \/>\nSubforce Terrorist are Tommy M., Dj David Garcia &amp; Halvor.<br \/>\nRemix of theme A1: written by Sels Stephenson.<br \/>\nTheme B1: original idea by Tommy M.&amp; Halvor<br \/>\nProduced, recorded &amp; remixed by Tommy Molina &amp; Oscar Molina in Tommy M &amp; Halvor Lab<\/p>\n<p>Thanks: &#8220;Dedicado muy especialmente a todas aquellas personas que, con paciencia, dedicaci\u00f3n y mucho apoyo me han ense\u00f1ado a entender la musica de otra manera. Gracias a Ruben M., Toni C.,P. y Neil Sol\u00e9; gracias a los que cada semana asist\u00eds a Scorpia.&#8221; Tommy<\/p>\n<p>&#8220;Dedicado de todo corazon a la feliz familia de Karachi.&#8221; Dj David<\/p>\n<p>C\u00f3digo de barras y otros identificadores<br \/>\nBarcode: 8 430899 140167<br \/>\nOther (Dep\u00f3sito Legal): B-15510-2001<br \/>\nOther (Rights Societies): B I E M S.G.A.E.<\/p>","protected":false},"excerpt":{"rendered":"<p><strong><img decoding=\"async\" class=\"alignnone wp-image-3948\" src=\"https:\/\/www.hardmusic.es\/wp-content\/uploads\/2020\/01\/HARD-TRAXX-512-X-512-PX-300x300.jpg\" alt=\"\" width=\"49\" height=\"49\" srcset=\"https:\/\/www.hardmusic.es\/wp-content\/uploads\/2020\/01\/HARD-TRAXX-512-X-512-PX-300x300.jpg 300w, https:\/\/www.hardmusic.es\/wp-content\/uploads\/2020\/01\/HARD-TRAXX-512-X-512-PX-100x100.jpg 100w, https:\/\/www.hardmusic.es\/wp-content\/uploads\/2020\/01\/HARD-TRAXX-512-X-512-PX.jpg 512w\" sizes=\"(max-width: 49px) 100vw, 49px\" \/><\/strong><\/p>\n<p><strong><i class=\"fas fa-compact-disc\"><\/i> Estado del vinilo:<\/strong> VG: Muy Bueno<br \/>\n<strong><i class=\"fas fa-square-full\"><\/i> Estado de la funda:<\/strong> G+: Buena +<br \/>\n<strong><i class=\"fas fa-edit\"><\/i> Notas:<\/strong> Pegatina en portada<\/p>\n<div class=\"wp-playlist wp-audio-playlist wp-playlist-light\">\n<div class=\"wp-playlist-current-item\"><\/div>\n<p>\t\t<audio controls=\"controls\" preload=\"none\" width=\"640\"\n\t\t\t><\/audio><\/p>\n<div class=\"wp-playlist-next\"><\/div>\n<div class=\"wp-playlist-prev\"><\/div>\n<p>\t<noscript><\/p>\n<ol>\n<li><a href='https:\/\/www.hardmusic.es\/wp-content\/uploads\/2021\/09\/The-Subforce-Terrorists-Adrenaline-Level-1.mp3'>The Subforce Terrorists &#8211; Adrenaline Level<\/a><\/li>\n<li><a href='https:\/\/www.hardmusic.es\/wp-content\/uploads\/2021\/09\/The-Subforce-Terrorists-The-first-rebirth-Tommy-M-Halvor-Hardcore-RMX-1.mp3'>The Subforce Terrorists &#8211; The first rebirth (Tommy M &#038; Halvor Hardcore RMX)<\/a><\/li>\n<\/ol>\n<p>\t<\/noscript><br \/>\n\t<script type=\"application\/json\" class=\"wp-playlist-script\">{\"type\":\"audio\",\"tracklist\":true,\"tracknumbers\":true,\"images\":true,\"artists\":true,\"tracks\":[{\"src\":\"https:\/\/www.hardmusic.es\/wp-content\/uploads\/2021\/09\/The-Subforce-Terrorists-Adrenaline-Level-1.mp3\",\"type\":\"audio\/mpeg\",\"title\":\"The Subforce Terrorists - Adrenaline Level\",\"caption\":\"\",\"description\":\"\\u00abThe Subforce Terrorists - Adrenaline Level\\u00bb.\",\"meta\":{\"length_formatted\":\"6:01\"},\"image\":{\"src\":\"https:\/\/www.hardmusic.es\/wp-includes\/images\/media\/audio.svg\",\"width\":48,\"height\":64},\"thumb\":{\"src\":\"https:\/\/www.hardmusic.es\/wp-includes\/images\/media\/audio.svg\",\"width\":48,\"height\":64}},{\"src\":\"https:\/\/www.hardmusic.es\/wp-content\/uploads\/2021\/09\/The-Subforce-Terrorists-The-first-rebirth-Tommy-M-Halvor-Hardcore-RMX-1.mp3\",\"type\":\"audio\/mpeg\",\"title\":\"The Subforce Terrorists - The first rebirth (Tommy M &#038; Halvor Hardcore RMX)\",\"caption\":\"\",\"description\":\"\\u00abThe Subforce Terrorists - The first rebirth (Tommy M &#038; Halvor Hardcore RMX)\\u00bb.\",\"meta\":{\"length_formatted\":\"6:40\"},\"image\":{\"src\":\"https:\/\/www.hardmusic.es\/wp-includes\/images\/media\/audio.svg\",\"width\":48,\"height\":64},\"thumb\":{\"src\":\"https:\/\/www.hardmusic.es\/wp-includes\/images\/media\/audio.svg\",\"width\":48,\"height\":64}}]}<\/script>\n<\/div>\n","protected":false},"featured_media":7493,"comment_status":"open","ping_status":"closed","template":"","meta":{"_monsterinsights_skip_tracking":false,"_monsterinsights_sitenote_active":false,"_monsterinsights_sitenote_note":"","_monsterinsights_sitenote_category":0},"product_brand":[],"product_cat":[15,1024,157,158],"product_tag":[1136,420,941,1134,193,701,599,238,408,1133,1132,241,161,426,1005,1135],"class_list":{"0":"post-7490","1":"product","2":"type-product","3":"status-publish","4":"has-post-thumbnail","6":"product_cat-todos-los-vinilos-hard-music","7":"product_cat-sello-hard-traxx-hardcore","8":"product_cat-novedades-vinilos-hard-dance","9":"product_cat-vinilos-en-oferta","10":"product_tag-adrenaline-level","11":"product_tag-hard-music","12":"product_tag-hard-traxx","13":"product_tag-hard-traxx--xx4016mx","14":"product_tag-hardcore","15":"product_tag-oferta","16":"product_tag-oferta-vinilo","17":"product_tag-ofertas","18":"product_tag-ofertas-vinilos","19":"product_tag-subforce-terrorist","20":"product_tag-the-first-rebirth","21":"product_tag-vinilo","22":"product_tag-vinilos","23":"product_tag-vinyl","24":"product_tag-vinyls","25":"product_tag-xx4016mx","27":"first","28":"instock","29":"sale","30":"shipping-taxable","31":"purchasable","32":"product-type-simple"},"yoast_head":"<!-- This site is optimized with the Yoast SEO Premium plugin v15.6.2 - https:\/\/yoast.com\/wordpress\/plugins\/seo\/ -->\n<title>Subforce Terrorist \u200e\u2013 The First Rebirth - HARDMUSIC.ES<\/title>\n<meta name=\"robots\" content=\"index, follow, max-snippet:-1, max-image-preview:large, max-video-preview:-1\" \/>\n<link rel=\"canonical\" href=\"https:\/\/www.hardmusic.es\/en\/product\/vinilo-subfrce-terrorist-the-first-rebirth\/\" \/>\n<meta property=\"og:locale\" content=\"en_GB\" \/>\n<meta property=\"og:type\" content=\"article\" \/>\n<meta property=\"og:title\" content=\"Subforce Terrorist \u200e\u2013 The First Rebirth - HARDMUSIC.ES\" \/>\n<meta property=\"og:description\" content=\"Estado del vinilo: VG: Muy Bueno  Estado de la funda: G+: Buena +  Notas: Pegatina en portada\" \/>\n<meta property=\"og:url\" content=\"https:\/\/www.hardmusic.es\/en\/product\/vinilo-subfrce-terrorist-the-first-rebirth\/\" \/>\n<meta property=\"og:site_name\" content=\"HARDMUSIC.ES\" \/>\n<meta property=\"article:modified_time\" content=\"2023-12-14T01:43:48+00:00\" \/>\n<meta property=\"og:image\" content=\"https:\/\/www.hardmusic.es\/wp-content\/uploads\/2021\/09\/Subforce-Terrorist-\u200e\u2013-The-First-Rebirth.jpg\" \/>\n\t<meta property=\"og:image:width\" content=\"315\" \/>\n\t<meta property=\"og:image:height\" content=\"316\" \/>\n<meta name=\"twitter:card\" content=\"summary_large_image\" \/>\n<meta name=\"twitter:label1\" content=\"Estimated reading time\">\n\t<meta name=\"twitter:data1\" content=\"1 minute\">\n<script type=\"application\/ld+json\" class=\"yoast-schema-graph\">{\"@context\":\"https:\/\/schema.org\",\"@graph\":[{\"@type\":\"WebSite\",\"@id\":\"https:\/\/www.hardmusic.es\/#website\",\"url\":\"https:\/\/www.hardmusic.es\/\",\"name\":\"HARDMUSIC.ES\",\"description\":\"Tienda Online y Marketplace de Vinilos Hard &amp; Dance\",\"potentialAction\":[{\"@type\":\"SearchAction\",\"target\":\"https:\/\/www.hardmusic.es\/?s={search_term_string}\",\"query-input\":\"required name=search_term_string\"}],\"inLanguage\":\"en-GB\"},{\"@type\":\"ImageObject\",\"@id\":\"https:\/\/www.hardmusic.es\/producto\/vinilo-subfrce-terrorist-the-first-rebirth\/#primaryimage\",\"inLanguage\":\"en-GB\",\"url\":\"https:\/\/www.hardmusic.es\/wp-content\/uploads\/2021\/09\/Subforce-Terrorist-\\u200e\\u2013-The-First-Rebirth.jpg\",\"width\":315,\"height\":316},{\"@type\":\"WebPage\",\"@id\":\"https:\/\/www.hardmusic.es\/producto\/vinilo-subfrce-terrorist-the-first-rebirth\/#webpage\",\"url\":\"https:\/\/www.hardmusic.es\/producto\/vinilo-subfrce-terrorist-the-first-rebirth\/\",\"name\":\"Subforce Terrorist \\u200e\\u2013 The First Rebirth - HARDMUSIC.ES\",\"isPartOf\":{\"@id\":\"https:\/\/www.hardmusic.es\/#website\"},\"primaryImageOfPage\":{\"@id\":\"https:\/\/www.hardmusic.es\/producto\/vinilo-subfrce-terrorist-the-first-rebirth\/#primaryimage\"},\"datePublished\":\"2021-09-29T14:25:05+00:00\",\"dateModified\":\"2023-12-14T01:43:48+00:00\",\"inLanguage\":\"en-GB\",\"potentialAction\":[{\"@type\":\"ReadAction\",\"target\":[\"https:\/\/www.hardmusic.es\/producto\/vinilo-subfrce-terrorist-the-first-rebirth\/\"]}]}]}<\/script>\n<!-- \/ Yoast SEO Premium plugin. -->","_links":{"self":[{"href":"https:\/\/www.hardmusic.es\/en\/wp-json\/wp\/v2\/product\/7490","targetHints":{"allow":["GET"]}}],"collection":[{"href":"https:\/\/www.hardmusic.es\/en\/wp-json\/wp\/v2\/product"}],"about":[{"href":"https:\/\/www.hardmusic.es\/en\/wp-json\/wp\/v2\/types\/product"}],"replies":[{"embeddable":true,"href":"https:\/\/www.hardmusic.es\/en\/wp-json\/wp\/v2\/comments?post=7490"}],"wp:featuredmedia":[{"embeddable":true,"href":"https:\/\/www.hardmusic.es\/en\/wp-json\/wp\/v2\/media\/7493"}],"wp:attachment":[{"href":"https:\/\/www.hardmusic.es\/en\/wp-json\/wp\/v2\/media?parent=7490"}],"wp:term":[{"taxonomy":"product_brand","embeddable":true,"href":"https:\/\/www.hardmusic.es\/en\/wp-json\/wp\/v2\/product_brand?post=7490"},{"taxonomy":"product_cat","embeddable":true,"href":"https:\/\/www.hardmusic.es\/en\/wp-json\/wp\/v2\/product_cat?post=7490"},{"taxonomy":"product_tag","embeddable":true,"href":"https:\/\/www.hardmusic.es\/en\/wp-json\/wp\/v2\/product_tag?post=7490"}],"curies":[{"name":"wp","href":"https:\/\/api.w.org\/{rel}","templated":true}]}}