{"id":9478,"date":"2022-03-14T13:42:01","date_gmt":"2022-03-14T12:42:01","guid":{"rendered":"https:\/\/www.hardmusic.es\/?post_type=product&#038;p=9478"},"modified":"2023-12-14T00:24:07","modified_gmt":"2023-12-13T23:24:07","slug":"polaris-looking-for-the-best","status":"publish","type":"product","link":"https:\/\/www.hardmusic.es\/en\/product\/polaris-looking-for-the-best\/","title":{"rendered":"Polaris \u200e\u2013 Looking For The Best"},"content":{"rendered":"<p><strong>Polaris \u200e\u2013 Looking For The Best<\/strong><br \/>\nSello: Central Rock Records \u200e\u2013 CRMX 59, Bit Music \u200e\u2013 72514<br \/>\nFormato: Vinyl, 12&#8243;, 45 RPM, 33 \u2153 RPM<br \/>\nPa\u00eds: Spain<br \/>\nPublicado: 17 Jul 2005<br \/>\nG\u00e9nero: Electronic<br \/>\nEstilo: Happy Hardcore<\/p>\n<p>Lista de pistas<br \/>\nA Looking For The Best<br \/>\nB1 Crashing<br \/>\nB2 Looking For The Best (Speed Mix)<\/p>\n<p>Cr\u00e9ditos<br \/>\nProducer, Mixed By \u2013 DJ Juanma<br \/>\nWritten-By \u2013 Jos\u00e9 Antonio Rodr\u00edguez (2), Juan Manuel Almi\u00f1ana<\/p>\n<p>Notas<br \/>\nProduced and mixed in Desolation Studio.<\/p>\n<p>A side 45 RPM.<br \/>\nB side 33 RPM.<br \/>\nC\u00f3digo de barras y otros identificadores<\/p>\n<p>Dep\u00f3sito Legal: B\/22461\/05<br \/>\nRights Society: SGAE<br \/>\nBarcode: 8423646725144<\/p>","protected":false},"excerpt":{"rendered":"<p><img decoding=\"async\" class=\"alignnone  wp-image-9014\" src=\"https:\/\/www.hardmusic.es\/wp-content\/uploads\/2022\/01\/CENTRAL-ROCK-RECORDS-512-X-512-PX-4-300x300.jpg\" alt=\"\" width=\"50\" height=\"50\" srcset=\"https:\/\/www.hardmusic.es\/wp-content\/uploads\/2022\/01\/CENTRAL-ROCK-RECORDS-512-X-512-PX-4-300x300.jpg 300w, https:\/\/www.hardmusic.es\/wp-content\/uploads\/2022\/01\/CENTRAL-ROCK-RECORDS-512-X-512-PX-4-100x100.jpg 100w, https:\/\/www.hardmusic.es\/wp-content\/uploads\/2022\/01\/CENTRAL-ROCK-RECORDS-512-X-512-PX-4-12x12.jpg 12w, https:\/\/www.hardmusic.es\/wp-content\/uploads\/2022\/01\/CENTRAL-ROCK-RECORDS-512-X-512-PX-4-24x24.jpg 24w, https:\/\/www.hardmusic.es\/wp-content\/uploads\/2022\/01\/CENTRAL-ROCK-RECORDS-512-X-512-PX-4-36x36.jpg 36w, https:\/\/www.hardmusic.es\/wp-content\/uploads\/2022\/01\/CENTRAL-ROCK-RECORDS-512-X-512-PX-4-48x48.jpg 48w, https:\/\/www.hardmusic.es\/wp-content\/uploads\/2022\/01\/CENTRAL-ROCK-RECORDS-512-X-512-PX-4.jpg 512w\" sizes=\"(max-width: 50px) 100vw, 50px\" \/><\/p>\n<p><strong><i class=\"fas fa-compact-disc\"><\/i> Estado del vinilo:<\/strong> VG+: Muy Bueno +<br \/>\n<strong><i class=\"fas fa-square-full\"><\/i> Estado de la funda:<\/strong> VG: Muy Buena<br \/>\n<strong><i class=\"fas fa-edit\"><\/i> Notas:<\/strong> Portada reforzada con celo y pegatina, vinilo en buen estado.<\/p>\n<div class=\"wp-playlist wp-audio-playlist wp-playlist-light\">\n<div class=\"wp-playlist-current-item\"><\/div>\n<p>\t\t<audio controls=\"controls\" preload=\"none\" width=\"640\"\n\t\t\t><\/audio><\/p>\n<div class=\"wp-playlist-next\"><\/div>\n<div class=\"wp-playlist-prev\"><\/div>\n<p>\t<noscript><\/p>\n<ol>\n<li><a href='https:\/\/www.hardmusic.es\/wp-content\/uploads\/2022\/03\/Polaris-Looking-For-The-Best-2005.mp3'>Polaris &#8211; Looking For The Best (2005)<\/a><\/li>\n<li><a href='https:\/\/www.hardmusic.es\/wp-content\/uploads\/2022\/03\/Polaris-Crashing-2005.mp3'>Polaris &#8211; Crashing &#8211; 2005<\/a><\/li>\n<li><a href='https:\/\/www.hardmusic.es\/wp-content\/uploads\/2022\/03\/Polaris-Looking-For-The-Best-Speed-Mix-2005.mp3'>Polaris &#8211; Looking For The Best (Speed Mix) &#8211; 2005<\/a><\/li>\n<\/ol>\n<p>\t<\/noscript><br \/>\n\t<script type=\"application\/json\" class=\"wp-playlist-script\">{\"type\":\"audio\",\"tracklist\":true,\"tracknumbers\":true,\"images\":true,\"artists\":true,\"tracks\":[{\"src\":\"https:\/\/www.hardmusic.es\/wp-content\/uploads\/2022\/03\/Polaris-Looking-For-The-Best-2005.mp3\",\"type\":\"audio\/mpeg\",\"title\":\"Polaris - Looking For The Best (2005)\",\"caption\":\"\",\"description\":\"\\u00abPolaris - Looking For The Best (2005)\\u00bb.\",\"meta\":{\"length_formatted\":\"5:43\"},\"image\":{\"src\":\"https:\/\/www.hardmusic.es\/wp-includes\/images\/media\/audio.svg\",\"width\":48,\"height\":64},\"thumb\":{\"src\":\"https:\/\/www.hardmusic.es\/wp-includes\/images\/media\/audio.svg\",\"width\":48,\"height\":64}},{\"src\":\"https:\/\/www.hardmusic.es\/wp-content\/uploads\/2022\/03\/Polaris-Crashing-2005.mp3\",\"type\":\"audio\/mpeg\",\"title\":\"Polaris - Crashing - 2005\",\"caption\":\"\",\"description\":\"\\u00abPolaris - Crashing - 2005\\u00bb.\",\"meta\":{\"length_formatted\":\"5:16\"},\"image\":{\"src\":\"https:\/\/www.hardmusic.es\/wp-includes\/images\/media\/audio.svg\",\"width\":48,\"height\":64},\"thumb\":{\"src\":\"https:\/\/www.hardmusic.es\/wp-includes\/images\/media\/audio.svg\",\"width\":48,\"height\":64}},{\"src\":\"https:\/\/www.hardmusic.es\/wp-content\/uploads\/2022\/03\/Polaris-Looking-For-The-Best-Speed-Mix-2005.mp3\",\"type\":\"audio\/mpeg\",\"title\":\"Polaris - Looking For The Best (Speed Mix) - 2005\",\"caption\":\"\",\"description\":\"\\u00abPolaris - Looking For The Best (Speed Mix) - 2005\\u00bb.\",\"meta\":{\"length_formatted\":\"5:41\"},\"image\":{\"src\":\"https:\/\/www.hardmusic.es\/wp-includes\/images\/media\/audio.svg\",\"width\":48,\"height\":64},\"thumb\":{\"src\":\"https:\/\/www.hardmusic.es\/wp-includes\/images\/media\/audio.svg\",\"width\":48,\"height\":64}}]}<\/script>\n<\/div>\n","protected":false},"featured_media":9482,"comment_status":"open","ping_status":"closed","template":"","meta":{"_monsterinsights_skip_tracking":false,"_monsterinsights_sitenote_active":false,"_monsterinsights_sitenote_note":"","_monsterinsights_sitenote_category":0},"product_brand":[],"product_cat":[1561,153,15,157,158,2171],"product_tag":[190,841,295,1690,1688,1691,189,290,420,1687,1689,230,238,368,1686],"class_list":{"0":"post-9478","1":"product","2":"type-product","3":"status-publish","4":"has-post-thumbnail","6":"product_cat-sello-central-rock-records-dance","7":"product_cat-vinilos-dance","8":"product_cat-todos-los-vinilos-hard-music","9":"product_cat-novedades-vinilos-hard-dance","10":"product_cat-vinilos-en-oferta","11":"product_cat-vinilos-muy-buscados","12":"product_tag-cantaditas","13":"product_tag-central-rock","14":"product_tag-central-rock-records","15":"product_tag-central-rock-records-crmx-59","16":"product_tag-crashing","17":"product_tag-crmx-59","18":"product_tag-dance","19":"product_tag-eurodance","20":"product_tag-hard-music","21":"product_tag-looking-for-the-best","22":"product_tag-looking-for-the-best-speed-mix","23":"product_tag-novedades","24":"product_tag-ofertas","25":"product_tag-polaris","26":"product_tag-polaris-looking-for-the-best","28":"first","29":"outofstock","30":"sale","31":"shipping-taxable","32":"purchasable","33":"product-type-simple"},"yoast_head":"<!-- This site is optimized with the Yoast SEO Premium plugin v15.6.2 - https:\/\/yoast.com\/wordpress\/plugins\/seo\/ -->\n<title>Polaris \u200e\u2013 Looking For The Best - HARDMUSIC.ES<\/title>\n<meta name=\"robots\" content=\"index, follow, max-snippet:-1, max-image-preview:large, max-video-preview:-1\" \/>\n<link rel=\"canonical\" href=\"https:\/\/www.hardmusic.es\/en\/product\/polaris-looking-for-the-best\/\" \/>\n<meta property=\"og:locale\" content=\"en_GB\" \/>\n<meta property=\"og:type\" content=\"article\" \/>\n<meta property=\"og:title\" content=\"Polaris \u200e\u2013 Looking For The Best - HARDMUSIC.ES\" \/>\n<meta property=\"og:description\" content=\"Estado del vinilo: VG+: Muy Bueno +  Estado de la funda: VG: Muy Buena  Notas: Portada reforzada con celo y pegatina, vinilo en buen estado.\" \/>\n<meta property=\"og:url\" content=\"https:\/\/www.hardmusic.es\/en\/product\/polaris-looking-for-the-best\/\" \/>\n<meta property=\"og:site_name\" content=\"HARDMUSIC.ES\" \/>\n<meta property=\"article:modified_time\" content=\"2023-12-13T23:24:07+00:00\" \/>\n<meta property=\"og:image\" content=\"https:\/\/www.hardmusic.es\/wp-content\/uploads\/2022\/03\/Polaris-\u200e\u2013-Looking-For-The-Best.jpg\" \/>\n\t<meta property=\"og:image:width\" content=\"600\" \/>\n\t<meta property=\"og:image:height\" content=\"612\" \/>\n<meta name=\"twitter:card\" content=\"summary_large_image\" \/>\n<meta name=\"twitter:label1\" content=\"Estimated reading time\">\n\t<meta name=\"twitter:data1\" content=\"1 minute\">\n<script type=\"application\/ld+json\" class=\"yoast-schema-graph\">{\"@context\":\"https:\/\/schema.org\",\"@graph\":[{\"@type\":\"WebSite\",\"@id\":\"https:\/\/www.hardmusic.es\/#website\",\"url\":\"https:\/\/www.hardmusic.es\/\",\"name\":\"HARDMUSIC.ES\",\"description\":\"Tienda Online y Marketplace de Vinilos Hard &amp; Dance\",\"potentialAction\":[{\"@type\":\"SearchAction\",\"target\":\"https:\/\/www.hardmusic.es\/?s={search_term_string}\",\"query-input\":\"required name=search_term_string\"}],\"inLanguage\":\"en-GB\"},{\"@type\":\"ImageObject\",\"@id\":\"https:\/\/www.hardmusic.es\/producto\/polaris-looking-for-the-best\/#primaryimage\",\"inLanguage\":\"en-GB\",\"url\":\"https:\/\/www.hardmusic.es\/wp-content\/uploads\/2022\/03\/Polaris-\\u200e\\u2013-Looking-For-The-Best.jpg\",\"width\":600,\"height\":612},{\"@type\":\"WebPage\",\"@id\":\"https:\/\/www.hardmusic.es\/producto\/polaris-looking-for-the-best\/#webpage\",\"url\":\"https:\/\/www.hardmusic.es\/producto\/polaris-looking-for-the-best\/\",\"name\":\"Polaris \\u200e\\u2013 Looking For The Best - HARDMUSIC.ES\",\"isPartOf\":{\"@id\":\"https:\/\/www.hardmusic.es\/#website\"},\"primaryImageOfPage\":{\"@id\":\"https:\/\/www.hardmusic.es\/producto\/polaris-looking-for-the-best\/#primaryimage\"},\"datePublished\":\"2022-03-14T12:42:01+00:00\",\"dateModified\":\"2023-12-13T23:24:07+00:00\",\"inLanguage\":\"en-GB\",\"potentialAction\":[{\"@type\":\"ReadAction\",\"target\":[\"https:\/\/www.hardmusic.es\/producto\/polaris-looking-for-the-best\/\"]}]}]}<\/script>\n<!-- \/ Yoast SEO Premium plugin. -->","_links":{"self":[{"href":"https:\/\/www.hardmusic.es\/en\/wp-json\/wp\/v2\/product\/9478","targetHints":{"allow":["GET"]}}],"collection":[{"href":"https:\/\/www.hardmusic.es\/en\/wp-json\/wp\/v2\/product"}],"about":[{"href":"https:\/\/www.hardmusic.es\/en\/wp-json\/wp\/v2\/types\/product"}],"replies":[{"embeddable":true,"href":"https:\/\/www.hardmusic.es\/en\/wp-json\/wp\/v2\/comments?post=9478"}],"wp:featuredmedia":[{"embeddable":true,"href":"https:\/\/www.hardmusic.es\/en\/wp-json\/wp\/v2\/media\/9482"}],"wp:attachment":[{"href":"https:\/\/www.hardmusic.es\/en\/wp-json\/wp\/v2\/media?parent=9478"}],"wp:term":[{"taxonomy":"product_brand","embeddable":true,"href":"https:\/\/www.hardmusic.es\/en\/wp-json\/wp\/v2\/product_brand?post=9478"},{"taxonomy":"product_cat","embeddable":true,"href":"https:\/\/www.hardmusic.es\/en\/wp-json\/wp\/v2\/product_cat?post=9478"},{"taxonomy":"product_tag","embeddable":true,"href":"https:\/\/www.hardmusic.es\/en\/wp-json\/wp\/v2\/product_tag?post=9478"}],"curies":[{"name":"wp","href":"https:\/\/api.w.org\/{rel}","templated":true}]}}